{"id":1450,"date":"2024-08-07T06:17:06","date_gmt":"2024-08-07T06:17:06","guid":{"rendered":"https:\/\/www.modocu.com\/subprocessors\/"},"modified":"2024-09-11T08:19:05","modified_gmt":"2024-09-11T08:19:05","slug":"subprocessors","status":"publish","type":"page","link":"https:\/\/www.modocu.com\/cs\/subprocessors\/","title":{"rendered":"D\u00edl\u010d\u00ed zpracovatel\u00e9"},"content":{"rendered":"\n<h4 class=\"wp-block-heading\">Modocu Software GmbH pou\u017e\u00edv\u00e1 n\u00e1sleduj\u00edc\u00ed d\u00edl\u010d\u00ed zpracovatele<\/h4>\n\n\n\n<figure class=\"wp-block-table\"><table class=\"has-fixed-layout\"><thead><tr><th><strong>N\u00e1zev<\/strong><\/th><th><strong>M\u00edsto zpracov\u00e1n\u00ed dat<\/strong><\/th><th><strong>Slu\u017eby \/ \u00fa\u010del<\/strong><\/th><\/tr><\/thead><tbody><tr><td><a href=\"https:\/\/aws.amazon.com\/\">Amazon Web Services (AWS)<\/a><\/td><td>Frankfurt<\/td><td>Serverov\u00e1, aplika\u010dn\u00ed a s\u00ed\u0165ov\u00e1 infrastruktura pro poskytov\u00e1n\u00ed cloudov\u00fdch slu\u017eeb pro ukl\u00e1d\u00e1n\u00ed m\u00e9di\u00ed (fotografie, zvuky, koment\u00e1\u0159e, pozn\u00e1mky), ukl\u00e1d\u00e1n\u00ed projektov\u00fdch dat, projektov\u00fdch zpr\u00e1v, projektov\u00fdch kontakt\u016f, metadat m\u00e9di\u00ed do datab\u00e1z\u00ed.<\/td><\/tr><tr><td><a href=\"https:\/\/cloud.ionos.de\/\">IONOS SE<\/a><\/td><td>Frankfurt, Berlin<\/td><td>Z\u00e1lohov\u00e1n\u00ed\/zabezpe\u010den\u00ed m\u00e9di\u00ed a datab\u00e1zov\u00fdch dat<\/td><\/tr><tr><td><a href=\"https:\/\/microsoft.com\/\">Microsoft<\/a><\/td><td>Irsko<\/td><td>Z\u00edsk\u00e1n\u00ed ID aplikace pro jednotn\u00e9 p\u0159ihl\u00e1\u0161en\u00ed (SSO) pomoc\u00ed slu\u017eby Azure Active Directory<\/td><\/tr><tr><td><a href=\"https:\/\/zoho.eu\/\">Zoho.eu<\/a><\/td><td>Amsterdam, Dublin<\/td><td>EE-mail, CRM, intern\u00ed dokumenty<\/td><\/tr><tr><td><a href=\"https:\/\/atlassian.com\/\">Atlassian Pty Ltd.<\/a><\/td><td>Austr\u00e1lie<\/td><td>Bitbucket pro intern\u00ed dokumentaci, \u0159e\u0161en\u00ed probl\u00e9m\u016f a spr\u00e1vu verz\u00ed<\/td><\/tr><\/tbody><\/table><\/figure>\n\n\n\n<p>V\u0161echny servery, kter\u00e9 provozujeme u poskytovatel\u016f cloudov\u00fdch slu\u017eeb, jsou um\u00edst\u011bny v datov\u00fdch centrech v Evropsk\u00e9 unii.<\/p>\n","protected":false},"excerpt":{"rendered":"<p>Modocu Software GmbH pou\u017e\u00edv\u00e1 n\u00e1sleduj\u00edc\u00ed d\u00edl\u010d\u00ed zpracovatele N\u00e1zev M\u00edsto zpracov\u00e1n\u00ed dat Slu\u017eby \/ \u00fa\u010del Amazon Web Services (AWS) Frankfurt Serverov\u00e1, aplika\u010dn\u00ed a s\u00ed\u0165ov\u00e1 infrastruktura pro poskytov\u00e1n\u00ed cloudov\u00fdch slu\u017eeb pro ukl\u00e1d\u00e1n\u00ed m\u00e9di\u00ed (fotografie, zvuky, koment\u00e1\u0159e, pozn\u00e1mky), ukl\u00e1d\u00e1n\u00ed projektov\u00fdch dat, projektov\u00fdch zpr\u00e1v, projektov\u00fdch kontakt\u016f, metadat m\u00e9di\u00ed do datab\u00e1z\u00ed. IONOS SE Frankfurt, Berlin Z\u00e1lohov\u00e1n\u00ed\/zabezpe\u010den\u00ed m\u00e9di\u00ed a datab\u00e1zov\u00fdch dat &hellip; <a href=\"https:\/\/www.modocu.com\/cs\/subprocessors\/\">Continued<\/a><\/p>\n","protected":false},"author":1,"featured_media":0,"parent":0,"menu_order":0,"comment_status":"closed","ping_status":"closed","template":"","meta":{"_acf_changed":false,"footnotes":""},"class_list":["post-1450","page","type-page","status-publish","hentry"],"acf":[],"yoast_head":"<!-- This site is optimized with the Yoast SEO plugin v27.2 - https:\/\/yoast.com\/product\/yoast-seo-wordpress\/ -->\n<title>D\u00edl\u010d\u00ed zpracovatel\u00e9 - Modocu - Fotodokumentation f\u00fcr die Baustelle und vor Ort<\/title>\n<meta name=\"robots\" content=\"index, follow, max-snippet:-1, max-image-preview:large, max-video-preview:-1\" \/>\n<link rel=\"canonical\" href=\"https:\/\/www.modocu.com\/cs\/subprocessors\/\" \/>\n<meta property=\"og:locale\" content=\"cs_CZ\" \/>\n<meta property=\"og:type\" content=\"article\" \/>\n<meta property=\"og:title\" content=\"D\u00edl\u010d\u00ed zpracovatel\u00e9 - Modocu - Fotodokumentation f\u00fcr die Baustelle und vor Ort\" \/>\n<meta property=\"og:description\" content=\"Modocu Software GmbH pou\u017e\u00edv\u00e1 n\u00e1sleduj\u00edc\u00ed d\u00edl\u010d\u00ed zpracovatele N\u00e1zev M\u00edsto zpracov\u00e1n\u00ed dat Slu\u017eby \/ \u00fa\u010del Amazon Web Services (AWS) Frankfurt Serverov\u00e1, aplika\u010dn\u00ed a s\u00ed\u0165ov\u00e1 infrastruktura pro poskytov\u00e1n\u00ed cloudov\u00fdch slu\u017eeb pro ukl\u00e1d\u00e1n\u00ed m\u00e9di\u00ed (fotografie, zvuky, koment\u00e1\u0159e, pozn\u00e1mky), ukl\u00e1d\u00e1n\u00ed projektov\u00fdch dat, projektov\u00fdch zpr\u00e1v, projektov\u00fdch kontakt\u016f, metadat m\u00e9di\u00ed do datab\u00e1z\u00ed. IONOS SE Frankfurt, Berlin Z\u00e1lohov\u00e1n\u00ed\/zabezpe\u010den\u00ed m\u00e9di\u00ed a datab\u00e1zov\u00fdch dat &hellip; Continued\" \/>\n<meta property=\"og:url\" content=\"https:\/\/www.modocu.com\/cs\/subprocessors\/\" \/>\n<meta property=\"og:site_name\" content=\"Modocu - Fotodokumentation f\u00fcr die Baustelle und vor Ort\" \/>\n<meta property=\"article:publisher\" content=\"https:\/\/www.facebook.com\/modocusoft\/\" \/>\n<meta property=\"article:modified_time\" content=\"2024-09-11T08:19:05+00:00\" \/>\n<meta name=\"twitter:card\" content=\"summary_large_image\" \/>\n<meta name=\"twitter:label1\" content=\"Est. reading time\" \/>\n\t<meta name=\"twitter:data1\" content=\"1 minute\" \/>\n<script type=\"application\/ld+json\" class=\"yoast-schema-graph\">{\"@context\":\"https:\/\/schema.org\",\"@graph\":[{\"@type\":\"WebPage\",\"@id\":\"https:\/\/www.modocu.com\/cs\/subprocessors\/\",\"url\":\"https:\/\/www.modocu.com\/cs\/subprocessors\/\",\"name\":\"D\u00edl\u010d\u00ed zpracovatel\u00e9 - Modocu - Fotodokumentation f\u00fcr die Baustelle und vor Ort\",\"isPartOf\":{\"@id\":\"https:\/\/www.modocu.com\/#website\"},\"datePublished\":\"2024-08-07T06:17:06+00:00\",\"dateModified\":\"2024-09-11T08:19:05+00:00\",\"breadcrumb\":{\"@id\":\"https:\/\/www.modocu.com\/cs\/subprocessors\/#breadcrumb\"},\"inLanguage\":\"cs-CZ\",\"potentialAction\":[{\"@type\":\"ReadAction\",\"target\":[\"https:\/\/www.modocu.com\/cs\/subprocessors\/\"]}]},{\"@type\":\"BreadcrumbList\",\"@id\":\"https:\/\/www.modocu.com\/cs\/subprocessors\/#breadcrumb\",\"itemListElement\":[{\"@type\":\"ListItem\",\"position\":1,\"name\":\"Startseite\",\"item\":\"https:\/\/www.modocu.com\/cs\/\"},{\"@type\":\"ListItem\",\"position\":2,\"name\":\"D\u00edl\u010d\u00ed zpracovatel\u00e9\"}]},{\"@type\":\"WebSite\",\"@id\":\"https:\/\/www.modocu.com\/#website\",\"url\":\"https:\/\/www.modocu.com\/\",\"name\":\"Modocu - Fotodokumentation f\u00fcr die Baustelle und vor Ort\",\"description\":\"\",\"publisher\":{\"@id\":\"https:\/\/www.modocu.com\/#organization\"},\"potentialAction\":[{\"@type\":\"SearchAction\",\"target\":{\"@type\":\"EntryPoint\",\"urlTemplate\":\"https:\/\/www.modocu.com\/?s={search_term_string}\"},\"query-input\":{\"@type\":\"PropertyValueSpecification\",\"valueRequired\":true,\"valueName\":\"search_term_string\"}}],\"inLanguage\":\"cs-CZ\"},{\"@type\":\"Organization\",\"@id\":\"https:\/\/www.modocu.com\/#organization\",\"name\":\"Modocu - Fotodokumentation f\u00fcr die Baustelle und vor Ort\",\"url\":\"https:\/\/www.modocu.com\/\",\"logo\":{\"@type\":\"ImageObject\",\"inLanguage\":\"cs-CZ\",\"@id\":\"https:\/\/www.modocu.com\/#\/schema\/logo\/image\/\",\"url\":\"https:\/\/www.modocu.com\/app\/uploads\/2024\/08\/final-logo.svg\",\"contentUrl\":\"https:\/\/www.modocu.com\/app\/uploads\/2024\/08\/final-logo.svg\",\"width\":1,\"height\":1,\"caption\":\"Modocu - Fotodokumentation f\u00fcr die Baustelle und vor Ort\"},\"image\":{\"@id\":\"https:\/\/www.modocu.com\/#\/schema\/logo\/image\/\"},\"sameAs\":[\"https:\/\/www.facebook.com\/modocusoft\/\",\"https:\/\/www.linkedin.com\/company\/modocu\/\",\"https:\/\/www.instagram.com\/modocu_software\/\",\"https:\/\/www.youtube.com\/channel\/UCZ5Frx3PR0PoL4ep-M4ULSA\"]}]}<\/script>\n<!-- \/ Yoast SEO plugin. -->","yoast_head_json":{"title":"D\u00edl\u010d\u00ed zpracovatel\u00e9 - Modocu - Fotodokumentation f\u00fcr die Baustelle und vor Ort","robots":{"index":"index","follow":"follow","max-snippet":"max-snippet:-1","max-image-preview":"max-image-preview:large","max-video-preview":"max-video-preview:-1"},"canonical":"https:\/\/www.modocu.com\/cs\/subprocessors\/","og_locale":"cs_CZ","og_type":"article","og_title":"D\u00edl\u010d\u00ed zpracovatel\u00e9 - Modocu - Fotodokumentation f\u00fcr die Baustelle und vor Ort","og_description":"Modocu Software GmbH pou\u017e\u00edv\u00e1 n\u00e1sleduj\u00edc\u00ed d\u00edl\u010d\u00ed zpracovatele N\u00e1zev M\u00edsto zpracov\u00e1n\u00ed dat Slu\u017eby \/ \u00fa\u010del Amazon Web Services (AWS) Frankfurt Serverov\u00e1, aplika\u010dn\u00ed a s\u00ed\u0165ov\u00e1 infrastruktura pro poskytov\u00e1n\u00ed cloudov\u00fdch slu\u017eeb pro ukl\u00e1d\u00e1n\u00ed m\u00e9di\u00ed (fotografie, zvuky, koment\u00e1\u0159e, pozn\u00e1mky), ukl\u00e1d\u00e1n\u00ed projektov\u00fdch dat, projektov\u00fdch zpr\u00e1v, projektov\u00fdch kontakt\u016f, metadat m\u00e9di\u00ed do datab\u00e1z\u00ed. IONOS SE Frankfurt, Berlin Z\u00e1lohov\u00e1n\u00ed\/zabezpe\u010den\u00ed m\u00e9di\u00ed a datab\u00e1zov\u00fdch dat &hellip; Continued","og_url":"https:\/\/www.modocu.com\/cs\/subprocessors\/","og_site_name":"Modocu - Fotodokumentation f\u00fcr die Baustelle und vor Ort","article_publisher":"https:\/\/www.facebook.com\/modocusoft\/","article_modified_time":"2024-09-11T08:19:05+00:00","twitter_card":"summary_large_image","twitter_misc":{"Est. reading time":"1 minute"},"schema":{"@context":"https:\/\/schema.org","@graph":[{"@type":"WebPage","@id":"https:\/\/www.modocu.com\/cs\/subprocessors\/","url":"https:\/\/www.modocu.com\/cs\/subprocessors\/","name":"D\u00edl\u010d\u00ed zpracovatel\u00e9 - Modocu - Fotodokumentation f\u00fcr die Baustelle und vor Ort","isPartOf":{"@id":"https:\/\/www.modocu.com\/#website"},"datePublished":"2024-08-07T06:17:06+00:00","dateModified":"2024-09-11T08:19:05+00:00","breadcrumb":{"@id":"https:\/\/www.modocu.com\/cs\/subprocessors\/#breadcrumb"},"inLanguage":"cs-CZ","potentialAction":[{"@type":"ReadAction","target":["https:\/\/www.modocu.com\/cs\/subprocessors\/"]}]},{"@type":"BreadcrumbList","@id":"https:\/\/www.modocu.com\/cs\/subprocessors\/#breadcrumb","itemListElement":[{"@type":"ListItem","position":1,"name":"Startseite","item":"https:\/\/www.modocu.com\/cs\/"},{"@type":"ListItem","position":2,"name":"D\u00edl\u010d\u00ed zpracovatel\u00e9"}]},{"@type":"WebSite","@id":"https:\/\/www.modocu.com\/#website","url":"https:\/\/www.modocu.com\/","name":"Modocu - Fotodokumentation f\u00fcr die Baustelle und vor Ort","description":"","publisher":{"@id":"https:\/\/www.modocu.com\/#organization"},"potentialAction":[{"@type":"SearchAction","target":{"@type":"EntryPoint","urlTemplate":"https:\/\/www.modocu.com\/?s={search_term_string}"},"query-input":{"@type":"PropertyValueSpecification","valueRequired":true,"valueName":"search_term_string"}}],"inLanguage":"cs-CZ"},{"@type":"Organization","@id":"https:\/\/www.modocu.com\/#organization","name":"Modocu - Fotodokumentation f\u00fcr die Baustelle und vor Ort","url":"https:\/\/www.modocu.com\/","logo":{"@type":"ImageObject","inLanguage":"cs-CZ","@id":"https:\/\/www.modocu.com\/#\/schema\/logo\/image\/","url":"https:\/\/www.modocu.com\/app\/uploads\/2024\/08\/final-logo.svg","contentUrl":"https:\/\/www.modocu.com\/app\/uploads\/2024\/08\/final-logo.svg","width":1,"height":1,"caption":"Modocu - Fotodokumentation f\u00fcr die Baustelle und vor Ort"},"image":{"@id":"https:\/\/www.modocu.com\/#\/schema\/logo\/image\/"},"sameAs":["https:\/\/www.facebook.com\/modocusoft\/","https:\/\/www.linkedin.com\/company\/modocu\/","https:\/\/www.instagram.com\/modocu_software\/","https:\/\/www.youtube.com\/channel\/UCZ5Frx3PR0PoL4ep-M4ULSA"]}]}},"_links":{"self":[{"href":"https:\/\/www.modocu.com\/cs\/wp-json\/wp\/v2\/pages\/1450","targetHints":{"allow":["GET"]}}],"collection":[{"href":"https:\/\/www.modocu.com\/cs\/wp-json\/wp\/v2\/pages"}],"about":[{"href":"https:\/\/www.modocu.com\/cs\/wp-json\/wp\/v2\/types\/page"}],"author":[{"embeddable":true,"href":"https:\/\/www.modocu.com\/cs\/wp-json\/wp\/v2\/users\/1"}],"replies":[{"embeddable":true,"href":"https:\/\/www.modocu.com\/cs\/wp-json\/wp\/v2\/comments?post=1450"}],"version-history":[{"count":2,"href":"https:\/\/www.modocu.com\/cs\/wp-json\/wp\/v2\/pages\/1450\/revisions"}],"predecessor-version":[{"id":1460,"href":"https:\/\/www.modocu.com\/cs\/wp-json\/wp\/v2\/pages\/1450\/revisions\/1460"}],"wp:attachment":[{"href":"https:\/\/www.modocu.com\/cs\/wp-json\/wp\/v2\/media?parent=1450"}],"curies":[{"name":"wp","href":"https:\/\/api.w.org\/{rel}","templated":true}]}}