{"id":1465,"date":"2024-01-11T17:46:37","date_gmt":"2024-01-11T17:46:37","guid":{"rendered":"https:\/\/www.modocu.com\/handwerkerapp\/"},"modified":"2024-09-11T08:25:51","modified_gmt":"2024-09-11T08:25:51","slug":"aplikace-pro-remeslniky-stejne-dulezita-jako-vase-naradi","status":"publish","type":"page","link":"https:\/\/www.modocu.com\/cs\/aplikace-pro-remeslniky-stejne-dulezita-jako-vase-naradi\/","title":{"rendered":"Aplikace pro \u0159emesln\u00edky &#8211; stejn\u011b d\u016fle\u017eit\u00e1 jako va\u0161e n\u00e1\u0159ad\u00ed"},"content":{"rendered":"\n<p>Modocu je dokonal\u00e1 aplikace pro \u0159emesln\u00edky, kter\u00e1 v\u00e1m umo\u017en\u00ed snadno digitalizovat dokumentaci na staveni\u0161ti. Snadno digit\u00e1ln\u011b zachyt\u00edte v\u0161echny detaily na stavb\u011b, optimalizujete t\u00fdmovou spolupr\u00e1ci a zv\u00fd\u0161\u00edte efektivitu sv\u00fdch stavebn\u00edch projekt\u016f.<\/p>\n","protected":false},"excerpt":{"rendered":"<p>Modocu je dokonal\u00e1 aplikace pro \u0159emesln\u00edky, kter\u00e1 v\u00e1m umo\u017en\u00ed snadno digitalizovat dokumentaci na staveni\u0161ti. Snadno digit\u00e1ln\u011b zachyt\u00edte v\u0161echny detaily na stavb\u011b, optimalizujete t\u00fdmovou spolupr\u00e1ci a zv\u00fd\u0161\u00edte efektivitu sv\u00fdch stavebn\u00edch projekt\u016f.<\/p>\n","protected":false},"author":1,"featured_media":0,"parent":0,"menu_order":0,"comment_status":"closed","ping_status":"closed","template":"template-landingpage.blade.php","meta":{"_acf_changed":false,"footnotes":""},"class_list":["post-1465","page","type-page","status-publish","hentry"],"acf":[],"yoast_head":"<!-- This site is optimized with the Yoast SEO plugin v27.2 - https:\/\/yoast.com\/product\/yoast-seo-wordpress\/ -->\n<title>Aplikace pro \u0159emesln\u00edky - stejn\u011b d\u016fle\u017eit\u00e1 jako va\u0161e n\u00e1\u0159ad\u00ed - Modocu - Fotodokumentation f\u00fcr die Baustelle und vor Ort<\/title>\n<meta name=\"robots\" content=\"index, follow, max-snippet:-1, max-image-preview:large, max-video-preview:-1\" \/>\n<link rel=\"canonical\" href=\"https:\/\/www.modocu.com\/cs\/aplikace-pro-remeslniky-stejne-dulezita-jako-vase-naradi\/\" \/>\n<meta property=\"og:locale\" content=\"cs_CZ\" \/>\n<meta property=\"og:type\" content=\"article\" \/>\n<meta property=\"og:title\" content=\"Aplikace pro \u0159emesln\u00edky - stejn\u011b d\u016fle\u017eit\u00e1 jako va\u0161e n\u00e1\u0159ad\u00ed - Modocu - Fotodokumentation f\u00fcr die Baustelle und vor Ort\" \/>\n<meta property=\"og:description\" content=\"Modocu je dokonal\u00e1 aplikace pro \u0159emesln\u00edky, kter\u00e1 v\u00e1m umo\u017en\u00ed snadno digitalizovat dokumentaci na staveni\u0161ti. Snadno digit\u00e1ln\u011b zachyt\u00edte v\u0161echny detaily na stavb\u011b, optimalizujete t\u00fdmovou spolupr\u00e1ci a zv\u00fd\u0161\u00edte efektivitu sv\u00fdch stavebn\u00edch projekt\u016f.\" \/>\n<meta property=\"og:url\" content=\"https:\/\/www.modocu.com\/cs\/aplikace-pro-remeslniky-stejne-dulezita-jako-vase-naradi\/\" \/>\n<meta property=\"og:site_name\" content=\"Modocu - Fotodokumentation f\u00fcr die Baustelle und vor Ort\" \/>\n<meta property=\"article:publisher\" content=\"https:\/\/www.facebook.com\/modocusoft\/\" \/>\n<meta property=\"article:modified_time\" content=\"2024-09-11T08:25:51+00:00\" \/>\n<meta name=\"twitter:card\" content=\"summary_large_image\" \/>\n<meta name=\"twitter:label1\" content=\"Est. reading time\" \/>\n\t<meta name=\"twitter:data1\" content=\"1 minute\" \/>\n<script type=\"application\/ld+json\" class=\"yoast-schema-graph\">{\"@context\":\"https:\/\/schema.org\",\"@graph\":[{\"@type\":\"WebPage\",\"@id\":\"https:\/\/www.modocu.com\/cs\/aplikace-pro-remeslniky-stejne-dulezita-jako-vase-naradi\/\",\"url\":\"https:\/\/www.modocu.com\/cs\/aplikace-pro-remeslniky-stejne-dulezita-jako-vase-naradi\/\",\"name\":\"Aplikace pro \u0159emesln\u00edky - stejn\u011b d\u016fle\u017eit\u00e1 jako va\u0161e n\u00e1\u0159ad\u00ed - Modocu - Fotodokumentation f\u00fcr die Baustelle und vor Ort\",\"isPartOf\":{\"@id\":\"https:\/\/www.modocu.com\/#website\"},\"datePublished\":\"2024-01-11T17:46:37+00:00\",\"dateModified\":\"2024-09-11T08:25:51+00:00\",\"breadcrumb\":{\"@id\":\"https:\/\/www.modocu.com\/cs\/aplikace-pro-remeslniky-stejne-dulezita-jako-vase-naradi\/#breadcrumb\"},\"inLanguage\":\"cs-CZ\",\"potentialAction\":[{\"@type\":\"ReadAction\",\"target\":[\"https:\/\/www.modocu.com\/cs\/aplikace-pro-remeslniky-stejne-dulezita-jako-vase-naradi\/\"]}]},{\"@type\":\"BreadcrumbList\",\"@id\":\"https:\/\/www.modocu.com\/cs\/aplikace-pro-remeslniky-stejne-dulezita-jako-vase-naradi\/#breadcrumb\",\"itemListElement\":[{\"@type\":\"ListItem\",\"position\":1,\"name\":\"Startseite\",\"item\":\"https:\/\/www.modocu.com\/cs\/\"},{\"@type\":\"ListItem\",\"position\":2,\"name\":\"Aplikace pro \u0159emesln\u00edky &#8211; stejn\u011b d\u016fle\u017eit\u00e1 jako va\u0161e n\u00e1\u0159ad\u00ed\"}]},{\"@type\":\"WebSite\",\"@id\":\"https:\/\/www.modocu.com\/#website\",\"url\":\"https:\/\/www.modocu.com\/\",\"name\":\"Modocu - Fotodokumentation f\u00fcr die Baustelle und vor Ort\",\"description\":\"\",\"publisher\":{\"@id\":\"https:\/\/www.modocu.com\/#organization\"},\"potentialAction\":[{\"@type\":\"SearchAction\",\"target\":{\"@type\":\"EntryPoint\",\"urlTemplate\":\"https:\/\/www.modocu.com\/?s={search_term_string}\"},\"query-input\":{\"@type\":\"PropertyValueSpecification\",\"valueRequired\":true,\"valueName\":\"search_term_string\"}}],\"inLanguage\":\"cs-CZ\"},{\"@type\":\"Organization\",\"@id\":\"https:\/\/www.modocu.com\/#organization\",\"name\":\"Modocu - Fotodokumentation f\u00fcr die Baustelle und vor Ort\",\"url\":\"https:\/\/www.modocu.com\/\",\"logo\":{\"@type\":\"ImageObject\",\"inLanguage\":\"cs-CZ\",\"@id\":\"https:\/\/www.modocu.com\/#\/schema\/logo\/image\/\",\"url\":\"https:\/\/www.modocu.com\/app\/uploads\/2024\/08\/final-logo.svg\",\"contentUrl\":\"https:\/\/www.modocu.com\/app\/uploads\/2024\/08\/final-logo.svg\",\"width\":1,\"height\":1,\"caption\":\"Modocu - Fotodokumentation f\u00fcr die Baustelle und vor Ort\"},\"image\":{\"@id\":\"https:\/\/www.modocu.com\/#\/schema\/logo\/image\/\"},\"sameAs\":[\"https:\/\/www.facebook.com\/modocusoft\/\",\"https:\/\/www.linkedin.com\/company\/modocu\/\",\"https:\/\/www.instagram.com\/modocu_software\/\",\"https:\/\/www.youtube.com\/channel\/UCZ5Frx3PR0PoL4ep-M4ULSA\"]}]}<\/script>\n<!-- \/ Yoast SEO plugin. -->","yoast_head_json":{"title":"Aplikace pro \u0159emesln\u00edky - stejn\u011b d\u016fle\u017eit\u00e1 jako va\u0161e n\u00e1\u0159ad\u00ed - Modocu - Fotodokumentation f\u00fcr die Baustelle und vor Ort","robots":{"index":"index","follow":"follow","max-snippet":"max-snippet:-1","max-image-preview":"max-image-preview:large","max-video-preview":"max-video-preview:-1"},"canonical":"https:\/\/www.modocu.com\/cs\/aplikace-pro-remeslniky-stejne-dulezita-jako-vase-naradi\/","og_locale":"cs_CZ","og_type":"article","og_title":"Aplikace pro \u0159emesln\u00edky - stejn\u011b d\u016fle\u017eit\u00e1 jako va\u0161e n\u00e1\u0159ad\u00ed - Modocu - Fotodokumentation f\u00fcr die Baustelle und vor Ort","og_description":"Modocu je dokonal\u00e1 aplikace pro \u0159emesln\u00edky, kter\u00e1 v\u00e1m umo\u017en\u00ed snadno digitalizovat dokumentaci na staveni\u0161ti. Snadno digit\u00e1ln\u011b zachyt\u00edte v\u0161echny detaily na stavb\u011b, optimalizujete t\u00fdmovou spolupr\u00e1ci a zv\u00fd\u0161\u00edte efektivitu sv\u00fdch stavebn\u00edch projekt\u016f.","og_url":"https:\/\/www.modocu.com\/cs\/aplikace-pro-remeslniky-stejne-dulezita-jako-vase-naradi\/","og_site_name":"Modocu - Fotodokumentation f\u00fcr die Baustelle und vor Ort","article_publisher":"https:\/\/www.facebook.com\/modocusoft\/","article_modified_time":"2024-09-11T08:25:51+00:00","twitter_card":"summary_large_image","twitter_misc":{"Est. reading time":"1 minute"},"schema":{"@context":"https:\/\/schema.org","@graph":[{"@type":"WebPage","@id":"https:\/\/www.modocu.com\/cs\/aplikace-pro-remeslniky-stejne-dulezita-jako-vase-naradi\/","url":"https:\/\/www.modocu.com\/cs\/aplikace-pro-remeslniky-stejne-dulezita-jako-vase-naradi\/","name":"Aplikace pro \u0159emesln\u00edky - stejn\u011b d\u016fle\u017eit\u00e1 jako va\u0161e n\u00e1\u0159ad\u00ed - Modocu - Fotodokumentation f\u00fcr die Baustelle und vor Ort","isPartOf":{"@id":"https:\/\/www.modocu.com\/#website"},"datePublished":"2024-01-11T17:46:37+00:00","dateModified":"2024-09-11T08:25:51+00:00","breadcrumb":{"@id":"https:\/\/www.modocu.com\/cs\/aplikace-pro-remeslniky-stejne-dulezita-jako-vase-naradi\/#breadcrumb"},"inLanguage":"cs-CZ","potentialAction":[{"@type":"ReadAction","target":["https:\/\/www.modocu.com\/cs\/aplikace-pro-remeslniky-stejne-dulezita-jako-vase-naradi\/"]}]},{"@type":"BreadcrumbList","@id":"https:\/\/www.modocu.com\/cs\/aplikace-pro-remeslniky-stejne-dulezita-jako-vase-naradi\/#breadcrumb","itemListElement":[{"@type":"ListItem","position":1,"name":"Startseite","item":"https:\/\/www.modocu.com\/cs\/"},{"@type":"ListItem","position":2,"name":"Aplikace pro \u0159emesln\u00edky &#8211; stejn\u011b d\u016fle\u017eit\u00e1 jako va\u0161e n\u00e1\u0159ad\u00ed"}]},{"@type":"WebSite","@id":"https:\/\/www.modocu.com\/#website","url":"https:\/\/www.modocu.com\/","name":"Modocu - Fotodokumentation f\u00fcr die Baustelle und vor Ort","description":"","publisher":{"@id":"https:\/\/www.modocu.com\/#organization"},"potentialAction":[{"@type":"SearchAction","target":{"@type":"EntryPoint","urlTemplate":"https:\/\/www.modocu.com\/?s={search_term_string}"},"query-input":{"@type":"PropertyValueSpecification","valueRequired":true,"valueName":"search_term_string"}}],"inLanguage":"cs-CZ"},{"@type":"Organization","@id":"https:\/\/www.modocu.com\/#organization","name":"Modocu - Fotodokumentation f\u00fcr die Baustelle und vor Ort","url":"https:\/\/www.modocu.com\/","logo":{"@type":"ImageObject","inLanguage":"cs-CZ","@id":"https:\/\/www.modocu.com\/#\/schema\/logo\/image\/","url":"https:\/\/www.modocu.com\/app\/uploads\/2024\/08\/final-logo.svg","contentUrl":"https:\/\/www.modocu.com\/app\/uploads\/2024\/08\/final-logo.svg","width":1,"height":1,"caption":"Modocu - Fotodokumentation f\u00fcr die Baustelle und vor Ort"},"image":{"@id":"https:\/\/www.modocu.com\/#\/schema\/logo\/image\/"},"sameAs":["https:\/\/www.facebook.com\/modocusoft\/","https:\/\/www.linkedin.com\/company\/modocu\/","https:\/\/www.instagram.com\/modocu_software\/","https:\/\/www.youtube.com\/channel\/UCZ5Frx3PR0PoL4ep-M4ULSA"]}]}},"_links":{"self":[{"href":"https:\/\/www.modocu.com\/cs\/wp-json\/wp\/v2\/pages\/1465","targetHints":{"allow":["GET"]}}],"collection":[{"href":"https:\/\/www.modocu.com\/cs\/wp-json\/wp\/v2\/pages"}],"about":[{"href":"https:\/\/www.modocu.com\/cs\/wp-json\/wp\/v2\/types\/page"}],"author":[{"embeddable":true,"href":"https:\/\/www.modocu.com\/cs\/wp-json\/wp\/v2\/users\/1"}],"replies":[{"embeddable":true,"href":"https:\/\/www.modocu.com\/cs\/wp-json\/wp\/v2\/comments?post=1465"}],"version-history":[{"count":1,"href":"https:\/\/www.modocu.com\/cs\/wp-json\/wp\/v2\/pages\/1465\/revisions"}],"predecessor-version":[{"id":1467,"href":"https:\/\/www.modocu.com\/cs\/wp-json\/wp\/v2\/pages\/1465\/revisions\/1467"}],"wp:attachment":[{"href":"https:\/\/www.modocu.com\/cs\/wp-json\/wp\/v2\/media?parent=1465"}],"curies":[{"name":"wp","href":"https:\/\/api.w.org\/{rel}","templated":true}]}}