{"id":1487,"date":"2024-01-11T17:48:37","date_gmt":"2024-01-11T17:48:37","guid":{"rendered":"https:\/\/www.modocu.com\/baudokumentation\/"},"modified":"2024-09-11T08:39:29","modified_gmt":"2024-09-11T08:39:29","slug":"digitalizace-stavebni-dokumentace-v-kratkem-case","status":"publish","type":"page","link":"https:\/\/www.modocu.com\/cs\/digitalizace-stavebni-dokumentace-v-kratkem-case\/","title":{"rendered":"Digitalizace stavebn\u00ed dokumentace v kr\u00e1tk\u00e9m \u010dase"},"content":{"rendered":"\n<p>Digitalizujte svou stavebn\u00ed dokumentaci bez n\u00e1mahy s Modocu. Optimalizujte cel\u00fd pracovn\u00ed proces, digit\u00e1ln\u011b zachy\u0165te d\u016fle\u017eit\u00e9 detaily na stavb\u011b a zjednodu\u0161te spolupr\u00e1ci v t\u00fdmu. Objevte budoucnost digit\u00e1ln\u00ed stavebn\u00ed projektov\u00e9 dokumentace s na\u0161imi u\u017eivatelsky p\u0159\u00edv\u011btiv\u00fdmi \u0159e\u0161en\u00edmi.<\/p>\n","protected":false},"excerpt":{"rendered":"<p>Digitalizujte svou stavebn\u00ed dokumentaci bez n\u00e1mahy s Modocu. Optimalizujte cel\u00fd pracovn\u00ed proces, digit\u00e1ln\u011b zachy\u0165te d\u016fle\u017eit\u00e9 detaily na stavb\u011b a zjednodu\u0161te spolupr\u00e1ci v t\u00fdmu. Objevte budoucnost digit\u00e1ln\u00ed stavebn\u00ed projektov\u00e9 dokumentace s na\u0161imi u\u017eivatelsky p\u0159\u00edv\u011btiv\u00fdmi \u0159e\u0161en\u00edmi.<\/p>\n","protected":false},"author":1,"featured_media":0,"parent":0,"menu_order":0,"comment_status":"closed","ping_status":"closed","template":"template-landingpage.blade.php","meta":{"_acf_changed":false,"footnotes":""},"class_list":["post-1487","page","type-page","status-publish","hentry"],"acf":[],"yoast_head":"<!-- This site is optimized with the Yoast SEO plugin v27.2 - https:\/\/yoast.com\/product\/yoast-seo-wordpress\/ -->\n<title>Digitalizace stavebn\u00ed dokumentace v kr\u00e1tk\u00e9m \u010dase - Modocu - Fotodokumentation f\u00fcr die Baustelle und vor Ort<\/title>\n<meta name=\"robots\" content=\"index, follow, max-snippet:-1, max-image-preview:large, max-video-preview:-1\" \/>\n<link rel=\"canonical\" href=\"https:\/\/www.modocu.com\/cs\/digitalizace-stavebni-dokumentace-v-kratkem-case\/\" \/>\n<meta property=\"og:locale\" content=\"cs_CZ\" \/>\n<meta property=\"og:type\" content=\"article\" \/>\n<meta property=\"og:title\" content=\"Digitalizace stavebn\u00ed dokumentace v kr\u00e1tk\u00e9m \u010dase - Modocu - Fotodokumentation f\u00fcr die Baustelle und vor Ort\" \/>\n<meta property=\"og:description\" content=\"Digitalizujte svou stavebn\u00ed dokumentaci bez n\u00e1mahy s Modocu. Optimalizujte cel\u00fd pracovn\u00ed proces, digit\u00e1ln\u011b zachy\u0165te d\u016fle\u017eit\u00e9 detaily na stavb\u011b a zjednodu\u0161te spolupr\u00e1ci v t\u00fdmu. Objevte budoucnost digit\u00e1ln\u00ed stavebn\u00ed projektov\u00e9 dokumentace s na\u0161imi u\u017eivatelsky p\u0159\u00edv\u011btiv\u00fdmi \u0159e\u0161en\u00edmi.\" \/>\n<meta property=\"og:url\" content=\"https:\/\/www.modocu.com\/cs\/digitalizace-stavebni-dokumentace-v-kratkem-case\/\" \/>\n<meta property=\"og:site_name\" content=\"Modocu - Fotodokumentation f\u00fcr die Baustelle und vor Ort\" \/>\n<meta property=\"article:publisher\" content=\"https:\/\/www.facebook.com\/modocusoft\/\" \/>\n<meta property=\"article:modified_time\" content=\"2024-09-11T08:39:29+00:00\" \/>\n<meta name=\"twitter:card\" content=\"summary_large_image\" \/>\n<meta name=\"twitter:label1\" content=\"Est. reading time\" \/>\n\t<meta name=\"twitter:data1\" content=\"1 minute\" \/>\n<script type=\"application\/ld+json\" class=\"yoast-schema-graph\">{\"@context\":\"https:\/\/schema.org\",\"@graph\":[{\"@type\":\"WebPage\",\"@id\":\"https:\/\/www.modocu.com\/cs\/digitalizace-stavebni-dokumentace-v-kratkem-case\/\",\"url\":\"https:\/\/www.modocu.com\/cs\/digitalizace-stavebni-dokumentace-v-kratkem-case\/\",\"name\":\"Digitalizace stavebn\u00ed dokumentace v kr\u00e1tk\u00e9m \u010dase - Modocu - Fotodokumentation f\u00fcr die Baustelle und vor Ort\",\"isPartOf\":{\"@id\":\"https:\/\/www.modocu.com\/#website\"},\"datePublished\":\"2024-01-11T17:48:37+00:00\",\"dateModified\":\"2024-09-11T08:39:29+00:00\",\"breadcrumb\":{\"@id\":\"https:\/\/www.modocu.com\/cs\/digitalizace-stavebni-dokumentace-v-kratkem-case\/#breadcrumb\"},\"inLanguage\":\"cs-CZ\",\"potentialAction\":[{\"@type\":\"ReadAction\",\"target\":[\"https:\/\/www.modocu.com\/cs\/digitalizace-stavebni-dokumentace-v-kratkem-case\/\"]}]},{\"@type\":\"BreadcrumbList\",\"@id\":\"https:\/\/www.modocu.com\/cs\/digitalizace-stavebni-dokumentace-v-kratkem-case\/#breadcrumb\",\"itemListElement\":[{\"@type\":\"ListItem\",\"position\":1,\"name\":\"Startseite\",\"item\":\"https:\/\/www.modocu.com\/cs\/\"},{\"@type\":\"ListItem\",\"position\":2,\"name\":\"Digitalizace stavebn\u00ed dokumentace v kr\u00e1tk\u00e9m \u010dase\"}]},{\"@type\":\"WebSite\",\"@id\":\"https:\/\/www.modocu.com\/#website\",\"url\":\"https:\/\/www.modocu.com\/\",\"name\":\"Modocu - Fotodokumentation f\u00fcr die Baustelle und vor Ort\",\"description\":\"\",\"publisher\":{\"@id\":\"https:\/\/www.modocu.com\/#organization\"},\"potentialAction\":[{\"@type\":\"SearchAction\",\"target\":{\"@type\":\"EntryPoint\",\"urlTemplate\":\"https:\/\/www.modocu.com\/?s={search_term_string}\"},\"query-input\":{\"@type\":\"PropertyValueSpecification\",\"valueRequired\":true,\"valueName\":\"search_term_string\"}}],\"inLanguage\":\"cs-CZ\"},{\"@type\":\"Organization\",\"@id\":\"https:\/\/www.modocu.com\/#organization\",\"name\":\"Modocu - Fotodokumentation f\u00fcr die Baustelle und vor Ort\",\"url\":\"https:\/\/www.modocu.com\/\",\"logo\":{\"@type\":\"ImageObject\",\"inLanguage\":\"cs-CZ\",\"@id\":\"https:\/\/www.modocu.com\/#\/schema\/logo\/image\/\",\"url\":\"https:\/\/www.modocu.com\/app\/uploads\/2024\/08\/final-logo.svg\",\"contentUrl\":\"https:\/\/www.modocu.com\/app\/uploads\/2024\/08\/final-logo.svg\",\"width\":1,\"height\":1,\"caption\":\"Modocu - Fotodokumentation f\u00fcr die Baustelle und vor Ort\"},\"image\":{\"@id\":\"https:\/\/www.modocu.com\/#\/schema\/logo\/image\/\"},\"sameAs\":[\"https:\/\/www.facebook.com\/modocusoft\/\",\"https:\/\/www.linkedin.com\/company\/modocu\/\",\"https:\/\/www.instagram.com\/modocu_software\/\",\"https:\/\/www.youtube.com\/channel\/UCZ5Frx3PR0PoL4ep-M4ULSA\"]}]}<\/script>\n<!-- \/ Yoast SEO plugin. -->","yoast_head_json":{"title":"Digitalizace stavebn\u00ed dokumentace v kr\u00e1tk\u00e9m \u010dase - Modocu - Fotodokumentation f\u00fcr die Baustelle und vor Ort","robots":{"index":"index","follow":"follow","max-snippet":"max-snippet:-1","max-image-preview":"max-image-preview:large","max-video-preview":"max-video-preview:-1"},"canonical":"https:\/\/www.modocu.com\/cs\/digitalizace-stavebni-dokumentace-v-kratkem-case\/","og_locale":"cs_CZ","og_type":"article","og_title":"Digitalizace stavebn\u00ed dokumentace v kr\u00e1tk\u00e9m \u010dase - Modocu - Fotodokumentation f\u00fcr die Baustelle und vor Ort","og_description":"Digitalizujte svou stavebn\u00ed dokumentaci bez n\u00e1mahy s Modocu. Optimalizujte cel\u00fd pracovn\u00ed proces, digit\u00e1ln\u011b zachy\u0165te d\u016fle\u017eit\u00e9 detaily na stavb\u011b a zjednodu\u0161te spolupr\u00e1ci v t\u00fdmu. Objevte budoucnost digit\u00e1ln\u00ed stavebn\u00ed projektov\u00e9 dokumentace s na\u0161imi u\u017eivatelsky p\u0159\u00edv\u011btiv\u00fdmi \u0159e\u0161en\u00edmi.","og_url":"https:\/\/www.modocu.com\/cs\/digitalizace-stavebni-dokumentace-v-kratkem-case\/","og_site_name":"Modocu - Fotodokumentation f\u00fcr die Baustelle und vor Ort","article_publisher":"https:\/\/www.facebook.com\/modocusoft\/","article_modified_time":"2024-09-11T08:39:29+00:00","twitter_card":"summary_large_image","twitter_misc":{"Est. reading time":"1 minute"},"schema":{"@context":"https:\/\/schema.org","@graph":[{"@type":"WebPage","@id":"https:\/\/www.modocu.com\/cs\/digitalizace-stavebni-dokumentace-v-kratkem-case\/","url":"https:\/\/www.modocu.com\/cs\/digitalizace-stavebni-dokumentace-v-kratkem-case\/","name":"Digitalizace stavebn\u00ed dokumentace v kr\u00e1tk\u00e9m \u010dase - Modocu - Fotodokumentation f\u00fcr die Baustelle und vor Ort","isPartOf":{"@id":"https:\/\/www.modocu.com\/#website"},"datePublished":"2024-01-11T17:48:37+00:00","dateModified":"2024-09-11T08:39:29+00:00","breadcrumb":{"@id":"https:\/\/www.modocu.com\/cs\/digitalizace-stavebni-dokumentace-v-kratkem-case\/#breadcrumb"},"inLanguage":"cs-CZ","potentialAction":[{"@type":"ReadAction","target":["https:\/\/www.modocu.com\/cs\/digitalizace-stavebni-dokumentace-v-kratkem-case\/"]}]},{"@type":"BreadcrumbList","@id":"https:\/\/www.modocu.com\/cs\/digitalizace-stavebni-dokumentace-v-kratkem-case\/#breadcrumb","itemListElement":[{"@type":"ListItem","position":1,"name":"Startseite","item":"https:\/\/www.modocu.com\/cs\/"},{"@type":"ListItem","position":2,"name":"Digitalizace stavebn\u00ed dokumentace v kr\u00e1tk\u00e9m \u010dase"}]},{"@type":"WebSite","@id":"https:\/\/www.modocu.com\/#website","url":"https:\/\/www.modocu.com\/","name":"Modocu - Fotodokumentation f\u00fcr die Baustelle und vor Ort","description":"","publisher":{"@id":"https:\/\/www.modocu.com\/#organization"},"potentialAction":[{"@type":"SearchAction","target":{"@type":"EntryPoint","urlTemplate":"https:\/\/www.modocu.com\/?s={search_term_string}"},"query-input":{"@type":"PropertyValueSpecification","valueRequired":true,"valueName":"search_term_string"}}],"inLanguage":"cs-CZ"},{"@type":"Organization","@id":"https:\/\/www.modocu.com\/#organization","name":"Modocu - Fotodokumentation f\u00fcr die Baustelle und vor Ort","url":"https:\/\/www.modocu.com\/","logo":{"@type":"ImageObject","inLanguage":"cs-CZ","@id":"https:\/\/www.modocu.com\/#\/schema\/logo\/image\/","url":"https:\/\/www.modocu.com\/app\/uploads\/2024\/08\/final-logo.svg","contentUrl":"https:\/\/www.modocu.com\/app\/uploads\/2024\/08\/final-logo.svg","width":1,"height":1,"caption":"Modocu - Fotodokumentation f\u00fcr die Baustelle und vor Ort"},"image":{"@id":"https:\/\/www.modocu.com\/#\/schema\/logo\/image\/"},"sameAs":["https:\/\/www.facebook.com\/modocusoft\/","https:\/\/www.linkedin.com\/company\/modocu\/","https:\/\/www.instagram.com\/modocu_software\/","https:\/\/www.youtube.com\/channel\/UCZ5Frx3PR0PoL4ep-M4ULSA"]}]}},"_links":{"self":[{"href":"https:\/\/www.modocu.com\/cs\/wp-json\/wp\/v2\/pages\/1487","targetHints":{"allow":["GET"]}}],"collection":[{"href":"https:\/\/www.modocu.com\/cs\/wp-json\/wp\/v2\/pages"}],"about":[{"href":"https:\/\/www.modocu.com\/cs\/wp-json\/wp\/v2\/types\/page"}],"author":[{"embeddable":true,"href":"https:\/\/www.modocu.com\/cs\/wp-json\/wp\/v2\/users\/1"}],"replies":[{"embeddable":true,"href":"https:\/\/www.modocu.com\/cs\/wp-json\/wp\/v2\/comments?post=1487"}],"version-history":[{"count":1,"href":"https:\/\/www.modocu.com\/cs\/wp-json\/wp\/v2\/pages\/1487\/revisions"}],"predecessor-version":[{"id":1489,"href":"https:\/\/www.modocu.com\/cs\/wp-json\/wp\/v2\/pages\/1487\/revisions\/1489"}],"wp:attachment":[{"href":"https:\/\/www.modocu.com\/cs\/wp-json\/wp\/v2\/media?parent=1487"}],"curies":[{"name":"wp","href":"https:\/\/api.w.org\/{rel}","templated":true}]}}