{"id":1493,"date":"2024-01-07T10:54:02","date_gmt":"2024-01-07T10:54:02","guid":{"rendered":"https:\/\/www.modocu.com\/preise\/"},"modified":"2024-09-17T08:14:00","modified_gmt":"2024-09-17T08:14:00","slug":"ceny","status":"publish","type":"page","link":"https:\/\/www.modocu.com\/cs\/ceny\/","title":{"rendered":"Stejn\u011b jednoduch\u00e9 jako n\u00e1\u0161 software!"},"content":{"rendered":"\n<p>*Ceny bez DPH, Minim\u00e1ln\u00ed objedn\u00e1vky mno\u017estv\u00ed 3 licence<\/p>\n\n\n\n<h2 class=\"wp-block-heading\"><strong>Obecn\u00e9 ot\u00e1zky<\/strong><\/h2>\n\n\n\n<div class=\"wp-block-group is-layout-constrained wp-block-group-is-layout-constrained\">\n<div class=\"wp-block-group price-faq-box is-layout-constrained wp-block-group-is-layout-constrained\">\n<p><strong>Jak funguje zku\u0161ebn\u00ed verze? <\/strong><\/p>\n\n\n\n<p>Modocu m\u016f\u017eete nez\u00e1vazn\u011b a v pln\u00e9m rozsahu pou\u017e\u00edvat po dobu 30 dn\u016f. Platnost va\u0161eho \u00fa\u010dtu automaticky vypr\u0161\u00ed a nebude V\u00e1m \u00fa\u010dtov\u00e1na \u017e\u00e1dn\u00e1 \u010d\u00e1stka. P\u0159ed vypr\u0161en\u00edm zku\u0161ebn\u00ed doby od n\u00e1s obdr\u017e\u00edte e-mail. Va\u0161e m\u00e9dia si m\u016f\u017eete st\u00e1hnout p\u0159ed uplynut\u00edm zku\u0161ebn\u00ed doby.<\/p>\n<\/div>\n<\/div>\n\n\n\n<div class=\"wp-block-group price-faq-box is-layout-constrained wp-block-group-is-layout-constrained\">\n<p><strong>Mus\u00edm b\u011bhem testovac\u00ed f\u00e1ze (samostatn\u011b) zru\u0161it?<\/strong><\/p>\n\n\n\n<p>Ne, b\u011bhem testovac\u00ed f\u00e1ze V\u00e1m nevznikaj\u00ed \u017e\u00e1dn\u00e9 z\u00e1vazky. T\u011b\u0161\u00edme se v\u0161ak, a\u017e V\u00e1s p\u0159iv\u00edt\u00e1me jako nov\u00e9ho z\u00e1kazn\u00edka.<\/p>\n<\/div>\n\n\n\n<div class=\"wp-block-group price-faq-box is-layout-constrained wp-block-group-is-layout-constrained\">\n<p><strong>Jak\u00e9 platebn\u00ed metody jsou p\u0159ij\u00edm\u00e1ny? <\/strong><\/p>\n\n\n\n<p>Modocu p\u0159ij\u00edm\u00e1 platbu na fakturu, pro kterou V\u00e1s p\u0159i objedn\u00e1vce p\u0159edplatn\u00e9ho po\u017e\u00e1d\u00e1me o Va\u0161e firemn\u00ed \u00fadaje.<\/p>\n<\/div>\n\n\n\n<div class=\"wp-block-group price-faq-box is-layout-constrained wp-block-group-is-layout-constrained\">\n<p><strong>Jak\u00e9 smluvn\u00ed podm\u00ednky jsou u Modocu k dispozici?<\/strong><\/p>\n\n\n\n<p>M\u016f\u017eete si vybrat mezi m\u011bs\u00ed\u010dn\u00edm a ro\u010dn\u00edm smluvn\u00edm obdob\u00edm\/platbou. Ro\u010dn\u00ed smluvn\u00ed obdob\u00ed V\u00e1m d\u00e1v\u00e1 dva m\u011bs\u00edce zdarma p\u0159i platb\u011b.<\/p>\n<\/div>\n\n\n\n<div class=\"wp-block-group price-faq-box is-layout-constrained wp-block-group-is-layout-constrained\">\n<p><strong>Mohu u Modocu kombinovat licence s r\u016fzn\u00fdmi z\u00fa\u010dtovac\u00edmi obdob\u00edmi, a to jak m\u011bs\u00ed\u010dn\u00edmi, tak ro\u010dn\u00edmi?<\/strong><\/p>\n\n\n\n<p>Ne, Modocu vy\u017eaduje, aby v\u0161echny licence m\u011bly stejn\u00e9 z\u00fa\u010dtovac\u00ed obdob\u00ed a nelze je kombinovat.<\/p>\n<\/div>\n\n\n\n<div class=\"wp-block-group price-faq-box is-layout-constrained wp-block-group-is-layout-constrained\">\n<p><strong>Mohu u Modocu kombinovat licence Basic a Pro?<\/strong><\/p>\n\n\n\n<p>Ne, to nen\u00ed mo\u017en\u00e9. Mus\u00edte si vybrat bu\u010f licenci Basic, nebo Pro, a proto nem\u00e1te mo\u017enost ve sv\u00e9m \u00fa\u010dtu m\u00edchat licence Basic a Pro.<\/p>\n<\/div>\n\n\n\n<div class=\"wp-block-group price-faq-box is-layout-constrained wp-block-group-is-layout-constrained\">\n<p><strong>Jak mohu zru\u0161it sv\u00e9 p\u0159edplatn\u00e9? <\/strong><\/p>\n\n\n\n<p>P\u0159edplatn\u00e9 m\u016f\u017eete zru\u0161it v\u017edy jeden m\u011bs\u00edc p\u0159ed koncem obdob\u00ed p\u0159edplatn\u00e9ho (m\u011bs\u00edc nebo rok). Kontaktujte n\u00e1s telefonicky nebo za\u0161lete e-mail na adresu <a href=\"mailto:sales@modocu.com\">sales@modocu.com<\/a>. (Dal\u0161\u00ed podrobnosti naleznete v na\u0161ich smluvn\u00edch podm\u00ednk\u00e1ch).<\/p>\n<\/div>\n\n\n\n<div class=\"wp-block-group price-faq-box is-layout-constrained wp-block-group-is-layout-constrained\">\n<p><strong>Existuje t\u00fdm podpory, kter\u00fd v\u00e1m pom\u016f\u017ee? <\/strong><\/p>\n\n\n\n<p>Ano, po\u0161lete n\u00e1m e-mail na adresu <a href=\"mailto:support@modocu.com\">support@modocu.com<\/a>. R\u00e1di V\u00e1m poskytneme nab\u00eddku na rozs\u00e1hlej\u0161\u00ed a p\u0159izp\u016fsobenou podporu.<\/p>\n<\/div>\n\n\n\n<div class=\"wp-block-group price-faq-box is-layout-constrained wp-block-group-is-layout-constrained\">\n<p><strong>Mohu aplikaci pou\u017e\u00edvat i offline? <\/strong><\/p>\n\n\n\n<p>Ano, aplikaci Modocu ve va\u0161em chytr\u00e9m telefonu m\u016f\u017eete pou\u017e\u00edvat i offline. Data se synchronizuj\u00ed, jakmile jste op\u011bt online a p\u0159ipojeni k internetu.<\/p>\n<\/div>\n\n\n\n<div class=\"wp-block-group price-faq-box is-layout-constrained wp-block-group-is-layout-constrained\">\n<p><strong>Kdo m\u00e1 p\u0159\u00edstup k m\u00fdm dat\u016fm? <\/strong><\/p>\n\n\n\n<p>Va\u0161e data jsou ulo\u017eena na zabezpe\u010den\u00fdch serverech v cloudu a lze je zobrazit pouze s va\u0161imi p\u0159\u00edstupov\u00fdmi \u00fadaji nebo s Va\u0161\u00edm u\u017eivatelem.<\/p>\n<\/div>\n\n\n\n<div class=\"wp-block-group price-faq-box is-layout-constrained wp-block-group-is-layout-constrained\">\n<p><strong>Je Modocu tak\u00e9 v souladu s GDPR? <\/strong><\/p>\n\n\n\n<p>Ano, Modocu je v souladu s GDPR. P\u0159i n\u00e1kupu licenc\u00ed Modocu V\u00e1m na V\u00e1mi uvedenou e-mailovou adresu za\u0161leme n\u00e1\u0161 GDPR formul\u00e1\u0159 pro pov\u011b\u0159en\u00e9 zpracov\u00e1n\u00ed \u00fadaj\u016f v souladu s \u010dl. 28 GDPR. Tento formul\u00e1\u0159 podepi\u0161te a za\u0161lete bu\u010f naskenovan\u00fd na adresu office@modocu.com, nebo po\u0161tou na na\u0161i adresu. Cel\u00fd tento proces zaji\u0161\u0165uje, \u017ee Modocu je tak\u00e9 v souladu s GDPR.<\/p>\n<\/div>\n\n\n\n<div class=\"wp-block-group price-faq-box is-layout-constrained wp-block-group-is-layout-constrained\">\n<p><strong>Mohu Modocu provozovat tak\u00e9 ve sv\u00e9 IT infrastruktu\u0159e nebo v cloudu? <\/strong><\/p>\n\n\n\n<p>Po\u0161lete n\u00e1m e-mail na adresu <a href=\"mailto:sales@modocu.com\">sales@modocu.com<\/a> nebo n\u00e1s kontaktujte telefonicky. Spole\u010dn\u011b s V\u00e1mi najdeme to nejlep\u0161\u00ed \u0159e\u0161en\u00ed.<\/p>\n<\/div>\n","protected":false},"excerpt":{"rendered":"<p>*Ceny bez DPH, Minim\u00e1ln\u00ed objedn\u00e1vky mno\u017estv\u00ed 3 licence Obecn\u00e9 ot\u00e1zky Jak funguje zku\u0161ebn\u00ed verze? Modocu m\u016f\u017eete nez\u00e1vazn\u011b a v pln\u00e9m rozsahu pou\u017e\u00edvat po dobu 30 dn\u016f. Platnost va\u0161eho \u00fa\u010dtu automaticky vypr\u0161\u00ed a nebude V\u00e1m \u00fa\u010dtov\u00e1na \u017e\u00e1dn\u00e1 \u010d\u00e1stka. P\u0159ed vypr\u0161en\u00edm zku\u0161ebn\u00ed doby od n\u00e1s obdr\u017e\u00edte e-mail. Va\u0161e m\u00e9dia si m\u016f\u017eete st\u00e1hnout p\u0159ed uplynut\u00edm zku\u0161ebn\u00ed doby. Mus\u00edm &hellip; <a href=\"https:\/\/www.modocu.com\/cs\/ceny\/\">Continued<\/a><\/p>\n","protected":false},"author":1,"featured_media":0,"parent":0,"menu_order":0,"comment_status":"closed","ping_status":"closed","template":"template-pricing.blade.php","meta":{"_acf_changed":false,"footnotes":""},"class_list":["post-1493","page","type-page","status-publish","hentry"],"acf":[],"yoast_head":"<!-- This site is optimized with the Yoast SEO plugin v27.2 - https:\/\/yoast.com\/product\/yoast-seo-wordpress\/ -->\n<title>Stejn\u011b jednoduch\u00e9 jako n\u00e1\u0161 software! - Modocu - Fotodokumentation f\u00fcr die Baustelle und vor Ort<\/title>\n<meta name=\"robots\" content=\"index, follow, max-snippet:-1, max-image-preview:large, max-video-preview:-1\" \/>\n<link rel=\"canonical\" href=\"https:\/\/www.modocu.com\/cs\/ceny\/\" \/>\n<meta property=\"og:locale\" content=\"cs_CZ\" \/>\n<meta property=\"og:type\" content=\"article\" \/>\n<meta property=\"og:title\" content=\"Stejn\u011b jednoduch\u00e9 jako n\u00e1\u0161 software! - Modocu - Fotodokumentation f\u00fcr die Baustelle und vor Ort\" \/>\n<meta property=\"og:description\" content=\"*Ceny bez DPH, Minim\u00e1ln\u00ed objedn\u00e1vky mno\u017estv\u00ed 3 licence Obecn\u00e9 ot\u00e1zky Jak funguje zku\u0161ebn\u00ed verze? Modocu m\u016f\u017eete nez\u00e1vazn\u011b a v pln\u00e9m rozsahu pou\u017e\u00edvat po dobu 30 dn\u016f. Platnost va\u0161eho \u00fa\u010dtu automaticky vypr\u0161\u00ed a nebude V\u00e1m \u00fa\u010dtov\u00e1na \u017e\u00e1dn\u00e1 \u010d\u00e1stka. P\u0159ed vypr\u0161en\u00edm zku\u0161ebn\u00ed doby od n\u00e1s obdr\u017e\u00edte e-mail. Va\u0161e m\u00e9dia si m\u016f\u017eete st\u00e1hnout p\u0159ed uplynut\u00edm zku\u0161ebn\u00ed doby. Mus\u00edm &hellip; Continued\" \/>\n<meta property=\"og:url\" content=\"https:\/\/www.modocu.com\/cs\/ceny\/\" \/>\n<meta property=\"og:site_name\" content=\"Modocu - Fotodokumentation f\u00fcr die Baustelle und vor Ort\" \/>\n<meta property=\"article:publisher\" content=\"https:\/\/www.facebook.com\/modocusoft\/\" \/>\n<meta property=\"article:modified_time\" content=\"2024-09-17T08:14:00+00:00\" \/>\n<meta name=\"twitter:card\" content=\"summary_large_image\" \/>\n<meta name=\"twitter:label1\" content=\"Est. reading time\" \/>\n\t<meta name=\"twitter:data1\" content=\"3 minutes\" \/>\n<script type=\"application\/ld+json\" class=\"yoast-schema-graph\">{\"@context\":\"https:\/\/schema.org\",\"@graph\":[{\"@type\":\"WebPage\",\"@id\":\"https:\/\/www.modocu.com\/cs\/ceny\/\",\"url\":\"https:\/\/www.modocu.com\/cs\/ceny\/\",\"name\":\"Stejn\u011b jednoduch\u00e9 jako n\u00e1\u0161 software! - Modocu - Fotodokumentation f\u00fcr die Baustelle und vor Ort\",\"isPartOf\":{\"@id\":\"https:\/\/www.modocu.com\/#website\"},\"datePublished\":\"2024-01-07T10:54:02+00:00\",\"dateModified\":\"2024-09-17T08:14:00+00:00\",\"breadcrumb\":{\"@id\":\"https:\/\/www.modocu.com\/cs\/ceny\/#breadcrumb\"},\"inLanguage\":\"cs-CZ\",\"potentialAction\":[{\"@type\":\"ReadAction\",\"target\":[\"https:\/\/www.modocu.com\/cs\/ceny\/\"]}]},{\"@type\":\"BreadcrumbList\",\"@id\":\"https:\/\/www.modocu.com\/cs\/ceny\/#breadcrumb\",\"itemListElement\":[{\"@type\":\"ListItem\",\"position\":1,\"name\":\"Startseite\",\"item\":\"https:\/\/www.modocu.com\/cs\/\"},{\"@type\":\"ListItem\",\"position\":2,\"name\":\"Stejn\u011b jednoduch\u00e9 jako n\u00e1\u0161 software!\"}]},{\"@type\":\"WebSite\",\"@id\":\"https:\/\/www.modocu.com\/#website\",\"url\":\"https:\/\/www.modocu.com\/\",\"name\":\"Modocu - Fotodokumentation f\u00fcr die Baustelle und vor Ort\",\"description\":\"\",\"publisher\":{\"@id\":\"https:\/\/www.modocu.com\/#organization\"},\"potentialAction\":[{\"@type\":\"SearchAction\",\"target\":{\"@type\":\"EntryPoint\",\"urlTemplate\":\"https:\/\/www.modocu.com\/?s={search_term_string}\"},\"query-input\":{\"@type\":\"PropertyValueSpecification\",\"valueRequired\":true,\"valueName\":\"search_term_string\"}}],\"inLanguage\":\"cs-CZ\"},{\"@type\":\"Organization\",\"@id\":\"https:\/\/www.modocu.com\/#organization\",\"name\":\"Modocu - Fotodokumentation f\u00fcr die Baustelle und vor Ort\",\"url\":\"https:\/\/www.modocu.com\/\",\"logo\":{\"@type\":\"ImageObject\",\"inLanguage\":\"cs-CZ\",\"@id\":\"https:\/\/www.modocu.com\/#\/schema\/logo\/image\/\",\"url\":\"https:\/\/www.modocu.com\/app\/uploads\/2024\/08\/final-logo.svg\",\"contentUrl\":\"https:\/\/www.modocu.com\/app\/uploads\/2024\/08\/final-logo.svg\",\"width\":1,\"height\":1,\"caption\":\"Modocu - Fotodokumentation f\u00fcr die Baustelle und vor Ort\"},\"image\":{\"@id\":\"https:\/\/www.modocu.com\/#\/schema\/logo\/image\/\"},\"sameAs\":[\"https:\/\/www.facebook.com\/modocusoft\/\",\"https:\/\/www.linkedin.com\/company\/modocu\/\",\"https:\/\/www.instagram.com\/modocu_software\/\",\"https:\/\/www.youtube.com\/channel\/UCZ5Frx3PR0PoL4ep-M4ULSA\"]}]}<\/script>\n<!-- \/ Yoast SEO plugin. -->","yoast_head_json":{"title":"Stejn\u011b jednoduch\u00e9 jako n\u00e1\u0161 software! - Modocu - Fotodokumentation f\u00fcr die Baustelle und vor Ort","robots":{"index":"index","follow":"follow","max-snippet":"max-snippet:-1","max-image-preview":"max-image-preview:large","max-video-preview":"max-video-preview:-1"},"canonical":"https:\/\/www.modocu.com\/cs\/ceny\/","og_locale":"cs_CZ","og_type":"article","og_title":"Stejn\u011b jednoduch\u00e9 jako n\u00e1\u0161 software! - Modocu - Fotodokumentation f\u00fcr die Baustelle und vor Ort","og_description":"*Ceny bez DPH, Minim\u00e1ln\u00ed objedn\u00e1vky mno\u017estv\u00ed 3 licence Obecn\u00e9 ot\u00e1zky Jak funguje zku\u0161ebn\u00ed verze? Modocu m\u016f\u017eete nez\u00e1vazn\u011b a v pln\u00e9m rozsahu pou\u017e\u00edvat po dobu 30 dn\u016f. Platnost va\u0161eho \u00fa\u010dtu automaticky vypr\u0161\u00ed a nebude V\u00e1m \u00fa\u010dtov\u00e1na \u017e\u00e1dn\u00e1 \u010d\u00e1stka. P\u0159ed vypr\u0161en\u00edm zku\u0161ebn\u00ed doby od n\u00e1s obdr\u017e\u00edte e-mail. Va\u0161e m\u00e9dia si m\u016f\u017eete st\u00e1hnout p\u0159ed uplynut\u00edm zku\u0161ebn\u00ed doby. Mus\u00edm &hellip; Continued","og_url":"https:\/\/www.modocu.com\/cs\/ceny\/","og_site_name":"Modocu - Fotodokumentation f\u00fcr die Baustelle und vor Ort","article_publisher":"https:\/\/www.facebook.com\/modocusoft\/","article_modified_time":"2024-09-17T08:14:00+00:00","twitter_card":"summary_large_image","twitter_misc":{"Est. reading time":"3 minutes"},"schema":{"@context":"https:\/\/schema.org","@graph":[{"@type":"WebPage","@id":"https:\/\/www.modocu.com\/cs\/ceny\/","url":"https:\/\/www.modocu.com\/cs\/ceny\/","name":"Stejn\u011b jednoduch\u00e9 jako n\u00e1\u0161 software! - Modocu - Fotodokumentation f\u00fcr die Baustelle und vor Ort","isPartOf":{"@id":"https:\/\/www.modocu.com\/#website"},"datePublished":"2024-01-07T10:54:02+00:00","dateModified":"2024-09-17T08:14:00+00:00","breadcrumb":{"@id":"https:\/\/www.modocu.com\/cs\/ceny\/#breadcrumb"},"inLanguage":"cs-CZ","potentialAction":[{"@type":"ReadAction","target":["https:\/\/www.modocu.com\/cs\/ceny\/"]}]},{"@type":"BreadcrumbList","@id":"https:\/\/www.modocu.com\/cs\/ceny\/#breadcrumb","itemListElement":[{"@type":"ListItem","position":1,"name":"Startseite","item":"https:\/\/www.modocu.com\/cs\/"},{"@type":"ListItem","position":2,"name":"Stejn\u011b jednoduch\u00e9 jako n\u00e1\u0161 software!"}]},{"@type":"WebSite","@id":"https:\/\/www.modocu.com\/#website","url":"https:\/\/www.modocu.com\/","name":"Modocu - Fotodokumentation f\u00fcr die Baustelle und vor Ort","description":"","publisher":{"@id":"https:\/\/www.modocu.com\/#organization"},"potentialAction":[{"@type":"SearchAction","target":{"@type":"EntryPoint","urlTemplate":"https:\/\/www.modocu.com\/?s={search_term_string}"},"query-input":{"@type":"PropertyValueSpecification","valueRequired":true,"valueName":"search_term_string"}}],"inLanguage":"cs-CZ"},{"@type":"Organization","@id":"https:\/\/www.modocu.com\/#organization","name":"Modocu - Fotodokumentation f\u00fcr die Baustelle und vor Ort","url":"https:\/\/www.modocu.com\/","logo":{"@type":"ImageObject","inLanguage":"cs-CZ","@id":"https:\/\/www.modocu.com\/#\/schema\/logo\/image\/","url":"https:\/\/www.modocu.com\/app\/uploads\/2024\/08\/final-logo.svg","contentUrl":"https:\/\/www.modocu.com\/app\/uploads\/2024\/08\/final-logo.svg","width":1,"height":1,"caption":"Modocu - Fotodokumentation f\u00fcr die Baustelle und vor Ort"},"image":{"@id":"https:\/\/www.modocu.com\/#\/schema\/logo\/image\/"},"sameAs":["https:\/\/www.facebook.com\/modocusoft\/","https:\/\/www.linkedin.com\/company\/modocu\/","https:\/\/www.instagram.com\/modocu_software\/","https:\/\/www.youtube.com\/channel\/UCZ5Frx3PR0PoL4ep-M4ULSA"]}]}},"_links":{"self":[{"href":"https:\/\/www.modocu.com\/cs\/wp-json\/wp\/v2\/pages\/1493","targetHints":{"allow":["GET"]}}],"collection":[{"href":"https:\/\/www.modocu.com\/cs\/wp-json\/wp\/v2\/pages"}],"about":[{"href":"https:\/\/www.modocu.com\/cs\/wp-json\/wp\/v2\/types\/page"}],"author":[{"embeddable":true,"href":"https:\/\/www.modocu.com\/cs\/wp-json\/wp\/v2\/users\/1"}],"replies":[{"embeddable":true,"href":"https:\/\/www.modocu.com\/cs\/wp-json\/wp\/v2\/comments?post=1493"}],"version-history":[{"count":2,"href":"https:\/\/www.modocu.com\/cs\/wp-json\/wp\/v2\/pages\/1493\/revisions"}],"predecessor-version":[{"id":1738,"href":"https:\/\/www.modocu.com\/cs\/wp-json\/wp\/v2\/pages\/1493\/revisions\/1738"}],"wp:attachment":[{"href":"https:\/\/www.modocu.com\/cs\/wp-json\/wp\/v2\/media?parent=1493"}],"curies":[{"name":"wp","href":"https:\/\/api.w.org\/{rel}","templated":true}]}}