{"id":1701,"date":"2023-12-30T18:25:44","date_gmt":"2023-12-30T18:25:44","guid":{"rendered":"https:\/\/www.modocu.com\/front-page\/"},"modified":"2024-09-11T12:01:34","modified_gmt":"2024-09-11T12:01:34","slug":"front-page","status":"publish","type":"page","link":"https:\/\/www.modocu.com\/cs\/","title":{"rendered":"Nejjednodu\u0161\u0161\u00ed zp\u016fsob dokumentace projekt\u016f."},"content":{"rendered":"\n<p>Modocu zjednodu\u0161uje cel\u00fd proces tvorby projektov\u00e9 dokumentace. A\u0165 u\u017e na stavb\u011b nebo v kancel\u00e1\u0159i, uspo\u0159\u00e1dejte sv\u00e9 fotografie a dokumenty, vytv\u00e1\u0159ejte zpr\u00e1vy a mnoho dal\u0161\u00edho bez n\u00e1mahy pomoc\u00ed jedin\u00e9ho \u0159e\u0161en\u00ed.<\/p>\n","protected":false},"excerpt":{"rendered":"<p>Modocu zjednodu\u0161uje cel\u00fd proces tvorby projektov\u00e9 dokumentace. A\u0165 u\u017e na stavb\u011b nebo v kancel\u00e1\u0159i, uspo\u0159\u00e1dejte sv\u00e9 fotografie a dokumenty, vytv\u00e1\u0159ejte zpr\u00e1vy a mnoho dal\u0161\u00edho bez n\u00e1mahy pomoc\u00ed jedin\u00e9ho \u0159e\u0161en\u00ed.<\/p>\n","protected":false},"author":1,"featured_media":0,"parent":0,"menu_order":0,"comment_status":"closed","ping_status":"closed","template":"","meta":{"_acf_changed":false,"footnotes":""},"class_list":["post-1701","page","type-page","status-publish","hentry"],"acf":{"benefits_section_title":"Okam\u017eit\u011b zdokumentovan\u00e9, co\u017e V\u00e1m ponech\u00e1v\u00e1 v\u00edce \u010dasu na produktivn\u00ed pr\u00e1ci.","benefits_section_subtitle":"V\u00fdhody Modocu","benefits":[{"title":"\u017d\u00e1dn\u00e9 zdlouhav\u00e9 kop\u00edrov\u00e1n\u00ed a archivace","text":"S Modocu se vytvo\u0159en\u00e9 fotografie, pozn\u00e1mky a n\u00e1\u010drty okam\u017eit\u011b synchronizuj\u00ed do cloudu. Nemus\u00edte sv\u00e9 fotografie kop\u00edrovat, pos\u00edlat e-mailem nebo je d\u00e1vat kolegovi. ","lordicon_code":"gvkndrct"},{"title":"Automatick\u00e9 p\u0159i\u0159azen\u00ed k projektu","text":"Nejprve vyberte projekt, na kter\u00e9m pr\u00e1v\u011b pracujete. Va\u0161e nahr\u00e1vky se automaticky p\u0159i\u0159ad\u00ed k vybran\u00e9mu projektu a synchronizuj\u00ed se. ","lordicon_code":"oqrxcabg"},{"title":"Koment\u00e1\u0159e, hlasov\u00e9 pozn\u00e1mky, kreslen\u00ed","text":"K projekt\u016fm a jednotliv\u00fdm fotografi\u00edm m\u016f\u017eete p\u0159id\u00e1vat koment\u00e1\u0159e nebo hlasov\u00e9 pozn\u00e1mky. Na fotografie m\u016f\u017eete tak\u00e9 kreslit a ozna\u010dovat oblasti. ","lordicon_code":"ghhwiltn"},{"title":"Vytv\u00e1\u0159ejte zpr\u00e1vy pro sv\u00e9 klienty a z\u00e1kazn\u00edky","text":"Vytvo\u0159te zpr\u00e1vu a jednodu\u0161e vyberte fotografie a koment\u00e1\u0159e, kter\u00e9 chcete zahrnout. P\u0159idejte dal\u0161\u00ed koment\u00e1\u0159e nebo pozn\u00e1mky.","lordicon_code":"pyulfllp"},{"title":"Rychl\u00e9 a snadn\u00e9 vyhled\u00e1v\u00e1n\u00ed m\u00e9di\u00ed","text":"Pomoc\u00ed Modocu m\u016f\u017eete filtrovat m\u00e9dia podle projektu, typu a u\u017eivatele a tak\u00e9 je seskupovat podle \u010dasu. Krom\u011b fotografi\u00ed, koment\u00e1\u0159\u016f a zvukov\u00fdch pozn\u00e1mek m\u016f\u017eete nahr\u00e1t tak\u00e9 dokumenty, nap\u0159\u00edklad PDF.","lordicon_code":"unukghxb"},{"title":"K dispozici ihned a v\u0161ude","text":"Va\u0161e sn\u00edmky, hlasov\u00e9 pozn\u00e1mky a koment\u00e1\u0159e jsou ulo\u017eeny v cloudu. M\u00e1te k nim p\u0159\u00edstup odkudkoli a m\u016f\u017eete je pou\u017e\u00edvat na sch\u016fzk\u00e1ch, p\u0159i prezentac\u00edch a dal\u0161\u00edch akc\u00edch.","lordicon_code":"bmcapogo"}]},"yoast_head":"<!-- This site is optimized with the Yoast SEO plugin v27.2 - https:\/\/yoast.com\/product\/yoast-seo-wordpress\/ -->\n<title>Nejjednodu\u0161\u0161\u00ed zp\u016fsob dokumentace projekt\u016f. - Modocu - Fotodokumentation f\u00fcr die Baustelle und vor Ort<\/title>\n<meta name=\"robots\" content=\"index, follow, max-snippet:-1, max-image-preview:large, max-video-preview:-1\" \/>\n<link rel=\"canonical\" href=\"https:\/\/www.modocu.com\/cs\/\" \/>\n<meta property=\"og:locale\" content=\"cs_CZ\" \/>\n<meta property=\"og:type\" content=\"article\" \/>\n<meta property=\"og:title\" content=\"Nejjednodu\u0161\u0161\u00ed zp\u016fsob dokumentace projekt\u016f. - Modocu - Fotodokumentation f\u00fcr die Baustelle und vor Ort\" \/>\n<meta property=\"og:description\" content=\"Modocu zjednodu\u0161uje cel\u00fd proces tvorby projektov\u00e9 dokumentace. A\u0165 u\u017e na stavb\u011b nebo v kancel\u00e1\u0159i, uspo\u0159\u00e1dejte sv\u00e9 fotografie a dokumenty, vytv\u00e1\u0159ejte zpr\u00e1vy a mnoho dal\u0161\u00edho bez n\u00e1mahy pomoc\u00ed jedin\u00e9ho \u0159e\u0161en\u00ed.\" \/>\n<meta property=\"og:url\" content=\"https:\/\/www.modocu.com\/cs\/\" \/>\n<meta property=\"og:site_name\" content=\"Modocu - Fotodokumentation f\u00fcr die Baustelle und vor Ort\" \/>\n<meta property=\"article:publisher\" content=\"https:\/\/www.facebook.com\/modocusoft\/\" \/>\n<meta property=\"article:modified_time\" content=\"2024-09-11T12:01:34+00:00\" \/>\n<meta name=\"twitter:card\" content=\"summary_large_image\" \/>\n<meta name=\"twitter:label1\" content=\"Est. reading time\" \/>\n\t<meta name=\"twitter:data1\" content=\"1 minute\" \/>\n<script type=\"application\/ld+json\" class=\"yoast-schema-graph\">{\"@context\":\"https:\/\/schema.org\",\"@graph\":[{\"@type\":\"WebPage\",\"@id\":\"https:\/\/www.modocu.com\/cs\/\",\"url\":\"https:\/\/www.modocu.com\/cs\/\",\"name\":\"Nejjednodu\u0161\u0161\u00ed zp\u016fsob dokumentace projekt\u016f. - Modocu - Fotodokumentation f\u00fcr die Baustelle und vor Ort\",\"isPartOf\":{\"@id\":\"https:\/\/www.modocu.com\/#website\"},\"datePublished\":\"2023-12-30T18:25:44+00:00\",\"dateModified\":\"2024-09-11T12:01:34+00:00\",\"breadcrumb\":{\"@id\":\"https:\/\/www.modocu.com\/cs\/#breadcrumb\"},\"inLanguage\":\"cs-CZ\",\"potentialAction\":[{\"@type\":\"ReadAction\",\"target\":[\"https:\/\/www.modocu.com\/cs\/\"]}]},{\"@type\":\"BreadcrumbList\",\"@id\":\"https:\/\/www.modocu.com\/cs\/#breadcrumb\",\"itemListElement\":[{\"@type\":\"ListItem\",\"position\":1,\"name\":\"Startseite\",\"item\":\"https:\/\/www.modocu.com\/cs\/\"},{\"@type\":\"ListItem\",\"position\":2,\"name\":\"Nejjednodu\u0161\u0161\u00ed zp\u016fsob dokumentace projekt\u016f.\"}]},{\"@type\":\"WebSite\",\"@id\":\"https:\/\/www.modocu.com\/#website\",\"url\":\"https:\/\/www.modocu.com\/\",\"name\":\"Modocu - Fotodokumentation f\u00fcr die Baustelle und vor Ort\",\"description\":\"\",\"publisher\":{\"@id\":\"https:\/\/www.modocu.com\/#organization\"},\"potentialAction\":[{\"@type\":\"SearchAction\",\"target\":{\"@type\":\"EntryPoint\",\"urlTemplate\":\"https:\/\/www.modocu.com\/?s={search_term_string}\"},\"query-input\":{\"@type\":\"PropertyValueSpecification\",\"valueRequired\":true,\"valueName\":\"search_term_string\"}}],\"inLanguage\":\"cs-CZ\"},{\"@type\":\"Organization\",\"@id\":\"https:\/\/www.modocu.com\/#organization\",\"name\":\"Modocu - Fotodokumentation f\u00fcr die Baustelle und vor Ort\",\"url\":\"https:\/\/www.modocu.com\/\",\"logo\":{\"@type\":\"ImageObject\",\"inLanguage\":\"cs-CZ\",\"@id\":\"https:\/\/www.modocu.com\/#\/schema\/logo\/image\/\",\"url\":\"https:\/\/www.modocu.com\/app\/uploads\/2024\/08\/final-logo.svg\",\"contentUrl\":\"https:\/\/www.modocu.com\/app\/uploads\/2024\/08\/final-logo.svg\",\"width\":1,\"height\":1,\"caption\":\"Modocu - Fotodokumentation f\u00fcr die Baustelle und vor Ort\"},\"image\":{\"@id\":\"https:\/\/www.modocu.com\/#\/schema\/logo\/image\/\"},\"sameAs\":[\"https:\/\/www.facebook.com\/modocusoft\/\",\"https:\/\/www.linkedin.com\/company\/modocu\/\",\"https:\/\/www.instagram.com\/modocu_software\/\",\"https:\/\/www.youtube.com\/channel\/UCZ5Frx3PR0PoL4ep-M4ULSA\"]}]}<\/script>\n<!-- \/ Yoast SEO plugin. -->","yoast_head_json":{"title":"Nejjednodu\u0161\u0161\u00ed zp\u016fsob dokumentace projekt\u016f. - Modocu - Fotodokumentation f\u00fcr die Baustelle und vor Ort","robots":{"index":"index","follow":"follow","max-snippet":"max-snippet:-1","max-image-preview":"max-image-preview:large","max-video-preview":"max-video-preview:-1"},"canonical":"https:\/\/www.modocu.com\/cs\/","og_locale":"cs_CZ","og_type":"article","og_title":"Nejjednodu\u0161\u0161\u00ed zp\u016fsob dokumentace projekt\u016f. - Modocu - Fotodokumentation f\u00fcr die Baustelle und vor Ort","og_description":"Modocu zjednodu\u0161uje cel\u00fd proces tvorby projektov\u00e9 dokumentace. A\u0165 u\u017e na stavb\u011b nebo v kancel\u00e1\u0159i, uspo\u0159\u00e1dejte sv\u00e9 fotografie a dokumenty, vytv\u00e1\u0159ejte zpr\u00e1vy a mnoho dal\u0161\u00edho bez n\u00e1mahy pomoc\u00ed jedin\u00e9ho \u0159e\u0161en\u00ed.","og_url":"https:\/\/www.modocu.com\/cs\/","og_site_name":"Modocu - Fotodokumentation f\u00fcr die Baustelle und vor Ort","article_publisher":"https:\/\/www.facebook.com\/modocusoft\/","article_modified_time":"2024-09-11T12:01:34+00:00","twitter_card":"summary_large_image","twitter_misc":{"Est. reading time":"1 minute"},"schema":{"@context":"https:\/\/schema.org","@graph":[{"@type":"WebPage","@id":"https:\/\/www.modocu.com\/cs\/","url":"https:\/\/www.modocu.com\/cs\/","name":"Nejjednodu\u0161\u0161\u00ed zp\u016fsob dokumentace projekt\u016f. - Modocu - Fotodokumentation f\u00fcr die Baustelle und vor Ort","isPartOf":{"@id":"https:\/\/www.modocu.com\/#website"},"datePublished":"2023-12-30T18:25:44+00:00","dateModified":"2024-09-11T12:01:34+00:00","breadcrumb":{"@id":"https:\/\/www.modocu.com\/cs\/#breadcrumb"},"inLanguage":"cs-CZ","potentialAction":[{"@type":"ReadAction","target":["https:\/\/www.modocu.com\/cs\/"]}]},{"@type":"BreadcrumbList","@id":"https:\/\/www.modocu.com\/cs\/#breadcrumb","itemListElement":[{"@type":"ListItem","position":1,"name":"Startseite","item":"https:\/\/www.modocu.com\/cs\/"},{"@type":"ListItem","position":2,"name":"Nejjednodu\u0161\u0161\u00ed zp\u016fsob dokumentace projekt\u016f."}]},{"@type":"WebSite","@id":"https:\/\/www.modocu.com\/#website","url":"https:\/\/www.modocu.com\/","name":"Modocu - Fotodokumentation f\u00fcr die Baustelle und vor Ort","description":"","publisher":{"@id":"https:\/\/www.modocu.com\/#organization"},"potentialAction":[{"@type":"SearchAction","target":{"@type":"EntryPoint","urlTemplate":"https:\/\/www.modocu.com\/?s={search_term_string}"},"query-input":{"@type":"PropertyValueSpecification","valueRequired":true,"valueName":"search_term_string"}}],"inLanguage":"cs-CZ"},{"@type":"Organization","@id":"https:\/\/www.modocu.com\/#organization","name":"Modocu - Fotodokumentation f\u00fcr die Baustelle und vor Ort","url":"https:\/\/www.modocu.com\/","logo":{"@type":"ImageObject","inLanguage":"cs-CZ","@id":"https:\/\/www.modocu.com\/#\/schema\/logo\/image\/","url":"https:\/\/www.modocu.com\/app\/uploads\/2024\/08\/final-logo.svg","contentUrl":"https:\/\/www.modocu.com\/app\/uploads\/2024\/08\/final-logo.svg","width":1,"height":1,"caption":"Modocu - Fotodokumentation f\u00fcr die Baustelle und vor Ort"},"image":{"@id":"https:\/\/www.modocu.com\/#\/schema\/logo\/image\/"},"sameAs":["https:\/\/www.facebook.com\/modocusoft\/","https:\/\/www.linkedin.com\/company\/modocu\/","https:\/\/www.instagram.com\/modocu_software\/","https:\/\/www.youtube.com\/channel\/UCZ5Frx3PR0PoL4ep-M4ULSA"]}]}},"_links":{"self":[{"href":"https:\/\/www.modocu.com\/cs\/wp-json\/wp\/v2\/pages\/1701","targetHints":{"allow":["GET"]}}],"collection":[{"href":"https:\/\/www.modocu.com\/cs\/wp-json\/wp\/v2\/pages"}],"about":[{"href":"https:\/\/www.modocu.com\/cs\/wp-json\/wp\/v2\/types\/page"}],"author":[{"embeddable":true,"href":"https:\/\/www.modocu.com\/cs\/wp-json\/wp\/v2\/users\/1"}],"replies":[{"embeddable":true,"href":"https:\/\/www.modocu.com\/cs\/wp-json\/wp\/v2\/comments?post=1701"}],"version-history":[{"count":1,"href":"https:\/\/www.modocu.com\/cs\/wp-json\/wp\/v2\/pages\/1701\/revisions"}],"predecessor-version":[{"id":1705,"href":"https:\/\/www.modocu.com\/cs\/wp-json\/wp\/v2\/pages\/1701\/revisions\/1705"}],"wp:attachment":[{"href":"https:\/\/www.modocu.com\/cs\/wp-json\/wp\/v2\/media?parent=1701"}],"curies":[{"name":"wp","href":"https:\/\/api.w.org\/{rel}","templated":true}]}}