{"id":1726,"date":"2023-12-30T18:25:19","date_gmt":"2023-12-30T18:25:19","guid":{"rendered":"https:\/\/www.modocu.com\/impressum\/"},"modified":"2024-09-11T15:05:53","modified_gmt":"2024-09-11T15:05:53","slug":"impressum","status":"publish","type":"page","link":"https:\/\/www.modocu.com\/cs\/impressum\/","title":{"rendered":"Otisk \/ Imprint"},"content":{"rendered":"\n<h4 class=\"wp-block-heading\">Informa\u010dn\u00ed povinnost podle \u00a7 5 z\u00e1kona o elektronick\u00e9m obchodu, \u00a7 14 obchodn\u00edho z\u00e1kon\u00edku a \u00a7 63 z\u00e1kona o \u017eivnostensk\u00e9m podnik\u00e1n\u00ed a informa\u010dn\u00ed povinnost podle \u00a7 25 medi\u00e1ln\u00edho z\u00e1kona.<\/h4>\n\n\n\n<h4 class=\"wp-block-heading\"><strong>\u00dadaje o spole\u010dnosti \/ Firemn\u00ed \u00fadaje<\/strong><\/h4>\n\n\n\n<figure class=\"wp-block-table\"><table><tbody><tr><td>N\u00e1zev spole\u010dnosti<\/td><td>Modocu Software GmbH<\/td><\/tr><tr><td>Adresa spole\u010dnosti<\/td><td>Oppolzergasse 6\/10, 1010 Wien, \u00d6sterreich<\/td><\/tr><tr><td>Telefonn\u00ed \u010d\u00edslo<\/td><td>+43 1 99780211<\/td><\/tr><tr><td>Webov\u00e1 adresa<\/td><td><a href=\"https:\/\/www.modocu.com\/cs\/\">www.modocu.com<\/a><\/td><\/tr><tr><td>Veden\u00ed spole\u010dnosti<\/td><td>Dipl.-Ing. Christoph Hahn<\/td><\/tr><tr><td>UID<\/td><td>ATU72382815<\/td><\/tr><tr><td>Registra\u010dn\u00ed \u010d\u00edslo spole\u010dnosti<\/td><td>FN47359<\/td><\/tr><tr><td>Soud spole\u010dnosti<\/td><td>Obchodn\u00ed soud ve V\u00eddni<\/td><\/tr><tr><td>\u00da\u0159ad podle ECG (z\u00e1kon o elektronick\u00e9m obchodu)<\/td><td>M\u011bstsk\u00fd \u00fa\u0159ad 1. obvodu<\/td><\/tr><tr><td>Jin\u00fd dozorov\u00fd org\u00e1n (podle ECG)<\/td><td>Magistr\u00e1t m\u011bsta V\u00eddn\u011b, Magistr\u00e1tn\u00ed obvodn\u00ed \u00fa\u0159ad 1.\/8. obvodu; \u010dlen WKO, WKO V\u00edde\u0148.<\/td><\/tr><tr><td>Platn\u00e9 pr\u00e1vn\u00ed p\u0159edpisy<\/td><td>\u017divnostensk\u00e9 p\u0159edpisy: www.ris.bka.gv.at Bezirkshauptmannschaft Wien<\/td><\/tr><tr><td>Pr\u00e1vn\u00ed forma<\/td><td>Spole\u010dnost s ru\u010den\u00edm omezen\u00fdm<\/td><\/tr><tr><td>Dal\u0161\u00ed informace podle \u00a7 14 UGB<\/td><td>\u017e\u00e1dn\u00e1<\/td><\/tr><\/tbody><\/table><\/figure>\n\n\n\n<h4 class=\"wp-block-heading\"><strong>Zve\u0159ejn\u011bn\u00ed informac\u00ed podle \u00a7 25 medi\u00e1ln\u00edho z\u00e1kona<\/strong><\/h4>\n\n\n\n<figure class=\"wp-block-table\"><table><tbody><tr><td>Vlastn\u00edk m\u00e9dia<\/td><td>Modocu Software GmbH<\/td><\/tr><tr><td>S\u00eddlo (um\u00edst\u011bn\u00ed \u00fast\u0159ed\u00ed)<\/td><td>V\u00edde\u0148, Rakousko<\/td><\/tr><tr><td>P\u0159edm\u011bt podnik\u00e1n\u00ed spole\u010dnosti<\/td><td>V\u00fdvoj, provoz a distribuce softwaru<\/td><\/tr><\/tbody><\/table><\/figure>\n\n\n\n<h4 class=\"wp-block-heading\">\u010clen V\u00edde\u0148sk\u00e9 obchodn\u00ed komory<\/h4>\n\n\n\n<figure class=\"wp-block-table\"><table><tbody><tr><td>Specializovan\u00e1 skupina<\/td><td><a href=\"http:\/\/portal.wko.at\/wk\/kontakt_dst.wk?DstID=5344\">FG Poradenstv\u00ed v oblasti \u0159\u00edzen\u00ed a informa\u010dn\u00edch technologi\u00ed<\/a><\/td><\/tr><tr><td>Opr\u00e1vn\u011bn\u00ed<\/td><td>Slu\u017eby v oblasti automatick\u00e9ho zpracov\u00e1n\u00ed dat a informa\u010dn\u00edch technologi\u00ed<\/td><\/tr><\/tbody><\/table><\/figure>\n\n\n\n<p><a href=\"https:\/\/www.modocu.com\/cs\/tom\/\">Technisch-organisatorische Ma\u00dfnahmen<\/a><\/p>\n\n\n\n<p><a href=\"https:\/\/www.modocu.com\/cs\/subprocessors\/\">Sub-Auftragsverarbeiter \/ Subprocessors<\/a><\/p>\n\n\n\n<p><\/p>\n\n\n\n<p><\/p>\n\n\n\n<p><\/p>\n\n\n\n<p><\/p>\n","protected":false},"excerpt":{"rendered":"<p>Informa\u010dn\u00ed povinnost podle \u00a7 5 z\u00e1kona o elektronick\u00e9m obchodu, \u00a7 14 obchodn\u00edho z\u00e1kon\u00edku a \u00a7 63 z\u00e1kona o \u017eivnostensk\u00e9m podnik\u00e1n\u00ed a informa\u010dn\u00ed povinnost podle \u00a7 25 medi\u00e1ln\u00edho z\u00e1kona. \u00dadaje o spole\u010dnosti \/ Firemn\u00ed \u00fadaje N\u00e1zev spole\u010dnosti Modocu Software GmbH Adresa spole\u010dnosti Oppolzergasse 6\/10, 1010 Wien, \u00d6sterreich Telefonn\u00ed \u010d\u00edslo +43 1 99780211 Webov\u00e1 adresa www.modocu.com Veden\u00ed &hellip; <a href=\"https:\/\/www.modocu.com\/cs\/impressum\/\">Continued<\/a><\/p>\n","protected":false},"author":1,"featured_media":0,"parent":0,"menu_order":0,"comment_status":"closed","ping_status":"open","template":"","meta":{"_acf_changed":false,"footnotes":""},"class_list":["post-1726","page","type-page","status-publish","hentry"],"acf":[],"yoast_head":"<!-- This site is optimized with the Yoast SEO plugin v27.2 - https:\/\/yoast.com\/product\/yoast-seo-wordpress\/ -->\n<title>Otisk \/ Imprint - Modocu - Fotodokumentation f\u00fcr die Baustelle und vor Ort<\/title>\n<meta name=\"robots\" content=\"index, follow, max-snippet:-1, max-image-preview:large, max-video-preview:-1\" \/>\n<link rel=\"canonical\" href=\"https:\/\/www.modocu.com\/cs\/impressum\/\" \/>\n<meta property=\"og:locale\" content=\"cs_CZ\" \/>\n<meta property=\"og:type\" content=\"article\" \/>\n<meta property=\"og:title\" content=\"Otisk \/ Imprint - Modocu - Fotodokumentation f\u00fcr die Baustelle und vor Ort\" \/>\n<meta property=\"og:description\" content=\"Informa\u010dn\u00ed povinnost podle \u00a7 5 z\u00e1kona o elektronick\u00e9m obchodu, \u00a7 14 obchodn\u00edho z\u00e1kon\u00edku a \u00a7 63 z\u00e1kona o \u017eivnostensk\u00e9m podnik\u00e1n\u00ed a informa\u010dn\u00ed povinnost podle \u00a7 25 medi\u00e1ln\u00edho z\u00e1kona. \u00dadaje o spole\u010dnosti \/ Firemn\u00ed \u00fadaje N\u00e1zev spole\u010dnosti Modocu Software GmbH Adresa spole\u010dnosti Oppolzergasse 6\/10, 1010 Wien, \u00d6sterreich Telefonn\u00ed \u010d\u00edslo +43 1 99780211 Webov\u00e1 adresa www.modocu.com Veden\u00ed &hellip; Continued\" \/>\n<meta property=\"og:url\" content=\"https:\/\/www.modocu.com\/cs\/impressum\/\" \/>\n<meta property=\"og:site_name\" content=\"Modocu - Fotodokumentation f\u00fcr die Baustelle und vor Ort\" \/>\n<meta property=\"article:publisher\" content=\"https:\/\/www.facebook.com\/modocusoft\/\" \/>\n<meta property=\"article:modified_time\" content=\"2024-09-11T15:05:53+00:00\" \/>\n<meta name=\"twitter:card\" content=\"summary_large_image\" \/>\n<meta name=\"twitter:label1\" content=\"Est. reading time\" \/>\n\t<meta name=\"twitter:data1\" content=\"1 minute\" \/>\n<script type=\"application\/ld+json\" class=\"yoast-schema-graph\">{\"@context\":\"https:\/\/schema.org\",\"@graph\":[{\"@type\":\"WebPage\",\"@id\":\"https:\/\/www.modocu.com\/cs\/impressum\/\",\"url\":\"https:\/\/www.modocu.com\/cs\/impressum\/\",\"name\":\"Otisk \/ Imprint - Modocu - Fotodokumentation f\u00fcr die Baustelle und vor Ort\",\"isPartOf\":{\"@id\":\"https:\/\/www.modocu.com\/#website\"},\"datePublished\":\"2023-12-30T18:25:19+00:00\",\"dateModified\":\"2024-09-11T15:05:53+00:00\",\"breadcrumb\":{\"@id\":\"https:\/\/www.modocu.com\/cs\/impressum\/#breadcrumb\"},\"inLanguage\":\"cs-CZ\",\"potentialAction\":[{\"@type\":\"ReadAction\",\"target\":[\"https:\/\/www.modocu.com\/cs\/impressum\/\"]}]},{\"@type\":\"BreadcrumbList\",\"@id\":\"https:\/\/www.modocu.com\/cs\/impressum\/#breadcrumb\",\"itemListElement\":[{\"@type\":\"ListItem\",\"position\":1,\"name\":\"Startseite\",\"item\":\"https:\/\/www.modocu.com\/cs\/\"},{\"@type\":\"ListItem\",\"position\":2,\"name\":\"Otisk \/ Imprint\"}]},{\"@type\":\"WebSite\",\"@id\":\"https:\/\/www.modocu.com\/#website\",\"url\":\"https:\/\/www.modocu.com\/\",\"name\":\"Modocu - Fotodokumentation f\u00fcr die Baustelle und vor Ort\",\"description\":\"\",\"publisher\":{\"@id\":\"https:\/\/www.modocu.com\/#organization\"},\"potentialAction\":[{\"@type\":\"SearchAction\",\"target\":{\"@type\":\"EntryPoint\",\"urlTemplate\":\"https:\/\/www.modocu.com\/?s={search_term_string}\"},\"query-input\":{\"@type\":\"PropertyValueSpecification\",\"valueRequired\":true,\"valueName\":\"search_term_string\"}}],\"inLanguage\":\"cs-CZ\"},{\"@type\":\"Organization\",\"@id\":\"https:\/\/www.modocu.com\/#organization\",\"name\":\"Modocu - Fotodokumentation f\u00fcr die Baustelle und vor Ort\",\"url\":\"https:\/\/www.modocu.com\/\",\"logo\":{\"@type\":\"ImageObject\",\"inLanguage\":\"cs-CZ\",\"@id\":\"https:\/\/www.modocu.com\/#\/schema\/logo\/image\/\",\"url\":\"https:\/\/www.modocu.com\/app\/uploads\/2024\/08\/final-logo.svg\",\"contentUrl\":\"https:\/\/www.modocu.com\/app\/uploads\/2024\/08\/final-logo.svg\",\"width\":1,\"height\":1,\"caption\":\"Modocu - Fotodokumentation f\u00fcr die Baustelle und vor Ort\"},\"image\":{\"@id\":\"https:\/\/www.modocu.com\/#\/schema\/logo\/image\/\"},\"sameAs\":[\"https:\/\/www.facebook.com\/modocusoft\/\",\"https:\/\/www.linkedin.com\/company\/modocu\/\",\"https:\/\/www.instagram.com\/modocu_software\/\",\"https:\/\/www.youtube.com\/channel\/UCZ5Frx3PR0PoL4ep-M4ULSA\"]}]}<\/script>\n<!-- \/ Yoast SEO plugin. -->","yoast_head_json":{"title":"Otisk \/ Imprint - Modocu - Fotodokumentation f\u00fcr die Baustelle und vor Ort","robots":{"index":"index","follow":"follow","max-snippet":"max-snippet:-1","max-image-preview":"max-image-preview:large","max-video-preview":"max-video-preview:-1"},"canonical":"https:\/\/www.modocu.com\/cs\/impressum\/","og_locale":"cs_CZ","og_type":"article","og_title":"Otisk \/ Imprint - Modocu - Fotodokumentation f\u00fcr die Baustelle und vor Ort","og_description":"Informa\u010dn\u00ed povinnost podle \u00a7 5 z\u00e1kona o elektronick\u00e9m obchodu, \u00a7 14 obchodn\u00edho z\u00e1kon\u00edku a \u00a7 63 z\u00e1kona o \u017eivnostensk\u00e9m podnik\u00e1n\u00ed a informa\u010dn\u00ed povinnost podle \u00a7 25 medi\u00e1ln\u00edho z\u00e1kona. \u00dadaje o spole\u010dnosti \/ Firemn\u00ed \u00fadaje N\u00e1zev spole\u010dnosti Modocu Software GmbH Adresa spole\u010dnosti Oppolzergasse 6\/10, 1010 Wien, \u00d6sterreich Telefonn\u00ed \u010d\u00edslo +43 1 99780211 Webov\u00e1 adresa www.modocu.com Veden\u00ed &hellip; Continued","og_url":"https:\/\/www.modocu.com\/cs\/impressum\/","og_site_name":"Modocu - Fotodokumentation f\u00fcr die Baustelle und vor Ort","article_publisher":"https:\/\/www.facebook.com\/modocusoft\/","article_modified_time":"2024-09-11T15:05:53+00:00","twitter_card":"summary_large_image","twitter_misc":{"Est. reading time":"1 minute"},"schema":{"@context":"https:\/\/schema.org","@graph":[{"@type":"WebPage","@id":"https:\/\/www.modocu.com\/cs\/impressum\/","url":"https:\/\/www.modocu.com\/cs\/impressum\/","name":"Otisk \/ Imprint - Modocu - Fotodokumentation f\u00fcr die Baustelle und vor Ort","isPartOf":{"@id":"https:\/\/www.modocu.com\/#website"},"datePublished":"2023-12-30T18:25:19+00:00","dateModified":"2024-09-11T15:05:53+00:00","breadcrumb":{"@id":"https:\/\/www.modocu.com\/cs\/impressum\/#breadcrumb"},"inLanguage":"cs-CZ","potentialAction":[{"@type":"ReadAction","target":["https:\/\/www.modocu.com\/cs\/impressum\/"]}]},{"@type":"BreadcrumbList","@id":"https:\/\/www.modocu.com\/cs\/impressum\/#breadcrumb","itemListElement":[{"@type":"ListItem","position":1,"name":"Startseite","item":"https:\/\/www.modocu.com\/cs\/"},{"@type":"ListItem","position":2,"name":"Otisk \/ Imprint"}]},{"@type":"WebSite","@id":"https:\/\/www.modocu.com\/#website","url":"https:\/\/www.modocu.com\/","name":"Modocu - Fotodokumentation f\u00fcr die Baustelle und vor Ort","description":"","publisher":{"@id":"https:\/\/www.modocu.com\/#organization"},"potentialAction":[{"@type":"SearchAction","target":{"@type":"EntryPoint","urlTemplate":"https:\/\/www.modocu.com\/?s={search_term_string}"},"query-input":{"@type":"PropertyValueSpecification","valueRequired":true,"valueName":"search_term_string"}}],"inLanguage":"cs-CZ"},{"@type":"Organization","@id":"https:\/\/www.modocu.com\/#organization","name":"Modocu - Fotodokumentation f\u00fcr die Baustelle und vor Ort","url":"https:\/\/www.modocu.com\/","logo":{"@type":"ImageObject","inLanguage":"cs-CZ","@id":"https:\/\/www.modocu.com\/#\/schema\/logo\/image\/","url":"https:\/\/www.modocu.com\/app\/uploads\/2024\/08\/final-logo.svg","contentUrl":"https:\/\/www.modocu.com\/app\/uploads\/2024\/08\/final-logo.svg","width":1,"height":1,"caption":"Modocu - Fotodokumentation f\u00fcr die Baustelle und vor Ort"},"image":{"@id":"https:\/\/www.modocu.com\/#\/schema\/logo\/image\/"},"sameAs":["https:\/\/www.facebook.com\/modocusoft\/","https:\/\/www.linkedin.com\/company\/modocu\/","https:\/\/www.instagram.com\/modocu_software\/","https:\/\/www.youtube.com\/channel\/UCZ5Frx3PR0PoL4ep-M4ULSA"]}]}},"_links":{"self":[{"href":"https:\/\/www.modocu.com\/cs\/wp-json\/wp\/v2\/pages\/1726","targetHints":{"allow":["GET"]}}],"collection":[{"href":"https:\/\/www.modocu.com\/cs\/wp-json\/wp\/v2\/pages"}],"about":[{"href":"https:\/\/www.modocu.com\/cs\/wp-json\/wp\/v2\/types\/page"}],"author":[{"embeddable":true,"href":"https:\/\/www.modocu.com\/cs\/wp-json\/wp\/v2\/users\/1"}],"replies":[{"embeddable":true,"href":"https:\/\/www.modocu.com\/cs\/wp-json\/wp\/v2\/comments?post=1726"}],"version-history":[{"count":1,"href":"https:\/\/www.modocu.com\/cs\/wp-json\/wp\/v2\/pages\/1726\/revisions"}],"predecessor-version":[{"id":1728,"href":"https:\/\/www.modocu.com\/cs\/wp-json\/wp\/v2\/pages\/1726\/revisions\/1728"}],"wp:attachment":[{"href":"https:\/\/www.modocu.com\/cs\/wp-json\/wp\/v2\/media?parent=1726"}],"curies":[{"name":"wp","href":"https:\/\/api.w.org\/{rel}","templated":true}]}}