{"id":1577,"date":"2024-01-07T13:39:04","date_gmt":"2024-01-07T13:39:04","guid":{"rendered":"https:\/\/www.modocu.com\/produkte\/mobile-app\/"},"modified":"2024-09-11T09:53:43","modified_gmt":"2024-09-11T09:53:43","slug":"mobilni-aplikace","status":"publish","type":"product","link":"https:\/\/www.modocu.com\/cs\/produkty\/mobilni-aplikace\/","title":{"rendered":"Na m\u00edst\u011b s aplikac\u00ed pro iOS a Android"},"content":{"rendered":"\n<div class=\"wp-block-media-text is-stacked-on-mobile rounded-image\" style=\"grid-template-columns:32% auto\"><figure class=\"wp-block-media-text__media\"><img loading=\"lazy\" decoding=\"async\" width=\"500\" height=\"613\" src=\"https:\/\/www.modocu.com\/app\/uploads\/2024\/04\/fotografieren-1.jpg\" alt=\"\" class=\"wp-image-1057 size-full\" srcset=\"https:\/\/www.modocu.com\/app\/uploads\/2024\/04\/fotografieren-1.jpg 500w, https:\/\/www.modocu.com\/app\/uploads\/2024\/04\/fotografieren-1-245x300.jpg 245w\" sizes=\"auto, (max-width: 500px) 100vw, 500px\" \/><\/figure><div class=\"wp-block-media-text__content\">\n<h2 class=\"wp-block-heading\"><strong>Jednoduch\u00e9 a zn\u00e1m\u00e9 ovl\u00e1d\u00e1n\u00ed<\/strong><\/h2>\n\n\n\n<p>Vyberte nebo vytvo\u0159te projekt nebo \u00fakol. Nahr\u00e1vejte fotografie, hlasov\u00e9 pozn\u00e1mky a textov\u00e9 koment\u00e1\u0159e, jak jste zvykl\u00ed z jin\u00fdch aplikac\u00ed. Hlasov\u00e9 a textov\u00e9 koment\u00e1\u0159e lze vytv\u00e1\u0159et bu\u010f pro projekt, nebo pro konkr\u00e9tn\u00ed fotografii. Nen\u00ed nutn\u00e9 \u017e\u00e1dn\u00e9 \u0161kolen\u00ed a m\u016f\u017eete za\u010d\u00edt ihned pracovat.<\/p>\n<\/div><\/div>\n\n\n\n<p><\/p>\n\n\n\n<div class=\"wp-block-media-text has-media-on-the-right is-stacked-on-mobile\" style=\"grid-template-columns:auto 32%\"><div class=\"wp-block-media-text__content\">\n<h2 class=\"wp-block-heading\"><strong>Import m\u00e9di\u00ed<\/strong><\/h2>\n\n\n\n<p>Krom\u011b vytv\u00e1\u0159en\u00ed fotografi\u00ed, hlasov\u00fdch pozn\u00e1mek a textov\u00fdch koment\u00e1\u0159\u016f v mobiln\u00ed aplikaci m\u016f\u017eete tak\u00e9 importovat m\u00e9dia ze sv\u00e9ho za\u0159\u00edzen\u00ed. Importovan\u00e1 m\u00e9dia se rovn\u011b\u017e p\u0159enesou do vybran\u00e9ho projektu a synchronizuj\u00ed se.<\/p>\n<\/div><figure class=\"wp-block-media-text__media\"><img loading=\"lazy\" decoding=\"async\" width=\"622\" height=\"1024\" src=\"https:\/\/www.modocu.com\/app\/uploads\/2024\/04\/modocu-upload-phone-min-622x1024.png\" alt=\"\" class=\"wp-image-1044 size-full\" srcset=\"https:\/\/www.modocu.com\/app\/uploads\/2024\/04\/modocu-upload-phone-min-622x1024.png 622w, https:\/\/www.modocu.com\/app\/uploads\/2024\/04\/modocu-upload-phone-min-182x300.png 182w, https:\/\/www.modocu.com\/app\/uploads\/2024\/04\/modocu-upload-phone-min.png 700w\" sizes=\"auto, (max-width: 622px) 100vw, 622px\" \/><\/figure><\/div>\n\n\n\n<p><\/p>\n\n\n\n<div class=\"wp-block-media-text is-stacked-on-mobile rounded-image\" style=\"grid-template-columns:42% auto\"><figure class=\"wp-block-media-text__media\"><img loading=\"lazy\" decoding=\"async\" width=\"500\" height=\"263\" src=\"https:\/\/www.modocu.com\/app\/uploads\/2024\/04\/zeichnen.jpg\" alt=\"\" class=\"wp-image-1056 size-full\" srcset=\"https:\/\/www.modocu.com\/app\/uploads\/2024\/04\/zeichnen.jpg 500w, https:\/\/www.modocu.com\/app\/uploads\/2024\/04\/zeichnen-300x158.jpg 300w\" sizes=\"auto, (max-width: 500px) 100vw, 500px\" \/><\/figure><div class=\"wp-block-media-text__content\">\n<h2 class=\"wp-block-heading\"><strong>Kreslete a sd\u00edlejte<\/strong><\/h2>\n\n\n\n<p>M\u016f\u017eete kreslit do fotografi\u00ed nebo vytvo\u0159it n\u00e1\u010drt pomoc\u00ed r\u016fzn\u00fdch barev a \u0161\u00ed\u0159ek \u010dar. Kopie p\u016fvodn\u00ed fotografie z\u016fstane zachov\u00e1na. K m\u00e9di\u00edm lze vytvo\u0159it libovoln\u00fd po\u010det textov\u00fdch koment\u00e1\u0159\u016f a hlasov\u00fdch pozn\u00e1mek. M\u00e9dia je tak\u00e9 mo\u017en\u00e9 odeslat p\u0159\u00edmo z mobiln\u00ed aplikace.<\/p>\n<\/div><\/div>\n\n\n\n<p><\/p>\n\n\n\n<div class=\"wp-block-media-text has-media-on-the-right is-stacked-on-mobile\" style=\"grid-template-columns:auto 32%\"><div class=\"wp-block-media-text__content\">\n<h2 class=\"wp-block-heading\"><strong>Kategorie a obl\u00edben\u00e9 polo\u017eky<\/strong><\/h2>\n\n\n\n<p>M\u00e9dia m\u016f\u017eete ozna\u010dit jako obl\u00edben\u00e1 a p\u0159i\u0159adit jim jednu nebo v\u00edce kategori\u00ed, abyste je rychleji na\u0161li. Pomoc\u00ed funkce kategori\u00ed v mobiln\u00ed aplikaci m\u016f\u017eete m\u00e9dia na m\u00edst\u011b kategorizovat a pozd\u011bji podle nich snadno filtrovat.<\/p>\n<\/div><figure class=\"wp-block-media-text__media\"><img loading=\"lazy\" decoding=\"async\" width=\"622\" height=\"1024\" src=\"https:\/\/www.modocu.com\/app\/uploads\/2024\/04\/modocu-categories-phone-min-622x1024.png\" alt=\"\" class=\"wp-image-1045 size-full\" srcset=\"https:\/\/www.modocu.com\/app\/uploads\/2024\/04\/modocu-categories-phone-min-622x1024.png 622w, https:\/\/www.modocu.com\/app\/uploads\/2024\/04\/modocu-categories-phone-min-182x300.png 182w, https:\/\/www.modocu.com\/app\/uploads\/2024\/04\/modocu-categories-phone-min.png 700w\" sizes=\"auto, (max-width: 622px) 100vw, 622px\" \/><\/figure><\/div>\n\n\n\n<p><\/p>\n\n\n\n<div class=\"wp-block-media-text is-stacked-on-mobile\" style=\"grid-template-columns:32% auto\"><figure class=\"wp-block-media-text__media\"><img loading=\"lazy\" decoding=\"async\" width=\"622\" height=\"1024\" src=\"https:\/\/www.modocu.com\/app\/uploads\/2024\/04\/modocu-reports-phone-min-622x1024.png\" alt=\"\" class=\"wp-image-1046 size-full\" srcset=\"https:\/\/www.modocu.com\/app\/uploads\/2024\/04\/modocu-reports-phone-min-622x1024.png 622w, https:\/\/www.modocu.com\/app\/uploads\/2024\/04\/modocu-reports-phone-min-182x300.png 182w, https:\/\/www.modocu.com\/app\/uploads\/2024\/04\/modocu-reports-phone-min.png 700w\" sizes=\"auto, (max-width: 622px) 100vw, 622px\" \/><\/figure><div class=\"wp-block-media-text__content\">\n<h2 class=\"wp-block-heading\"><strong>Zpr\u00e1vy (stavebn\u00ed den\u00edk, denn\u00ed zpr\u00e1vy a zpr\u00e1vy o stavb\u011b)<\/strong><\/h2>\n\n\n\n<p>D\u00edky funkci denn\u00edch a stavebn\u00edch v\u00fdkaz\u016f v mobiln\u00ed aplikaci m\u00e1te mo\u017enost vytv\u00e1\u0159et a schvalovat v\u00fdkazy digit\u00e1ln\u011b p\u0159\u00edmo na stavb\u011b. V\u00fdkazy jsou synchronizov\u00e1ny v re\u00e1ln\u00e9m \u010dase a jsou okam\u017eit\u011b k dispozici v\u0161em u\u017eivatel\u016fm.<\/p>\n<\/div><\/div>\n\n\n\n<p><\/p>\n\n\n\n<div class=\"wp-block-media-text has-media-on-the-right is-stacked-on-mobile\" style=\"grid-template-columns:auto 32%\"><div class=\"wp-block-media-text__content\">\n<h2 class=\"wp-block-heading\"><strong>Ukl\u00e1d\u00e1n\u00ed a synchronizace<\/strong><\/h2>\n\n\n\n<p>Va\u0161e data se automaticky ukl\u00e1daj\u00ed a synchronizuj\u00ed se spr\u00e1vn\u00fdm projektem nebo zak\u00e1zkou v cloudu. To znamen\u00e1, \u017ee data jsou okam\u017eit\u011b a v\u0161ude k dispozici v\u0161em u\u017eivatel\u016fm a mohou b\u00fdt okam\u017eit\u011b pou\u017eita. Pokud jste offline, va\u0161e data se jednodu\u0161e automaticky synchronizuj\u00ed pozd\u011bji (jakmile budete op\u011bt online).<\/p>\n<\/div><figure class=\"wp-block-media-text__media\"><img loading=\"lazy\" decoding=\"async\" width=\"622\" height=\"1024\" src=\"https:\/\/www.modocu.com\/app\/uploads\/2024\/04\/modocu-synchronisation-phone-min-622x1024.png\" alt=\"\" class=\"wp-image-1047 size-full\" srcset=\"https:\/\/www.modocu.com\/app\/uploads\/2024\/04\/modocu-synchronisation-phone-min-622x1024.png 622w, https:\/\/www.modocu.com\/app\/uploads\/2024\/04\/modocu-synchronisation-phone-min-182x300.png 182w, https:\/\/www.modocu.com\/app\/uploads\/2024\/04\/modocu-synchronisation-phone-min.png 700w\" sizes=\"auto, (max-width: 622px) 100vw, 622px\" \/><\/figure><\/div>\n\n\n\n<p><\/p>\n","protected":false},"template":"","class_list":["post-1577","product","type-product","status-publish","hentry"],"acf":[],"yoast_head":"<!-- This site is optimized with the Yoast SEO plugin v27.2 - https:\/\/yoast.com\/product\/yoast-seo-wordpress\/ -->\n<title>Na m\u00edst\u011b s aplikac\u00ed pro iOS a Android - Modocu - Fotodokumentation f\u00fcr die Baustelle und vor Ort<\/title>\n<meta name=\"robots\" content=\"index, follow, max-snippet:-1, max-image-preview:large, max-video-preview:-1\" \/>\n<link rel=\"canonical\" href=\"https:\/\/www.modocu.com\/cs\/produkte\/mobilni-aplikace\/\" \/>\n<meta property=\"og:locale\" content=\"cs_CZ\" \/>\n<meta property=\"og:type\" content=\"article\" \/>\n<meta property=\"og:title\" content=\"Na m\u00edst\u011b s aplikac\u00ed pro iOS a Android - Modocu - Fotodokumentation f\u00fcr die Baustelle und vor Ort\" \/>\n<meta property=\"og:description\" content=\"Jednoduch\u00e9 a zn\u00e1m\u00e9 ovl\u00e1d\u00e1n\u00ed Vyberte nebo vytvo\u0159te projekt nebo \u00fakol. Nahr\u00e1vejte fotografie, hlasov\u00e9 pozn\u00e1mky a textov\u00e9 koment\u00e1\u0159e, jak jste zvykl\u00ed z jin\u00fdch aplikac\u00ed. Hlasov\u00e9 a textov\u00e9 koment\u00e1\u0159e lze vytv\u00e1\u0159et bu\u010f pro projekt, nebo pro konkr\u00e9tn\u00ed fotografii. Nen\u00ed nutn\u00e9 \u017e\u00e1dn\u00e9 \u0161kolen\u00ed a m\u016f\u017eete za\u010d\u00edt ihned pracovat. Import m\u00e9di\u00ed Krom\u011b vytv\u00e1\u0159en\u00ed fotografi\u00ed, hlasov\u00fdch pozn\u00e1mek a textov\u00fdch koment\u00e1\u0159\u016f &hellip; Continued\" \/>\n<meta property=\"og:url\" content=\"https:\/\/www.modocu.com\/cs\/produkte\/mobilni-aplikace\/\" \/>\n<meta property=\"og:site_name\" content=\"Modocu - Fotodokumentation f\u00fcr die Baustelle und vor Ort\" \/>\n<meta property=\"article:publisher\" content=\"https:\/\/www.facebook.com\/modocusoft\/\" \/>\n<meta property=\"article:modified_time\" content=\"2024-09-11T09:53:43+00:00\" \/>\n<meta property=\"og:image\" content=\"https:\/\/www.modocu.com\/app\/uploads\/2024\/04\/fotografieren-1.jpg\" \/>\n<meta name=\"twitter:card\" content=\"summary_large_image\" \/>\n<meta name=\"twitter:label1\" content=\"Est. reading time\" \/>\n\t<meta name=\"twitter:data1\" content=\"3 minutes\" \/>\n<script type=\"application\/ld+json\" class=\"yoast-schema-graph\">{\"@context\":\"https:\/\/schema.org\",\"@graph\":[{\"@type\":\"WebPage\",\"@id\":\"https:\/\/www.modocu.com\/cs\/produkte\/mobilni-aplikace\/\",\"url\":\"https:\/\/www.modocu.com\/cs\/produkte\/mobilni-aplikace\/\",\"name\":\"Na m\u00edst\u011b s aplikac\u00ed pro iOS a Android - Modocu - Fotodokumentation f\u00fcr die Baustelle und vor Ort\",\"isPartOf\":{\"@id\":\"https:\/\/www.modocu.com\/#website\"},\"primaryImageOfPage\":{\"@id\":\"https:\/\/www.modocu.com\/cs\/produkte\/mobilni-aplikace\/#primaryimage\"},\"image\":{\"@id\":\"https:\/\/www.modocu.com\/cs\/produkte\/mobilni-aplikace\/#primaryimage\"},\"thumbnailUrl\":\"https:\/\/www.modocu.com\/app\/uploads\/2024\/04\/fotografieren-1.jpg\",\"datePublished\":\"2024-01-07T13:39:04+00:00\",\"dateModified\":\"2024-09-11T09:53:43+00:00\",\"breadcrumb\":{\"@id\":\"https:\/\/www.modocu.com\/cs\/produkte\/mobilni-aplikace\/#breadcrumb\"},\"inLanguage\":\"cs-CZ\",\"potentialAction\":[{\"@type\":\"ReadAction\",\"target\":[\"https:\/\/www.modocu.com\/cs\/produkte\/mobilni-aplikace\/\"]}]},{\"@type\":\"ImageObject\",\"inLanguage\":\"cs-CZ\",\"@id\":\"https:\/\/www.modocu.com\/cs\/produkte\/mobilni-aplikace\/#primaryimage\",\"url\":\"https:\/\/www.modocu.com\/app\/uploads\/2024\/04\/fotografieren-1.jpg\",\"contentUrl\":\"https:\/\/www.modocu.com\/app\/uploads\/2024\/04\/fotografieren-1.jpg\"},{\"@type\":\"BreadcrumbList\",\"@id\":\"https:\/\/www.modocu.com\/cs\/produkte\/mobilni-aplikace\/#breadcrumb\",\"itemListElement\":[{\"@type\":\"ListItem\",\"position\":1,\"name\":\"Startseite\",\"item\":\"https:\/\/www.modocu.com\/cs\/\"},{\"@type\":\"ListItem\",\"position\":2,\"name\":\"Produkte\",\"item\":\"https:\/\/www.modocu.com\/en\/products\/\"},{\"@type\":\"ListItem\",\"position\":3,\"name\":\"Na m\u00edst\u011b s aplikac\u00ed pro iOS a Android\"}]},{\"@type\":\"WebSite\",\"@id\":\"https:\/\/www.modocu.com\/#website\",\"url\":\"https:\/\/www.modocu.com\/\",\"name\":\"Modocu - Fotodokumentation f\u00fcr die Baustelle und vor Ort\",\"description\":\"\",\"publisher\":{\"@id\":\"https:\/\/www.modocu.com\/#organization\"},\"potentialAction\":[{\"@type\":\"SearchAction\",\"target\":{\"@type\":\"EntryPoint\",\"urlTemplate\":\"https:\/\/www.modocu.com\/?s={search_term_string}\"},\"query-input\":{\"@type\":\"PropertyValueSpecification\",\"valueRequired\":true,\"valueName\":\"search_term_string\"}}],\"inLanguage\":\"cs-CZ\"},{\"@type\":\"Organization\",\"@id\":\"https:\/\/www.modocu.com\/#organization\",\"name\":\"Modocu - Fotodokumentation f\u00fcr die Baustelle und vor Ort\",\"url\":\"https:\/\/www.modocu.com\/\",\"logo\":{\"@type\":\"ImageObject\",\"inLanguage\":\"cs-CZ\",\"@id\":\"https:\/\/www.modocu.com\/#\/schema\/logo\/image\/\",\"url\":\"https:\/\/www.modocu.com\/app\/uploads\/2024\/08\/final-logo.svg\",\"contentUrl\":\"https:\/\/www.modocu.com\/app\/uploads\/2024\/08\/final-logo.svg\",\"width\":1,\"height\":1,\"caption\":\"Modocu - Fotodokumentation f\u00fcr die Baustelle und vor Ort\"},\"image\":{\"@id\":\"https:\/\/www.modocu.com\/#\/schema\/logo\/image\/\"},\"sameAs\":[\"https:\/\/www.facebook.com\/modocusoft\/\",\"https:\/\/www.linkedin.com\/company\/modocu\/\",\"https:\/\/www.instagram.com\/modocu_software\/\",\"https:\/\/www.youtube.com\/channel\/UCZ5Frx3PR0PoL4ep-M4ULSA\"]}]}<\/script>\n<!-- \/ Yoast SEO plugin. -->","yoast_head_json":{"title":"Na m\u00edst\u011b s aplikac\u00ed pro iOS a Android - Modocu - Fotodokumentation f\u00fcr die Baustelle und vor Ort","robots":{"index":"index","follow":"follow","max-snippet":"max-snippet:-1","max-image-preview":"max-image-preview:large","max-video-preview":"max-video-preview:-1"},"canonical":"https:\/\/www.modocu.com\/cs\/produkte\/mobilni-aplikace\/","og_locale":"cs_CZ","og_type":"article","og_title":"Na m\u00edst\u011b s aplikac\u00ed pro iOS a Android - Modocu - Fotodokumentation f\u00fcr die Baustelle und vor Ort","og_description":"Jednoduch\u00e9 a zn\u00e1m\u00e9 ovl\u00e1d\u00e1n\u00ed Vyberte nebo vytvo\u0159te projekt nebo \u00fakol. Nahr\u00e1vejte fotografie, hlasov\u00e9 pozn\u00e1mky a textov\u00e9 koment\u00e1\u0159e, jak jste zvykl\u00ed z jin\u00fdch aplikac\u00ed. Hlasov\u00e9 a textov\u00e9 koment\u00e1\u0159e lze vytv\u00e1\u0159et bu\u010f pro projekt, nebo pro konkr\u00e9tn\u00ed fotografii. Nen\u00ed nutn\u00e9 \u017e\u00e1dn\u00e9 \u0161kolen\u00ed a m\u016f\u017eete za\u010d\u00edt ihned pracovat. Import m\u00e9di\u00ed Krom\u011b vytv\u00e1\u0159en\u00ed fotografi\u00ed, hlasov\u00fdch pozn\u00e1mek a textov\u00fdch koment\u00e1\u0159\u016f &hellip; Continued","og_url":"https:\/\/www.modocu.com\/cs\/produkte\/mobilni-aplikace\/","og_site_name":"Modocu - Fotodokumentation f\u00fcr die Baustelle und vor Ort","article_publisher":"https:\/\/www.facebook.com\/modocusoft\/","article_modified_time":"2024-09-11T09:53:43+00:00","og_image":[{"url":"https:\/\/www.modocu.com\/app\/uploads\/2024\/04\/fotografieren-1.jpg","type":"","width":"","height":""}],"twitter_card":"summary_large_image","twitter_misc":{"Est. reading time":"3 minutes"},"schema":{"@context":"https:\/\/schema.org","@graph":[{"@type":"WebPage","@id":"https:\/\/www.modocu.com\/cs\/produkte\/mobilni-aplikace\/","url":"https:\/\/www.modocu.com\/cs\/produkte\/mobilni-aplikace\/","name":"Na m\u00edst\u011b s aplikac\u00ed pro iOS a Android - Modocu - Fotodokumentation f\u00fcr die Baustelle und vor Ort","isPartOf":{"@id":"https:\/\/www.modocu.com\/#website"},"primaryImageOfPage":{"@id":"https:\/\/www.modocu.com\/cs\/produkte\/mobilni-aplikace\/#primaryimage"},"image":{"@id":"https:\/\/www.modocu.com\/cs\/produkte\/mobilni-aplikace\/#primaryimage"},"thumbnailUrl":"https:\/\/www.modocu.com\/app\/uploads\/2024\/04\/fotografieren-1.jpg","datePublished":"2024-01-07T13:39:04+00:00","dateModified":"2024-09-11T09:53:43+00:00","breadcrumb":{"@id":"https:\/\/www.modocu.com\/cs\/produkte\/mobilni-aplikace\/#breadcrumb"},"inLanguage":"cs-CZ","potentialAction":[{"@type":"ReadAction","target":["https:\/\/www.modocu.com\/cs\/produkte\/mobilni-aplikace\/"]}]},{"@type":"ImageObject","inLanguage":"cs-CZ","@id":"https:\/\/www.modocu.com\/cs\/produkte\/mobilni-aplikace\/#primaryimage","url":"https:\/\/www.modocu.com\/app\/uploads\/2024\/04\/fotografieren-1.jpg","contentUrl":"https:\/\/www.modocu.com\/app\/uploads\/2024\/04\/fotografieren-1.jpg"},{"@type":"BreadcrumbList","@id":"https:\/\/www.modocu.com\/cs\/produkte\/mobilni-aplikace\/#breadcrumb","itemListElement":[{"@type":"ListItem","position":1,"name":"Startseite","item":"https:\/\/www.modocu.com\/cs\/"},{"@type":"ListItem","position":2,"name":"Produkte","item":"https:\/\/www.modocu.com\/en\/products\/"},{"@type":"ListItem","position":3,"name":"Na m\u00edst\u011b s aplikac\u00ed pro iOS a Android"}]},{"@type":"WebSite","@id":"https:\/\/www.modocu.com\/#website","url":"https:\/\/www.modocu.com\/","name":"Modocu - Fotodokumentation f\u00fcr die Baustelle und vor Ort","description":"","publisher":{"@id":"https:\/\/www.modocu.com\/#organization"},"potentialAction":[{"@type":"SearchAction","target":{"@type":"EntryPoint","urlTemplate":"https:\/\/www.modocu.com\/?s={search_term_string}"},"query-input":{"@type":"PropertyValueSpecification","valueRequired":true,"valueName":"search_term_string"}}],"inLanguage":"cs-CZ"},{"@type":"Organization","@id":"https:\/\/www.modocu.com\/#organization","name":"Modocu - Fotodokumentation f\u00fcr die Baustelle und vor Ort","url":"https:\/\/www.modocu.com\/","logo":{"@type":"ImageObject","inLanguage":"cs-CZ","@id":"https:\/\/www.modocu.com\/#\/schema\/logo\/image\/","url":"https:\/\/www.modocu.com\/app\/uploads\/2024\/08\/final-logo.svg","contentUrl":"https:\/\/www.modocu.com\/app\/uploads\/2024\/08\/final-logo.svg","width":1,"height":1,"caption":"Modocu - Fotodokumentation f\u00fcr die Baustelle und vor Ort"},"image":{"@id":"https:\/\/www.modocu.com\/#\/schema\/logo\/image\/"},"sameAs":["https:\/\/www.facebook.com\/modocusoft\/","https:\/\/www.linkedin.com\/company\/modocu\/","https:\/\/www.instagram.com\/modocu_software\/","https:\/\/www.youtube.com\/channel\/UCZ5Frx3PR0PoL4ep-M4ULSA"]}]}},"_links":{"self":[{"href":"https:\/\/www.modocu.com\/cs\/wp-json\/wp\/v2\/product\/1577","targetHints":{"allow":["GET"]}}],"collection":[{"href":"https:\/\/www.modocu.com\/cs\/wp-json\/wp\/v2\/product"}],"about":[{"href":"https:\/\/www.modocu.com\/cs\/wp-json\/wp\/v2\/types\/product"}],"wp:attachment":[{"href":"https:\/\/www.modocu.com\/cs\/wp-json\/wp\/v2\/media?parent=1577"}],"curies":[{"name":"wp","href":"https:\/\/api.w.org\/{rel}","templated":true}]}}