{"id":1598,"date":"2024-01-07T13:39:51","date_gmt":"2024-01-07T13:39:51","guid":{"rendered":"https:\/\/www.modocu.com\/produkte\/web-anwendung\/"},"modified":"2024-09-11T09:57:10","modified_gmt":"2024-09-11T09:57:10","slug":"webova-aplikace","status":"publish","type":"product","link":"https:\/\/www.modocu.com\/cs\/produkty\/webova-aplikace\/","title":{"rendered":"\u00dapln\u00fd p\u0159ehled, p\u0159ehledy, spr\u00e1va u\u017eivatel\u016f a dal\u0161\u00ed"},"content":{"rendered":"\n<div class=\"wp-block-media-text is-stacked-on-mobile\" style=\"grid-template-columns:36% auto\"><figure class=\"wp-block-media-text__media\"><img loading=\"lazy\" decoding=\"async\" width=\"1024\" height=\"513\" src=\"https:\/\/www.modocu.com\/app\/uploads\/2024\/01\/07_Alle_Projekte_u_medien_im_Blick-1024x513.jpg\" alt=\"\" class=\"wp-image-496 size-full\" srcset=\"https:\/\/www.modocu.com\/app\/uploads\/2024\/01\/07_Alle_Projekte_u_medien_im_Blick-1024x513.jpg 1024w, https:\/\/www.modocu.com\/app\/uploads\/2024\/01\/07_Alle_Projekte_u_medien_im_Blick-300x150.jpg 300w, https:\/\/www.modocu.com\/app\/uploads\/2024\/01\/07_Alle_Projekte_u_medien_im_Blick-768x385.jpg 768w, https:\/\/www.modocu.com\/app\/uploads\/2024\/01\/07_Alle_Projekte_u_medien_im_Blick.jpg 1389w\" sizes=\"auto, (max-width: 1024px) 100vw, 1024px\" \/><\/figure><div class=\"wp-block-media-text__content\">\n<h2 class=\"wp-block-heading\"><strong>P\u0159ehled v\u0161ech projekt\u016f a m\u00e9di\u00ed<\/strong><\/h2>\n\n\n\n<p>K pou\u017e\u00edv\u00e1n\u00ed webov\u00e9 aplikace nen\u00ed t\u0159eba stahovat a instalovat \u017e\u00e1dn\u00fd program. Sta\u010d\u00ed se p\u0159ihl\u00e1sit prost\u0159ednictv\u00edm webov\u00e9ho prohl\u00ed\u017ee\u010de. Ve webov\u00e9 aplikaci m\u00e1te p\u0159ehled o v\u0161ech projektech a zak\u00e1zk\u00e1ch a o souvisej\u00edc\u00edch m\u00e9di\u00edch a zpr\u00e1v\u00e1ch. Modocu podporuj\u00ed nejb\u011b\u017en\u011bj\u0161\u00ed prohl\u00ed\u017ee\u010de (Chrome, Edge, Firefox, Safari).<\/p>\n<\/div><\/div>\n\n\n\n<p><br><\/p>\n\n\n\n<p><\/p>\n\n\n\n<p><\/p>\n\n\n\n<div class=\"wp-block-media-text has-media-on-the-right is-stacked-on-mobile\" style=\"grid-template-columns:auto 40%\"><div class=\"wp-block-media-text__content\">\n<h2 class=\"wp-block-heading\"><strong>Spr\u00e1va objedn\u00e1vek nebo projekt\u016f<\/strong><\/h2>\n\n\n\n<p>Objedn\u00e1vky nebo projekty m\u016f\u017eete snadno evidovat a spravovat. \u00dadaje o zak\u00e1zk\u00e1ch se synchronizuj\u00ed s chytr\u00fdmi telefony va\u0161ich koleg\u016f. V\u0161echny \u00fadaje o projektech lze spravovat konkr\u00e9tn\u011b pro ka\u017ed\u00fd projekt a zak\u00e1zku.<\/p>\n<\/div><figure class=\"wp-block-media-text__media\"><img loading=\"lazy\" decoding=\"async\" width=\"800\" height=\"720\" src=\"https:\/\/www.modocu.com\/app\/uploads\/2024\/04\/modocu-projects-laptop-min-1.png\" alt=\"\" class=\"wp-image-1033 size-full\" srcset=\"https:\/\/www.modocu.com\/app\/uploads\/2024\/04\/modocu-projects-laptop-min-1.png 800w, https:\/\/www.modocu.com\/app\/uploads\/2024\/04\/modocu-projects-laptop-min-1-300x270.png 300w, https:\/\/www.modocu.com\/app\/uploads\/2024\/04\/modocu-projects-laptop-min-1-768x691.png 768w\" sizes=\"auto, (max-width: 800px) 100vw, 800px\" \/><\/figure><\/div>\n\n\n\n<p><br><\/p>\n\n\n\n<p><\/p>\n\n\n\n<p><\/p>\n\n\n\n<div class=\"wp-block-media-text is-stacked-on-mobile\" style=\"grid-template-columns:35% auto\"><figure class=\"wp-block-media-text__media\"><img loading=\"lazy\" decoding=\"async\" width=\"800\" height=\"720\" src=\"https:\/\/www.modocu.com\/app\/uploads\/2024\/04\/modocu-reports-laptop-min.png\" alt=\"\" class=\"wp-image-1034 size-full\" srcset=\"https:\/\/www.modocu.com\/app\/uploads\/2024\/04\/modocu-reports-laptop-min.png 800w, https:\/\/www.modocu.com\/app\/uploads\/2024\/04\/modocu-reports-laptop-min-300x270.png 300w, https:\/\/www.modocu.com\/app\/uploads\/2024\/04\/modocu-reports-laptop-min-768x691.png 768w\" sizes=\"auto, (max-width: 800px) 100vw, 800px\" \/><\/figure><div class=\"wp-block-media-text__content\">\n<h2 class=\"wp-block-heading\"><strong>Vytv\u00e1\u0159et zpr\u00e1vy<\/strong><\/h2>\n\n\n\n<p>S Modocu m\u016f\u017eete vytv\u00e1\u0159et vlastn\u00ed reporty pro kontroly, z\u00e1pisy, sch\u016fzky a mnoho dal\u0161\u00edho. Zpr\u00e1vy lze vytv\u00e1\u0159et a spravovat prost\u0159ednictv\u00edm mobiln\u00ed aplikace i webov\u00e9 aplikace. Do zpr\u00e1v lze snadno p\u0159id\u00e1vat fotografie, hlasov\u00e9 pozn\u00e1mky a textov\u00e9 koment\u00e1\u0159e, co\u017e v\u00fdrazn\u011b usnad\u0148uje vytv\u00e1\u0159en\u00ed zpr\u00e1v.<\/p>\n<\/div><\/div>\n\n\n\n<p><br><\/p>\n\n\n\n<p><\/p>\n\n\n\n<p><\/p>\n\n\n\n<p><\/p>\n\n\n\n<div class=\"wp-block-media-text has-media-on-the-right is-stacked-on-mobile\" style=\"grid-template-columns:auto 35%\"><div class=\"wp-block-media-text__content\">\n<h2 class=\"wp-block-heading\"><strong>Import pl\u00e1n\u016f, dokument\u016f, seznam\u016f a datov\u00fdch list\u016f<\/strong><\/h2>\n\n\n\n<p>V Modocu m\u016f\u017eete tak\u00e9 nahr\u00e1t nejr\u016fzn\u011bj\u0161\u00ed dokumenty a zp\u0159\u00edstupnit je ostatn\u00edm. Zam\u011bstnanci si nap\u0159\u00edklad mohou kdykoli na m\u00edst\u011b prohl\u00e9dnout pl\u00e1ny, dokumenty, seznamy, datov\u00e9 listy atd. ve form\u011b soubor\u016f Word, Excel, PDF a dal\u0161\u00edch form\u00e1t\u016f.<\/p>\n<\/div><figure class=\"wp-block-media-text__media\"><img loading=\"lazy\" decoding=\"async\" width=\"800\" height=\"720\" src=\"https:\/\/www.modocu.com\/app\/uploads\/2024\/04\/modocu-documents-laptop-min.png\" alt=\"\" class=\"wp-image-1035 size-full\" srcset=\"https:\/\/www.modocu.com\/app\/uploads\/2024\/04\/modocu-documents-laptop-min.png 800w, https:\/\/www.modocu.com\/app\/uploads\/2024\/04\/modocu-documents-laptop-min-300x270.png 300w, https:\/\/www.modocu.com\/app\/uploads\/2024\/04\/modocu-documents-laptop-min-768x691.png 768w\" sizes=\"auto, (max-width: 800px) 100vw, 800px\" \/><\/figure><\/div>\n\n\n\n<p><br><\/p>\n\n\n\n<p><\/p>\n\n\n\n<p><\/p>\n\n\n\n<p><\/p>\n\n\n\n<div class=\"wp-block-media-text is-stacked-on-mobile\" style=\"grid-template-columns:41% auto\"><figure class=\"wp-block-media-text__media\"><img loading=\"lazy\" decoding=\"async\" width=\"800\" height=\"720\" src=\"https:\/\/www.modocu.com\/app\/uploads\/2024\/04\/modocu-roles-laptop-min.png\" alt=\"\" class=\"wp-image-1037 size-full\" srcset=\"https:\/\/www.modocu.com\/app\/uploads\/2024\/04\/modocu-roles-laptop-min.png 800w, https:\/\/www.modocu.com\/app\/uploads\/2024\/04\/modocu-roles-laptop-min-300x270.png 300w, https:\/\/www.modocu.com\/app\/uploads\/2024\/04\/modocu-roles-laptop-min-768x691.png 768w\" sizes=\"auto, (max-width: 800px) 100vw, 800px\" \/><\/figure><div class=\"wp-block-media-text__content\">\n<h2 class=\"wp-block-heading\"><strong>U\u017eivatel\u00e9, skupiny, role a opr\u00e1vn\u011bn\u00ed<\/strong><\/h2>\n\n\n\n<p>Pomoc\u00ed Modocu m\u016f\u017eete jednotliv\u00fdm u\u017eivatel\u016fm p\u0159id\u011blovat role a p\u0159i\u0159azovat je do konkr\u00e9tn\u00edch skupin. D\u00edky tomu m\u016f\u017eete jednotliv\u00e9 skupiny nebo u\u017eivatele p\u0159i\u0159adit k projekt\u016fm a pomoc\u00ed funkce role jim p\u0159id\u011blit ur\u010dit\u00e1 opr\u00e1vn\u011bn\u00ed.<\/p>\n<\/div><\/div>\n\n\n\n<p><\/p>\n\n\n\n<p><\/p>\n","protected":false},"template":"","class_list":["post-1598","product","type-product","status-publish","hentry"],"acf":[],"yoast_head":"<!-- This site is optimized with the Yoast SEO plugin v27.2 - https:\/\/yoast.com\/product\/yoast-seo-wordpress\/ -->\n<title>\u00dapln\u00fd p\u0159ehled, p\u0159ehledy, spr\u00e1va u\u017eivatel\u016f a dal\u0161\u00ed - Modocu - Fotodokumentation f\u00fcr die Baustelle und vor Ort<\/title>\n<meta name=\"robots\" content=\"index, follow, max-snippet:-1, max-image-preview:large, max-video-preview:-1\" \/>\n<link rel=\"canonical\" href=\"https:\/\/www.modocu.com\/cs\/produkte\/webova-aplikace\/\" \/>\n<meta property=\"og:locale\" content=\"cs_CZ\" \/>\n<meta property=\"og:type\" content=\"article\" \/>\n<meta property=\"og:title\" content=\"\u00dapln\u00fd p\u0159ehled, p\u0159ehledy, spr\u00e1va u\u017eivatel\u016f a dal\u0161\u00ed - Modocu - Fotodokumentation f\u00fcr die Baustelle und vor Ort\" \/>\n<meta property=\"og:description\" content=\"P\u0159ehled v\u0161ech projekt\u016f a m\u00e9di\u00ed K pou\u017e\u00edv\u00e1n\u00ed webov\u00e9 aplikace nen\u00ed t\u0159eba stahovat a instalovat \u017e\u00e1dn\u00fd program. Sta\u010d\u00ed se p\u0159ihl\u00e1sit prost\u0159ednictv\u00edm webov\u00e9ho prohl\u00ed\u017ee\u010de. Ve webov\u00e9 aplikaci m\u00e1te p\u0159ehled o v\u0161ech projektech a zak\u00e1zk\u00e1ch a o souvisej\u00edc\u00edch m\u00e9di\u00edch a zpr\u00e1v\u00e1ch. Modocu podporuj\u00ed nejb\u011b\u017en\u011bj\u0161\u00ed prohl\u00ed\u017ee\u010de (Chrome, Edge, Firefox, Safari). Spr\u00e1va objedn\u00e1vek nebo projekt\u016f Objedn\u00e1vky nebo projekty m\u016f\u017eete snadno &hellip; Continued\" \/>\n<meta property=\"og:url\" content=\"https:\/\/www.modocu.com\/cs\/produkte\/webova-aplikace\/\" \/>\n<meta property=\"og:site_name\" content=\"Modocu - Fotodokumentation f\u00fcr die Baustelle und vor Ort\" \/>\n<meta property=\"article:publisher\" content=\"https:\/\/www.facebook.com\/modocusoft\/\" \/>\n<meta property=\"article:modified_time\" content=\"2024-09-11T09:57:10+00:00\" \/>\n<meta property=\"og:image\" content=\"https:\/\/www.modocu.com\/app\/uploads\/2024\/01\/07_Alle_Projekte_u_medien_im_Blick-1024x513.jpg\" \/>\n<meta name=\"twitter:card\" content=\"summary_large_image\" \/>\n<meta name=\"twitter:label1\" content=\"Est. reading time\" \/>\n\t<meta name=\"twitter:data1\" content=\"3 minutes\" \/>\n<script type=\"application\/ld+json\" class=\"yoast-schema-graph\">{\"@context\":\"https:\/\/schema.org\",\"@graph\":[{\"@type\":\"WebPage\",\"@id\":\"https:\/\/www.modocu.com\/cs\/produkte\/webova-aplikace\/\",\"url\":\"https:\/\/www.modocu.com\/cs\/produkte\/webova-aplikace\/\",\"name\":\"\u00dapln\u00fd p\u0159ehled, p\u0159ehledy, spr\u00e1va u\u017eivatel\u016f a dal\u0161\u00ed - Modocu - Fotodokumentation f\u00fcr die Baustelle und vor Ort\",\"isPartOf\":{\"@id\":\"https:\/\/www.modocu.com\/#website\"},\"primaryImageOfPage\":{\"@id\":\"https:\/\/www.modocu.com\/cs\/produkte\/webova-aplikace\/#primaryimage\"},\"image\":{\"@id\":\"https:\/\/www.modocu.com\/cs\/produkte\/webova-aplikace\/#primaryimage\"},\"thumbnailUrl\":\"https:\/\/www.modocu.com\/app\/uploads\/2024\/01\/07_Alle_Projekte_u_medien_im_Blick-1024x513.jpg\",\"datePublished\":\"2024-01-07T13:39:51+00:00\",\"dateModified\":\"2024-09-11T09:57:10+00:00\",\"breadcrumb\":{\"@id\":\"https:\/\/www.modocu.com\/cs\/produkte\/webova-aplikace\/#breadcrumb\"},\"inLanguage\":\"cs-CZ\",\"potentialAction\":[{\"@type\":\"ReadAction\",\"target\":[\"https:\/\/www.modocu.com\/cs\/produkte\/webova-aplikace\/\"]}]},{\"@type\":\"ImageObject\",\"inLanguage\":\"cs-CZ\",\"@id\":\"https:\/\/www.modocu.com\/cs\/produkte\/webova-aplikace\/#primaryimage\",\"url\":\"https:\/\/www.modocu.com\/app\/uploads\/2024\/01\/07_Alle_Projekte_u_medien_im_Blick-1024x513.jpg\",\"contentUrl\":\"https:\/\/www.modocu.com\/app\/uploads\/2024\/01\/07_Alle_Projekte_u_medien_im_Blick-1024x513.jpg\"},{\"@type\":\"BreadcrumbList\",\"@id\":\"https:\/\/www.modocu.com\/cs\/produkte\/webova-aplikace\/#breadcrumb\",\"itemListElement\":[{\"@type\":\"ListItem\",\"position\":1,\"name\":\"Startseite\",\"item\":\"https:\/\/www.modocu.com\/cs\/\"},{\"@type\":\"ListItem\",\"position\":2,\"name\":\"Produkte\",\"item\":\"https:\/\/www.modocu.com\/en\/products\/\"},{\"@type\":\"ListItem\",\"position\":3,\"name\":\"\u00dapln\u00fd p\u0159ehled, p\u0159ehledy, spr\u00e1va u\u017eivatel\u016f a dal\u0161\u00ed\"}]},{\"@type\":\"WebSite\",\"@id\":\"https:\/\/www.modocu.com\/#website\",\"url\":\"https:\/\/www.modocu.com\/\",\"name\":\"Modocu - Fotodokumentation f\u00fcr die Baustelle und vor Ort\",\"description\":\"\",\"publisher\":{\"@id\":\"https:\/\/www.modocu.com\/#organization\"},\"potentialAction\":[{\"@type\":\"SearchAction\",\"target\":{\"@type\":\"EntryPoint\",\"urlTemplate\":\"https:\/\/www.modocu.com\/?s={search_term_string}\"},\"query-input\":{\"@type\":\"PropertyValueSpecification\",\"valueRequired\":true,\"valueName\":\"search_term_string\"}}],\"inLanguage\":\"cs-CZ\"},{\"@type\":\"Organization\",\"@id\":\"https:\/\/www.modocu.com\/#organization\",\"name\":\"Modocu - Fotodokumentation f\u00fcr die Baustelle und vor Ort\",\"url\":\"https:\/\/www.modocu.com\/\",\"logo\":{\"@type\":\"ImageObject\",\"inLanguage\":\"cs-CZ\",\"@id\":\"https:\/\/www.modocu.com\/#\/schema\/logo\/image\/\",\"url\":\"https:\/\/www.modocu.com\/app\/uploads\/2024\/08\/final-logo.svg\",\"contentUrl\":\"https:\/\/www.modocu.com\/app\/uploads\/2024\/08\/final-logo.svg\",\"width\":1,\"height\":1,\"caption\":\"Modocu - Fotodokumentation f\u00fcr die Baustelle und vor Ort\"},\"image\":{\"@id\":\"https:\/\/www.modocu.com\/#\/schema\/logo\/image\/\"},\"sameAs\":[\"https:\/\/www.facebook.com\/modocusoft\/\",\"https:\/\/www.linkedin.com\/company\/modocu\/\",\"https:\/\/www.instagram.com\/modocu_software\/\",\"https:\/\/www.youtube.com\/channel\/UCZ5Frx3PR0PoL4ep-M4ULSA\"]}]}<\/script>\n<!-- \/ Yoast SEO plugin. -->","yoast_head_json":{"title":"\u00dapln\u00fd p\u0159ehled, p\u0159ehledy, spr\u00e1va u\u017eivatel\u016f a dal\u0161\u00ed - Modocu - Fotodokumentation f\u00fcr die Baustelle und vor Ort","robots":{"index":"index","follow":"follow","max-snippet":"max-snippet:-1","max-image-preview":"max-image-preview:large","max-video-preview":"max-video-preview:-1"},"canonical":"https:\/\/www.modocu.com\/cs\/produkte\/webova-aplikace\/","og_locale":"cs_CZ","og_type":"article","og_title":"\u00dapln\u00fd p\u0159ehled, p\u0159ehledy, spr\u00e1va u\u017eivatel\u016f a dal\u0161\u00ed - Modocu - Fotodokumentation f\u00fcr die Baustelle und vor Ort","og_description":"P\u0159ehled v\u0161ech projekt\u016f a m\u00e9di\u00ed K pou\u017e\u00edv\u00e1n\u00ed webov\u00e9 aplikace nen\u00ed t\u0159eba stahovat a instalovat \u017e\u00e1dn\u00fd program. Sta\u010d\u00ed se p\u0159ihl\u00e1sit prost\u0159ednictv\u00edm webov\u00e9ho prohl\u00ed\u017ee\u010de. Ve webov\u00e9 aplikaci m\u00e1te p\u0159ehled o v\u0161ech projektech a zak\u00e1zk\u00e1ch a o souvisej\u00edc\u00edch m\u00e9di\u00edch a zpr\u00e1v\u00e1ch. Modocu podporuj\u00ed nejb\u011b\u017en\u011bj\u0161\u00ed prohl\u00ed\u017ee\u010de (Chrome, Edge, Firefox, Safari). Spr\u00e1va objedn\u00e1vek nebo projekt\u016f Objedn\u00e1vky nebo projekty m\u016f\u017eete snadno &hellip; Continued","og_url":"https:\/\/www.modocu.com\/cs\/produkte\/webova-aplikace\/","og_site_name":"Modocu - Fotodokumentation f\u00fcr die Baustelle und vor Ort","article_publisher":"https:\/\/www.facebook.com\/modocusoft\/","article_modified_time":"2024-09-11T09:57:10+00:00","og_image":[{"url":"https:\/\/www.modocu.com\/app\/uploads\/2024\/01\/07_Alle_Projekte_u_medien_im_Blick-1024x513.jpg","type":"","width":"","height":""}],"twitter_card":"summary_large_image","twitter_misc":{"Est. reading time":"3 minutes"},"schema":{"@context":"https:\/\/schema.org","@graph":[{"@type":"WebPage","@id":"https:\/\/www.modocu.com\/cs\/produkte\/webova-aplikace\/","url":"https:\/\/www.modocu.com\/cs\/produkte\/webova-aplikace\/","name":"\u00dapln\u00fd p\u0159ehled, p\u0159ehledy, spr\u00e1va u\u017eivatel\u016f a dal\u0161\u00ed - Modocu - Fotodokumentation f\u00fcr die Baustelle und vor Ort","isPartOf":{"@id":"https:\/\/www.modocu.com\/#website"},"primaryImageOfPage":{"@id":"https:\/\/www.modocu.com\/cs\/produkte\/webova-aplikace\/#primaryimage"},"image":{"@id":"https:\/\/www.modocu.com\/cs\/produkte\/webova-aplikace\/#primaryimage"},"thumbnailUrl":"https:\/\/www.modocu.com\/app\/uploads\/2024\/01\/07_Alle_Projekte_u_medien_im_Blick-1024x513.jpg","datePublished":"2024-01-07T13:39:51+00:00","dateModified":"2024-09-11T09:57:10+00:00","breadcrumb":{"@id":"https:\/\/www.modocu.com\/cs\/produkte\/webova-aplikace\/#breadcrumb"},"inLanguage":"cs-CZ","potentialAction":[{"@type":"ReadAction","target":["https:\/\/www.modocu.com\/cs\/produkte\/webova-aplikace\/"]}]},{"@type":"ImageObject","inLanguage":"cs-CZ","@id":"https:\/\/www.modocu.com\/cs\/produkte\/webova-aplikace\/#primaryimage","url":"https:\/\/www.modocu.com\/app\/uploads\/2024\/01\/07_Alle_Projekte_u_medien_im_Blick-1024x513.jpg","contentUrl":"https:\/\/www.modocu.com\/app\/uploads\/2024\/01\/07_Alle_Projekte_u_medien_im_Blick-1024x513.jpg"},{"@type":"BreadcrumbList","@id":"https:\/\/www.modocu.com\/cs\/produkte\/webova-aplikace\/#breadcrumb","itemListElement":[{"@type":"ListItem","position":1,"name":"Startseite","item":"https:\/\/www.modocu.com\/cs\/"},{"@type":"ListItem","position":2,"name":"Produkte","item":"https:\/\/www.modocu.com\/en\/products\/"},{"@type":"ListItem","position":3,"name":"\u00dapln\u00fd p\u0159ehled, p\u0159ehledy, spr\u00e1va u\u017eivatel\u016f a dal\u0161\u00ed"}]},{"@type":"WebSite","@id":"https:\/\/www.modocu.com\/#website","url":"https:\/\/www.modocu.com\/","name":"Modocu - Fotodokumentation f\u00fcr die Baustelle und vor Ort","description":"","publisher":{"@id":"https:\/\/www.modocu.com\/#organization"},"potentialAction":[{"@type":"SearchAction","target":{"@type":"EntryPoint","urlTemplate":"https:\/\/www.modocu.com\/?s={search_term_string}"},"query-input":{"@type":"PropertyValueSpecification","valueRequired":true,"valueName":"search_term_string"}}],"inLanguage":"cs-CZ"},{"@type":"Organization","@id":"https:\/\/www.modocu.com\/#organization","name":"Modocu - Fotodokumentation f\u00fcr die Baustelle und vor Ort","url":"https:\/\/www.modocu.com\/","logo":{"@type":"ImageObject","inLanguage":"cs-CZ","@id":"https:\/\/www.modocu.com\/#\/schema\/logo\/image\/","url":"https:\/\/www.modocu.com\/app\/uploads\/2024\/08\/final-logo.svg","contentUrl":"https:\/\/www.modocu.com\/app\/uploads\/2024\/08\/final-logo.svg","width":1,"height":1,"caption":"Modocu - Fotodokumentation f\u00fcr die Baustelle und vor Ort"},"image":{"@id":"https:\/\/www.modocu.com\/#\/schema\/logo\/image\/"},"sameAs":["https:\/\/www.facebook.com\/modocusoft\/","https:\/\/www.linkedin.com\/company\/modocu\/","https:\/\/www.instagram.com\/modocu_software\/","https:\/\/www.youtube.com\/channel\/UCZ5Frx3PR0PoL4ep-M4ULSA"]}]}},"_links":{"self":[{"href":"https:\/\/www.modocu.com\/cs\/wp-json\/wp\/v2\/product\/1598","targetHints":{"allow":["GET"]}}],"collection":[{"href":"https:\/\/www.modocu.com\/cs\/wp-json\/wp\/v2\/product"}],"about":[{"href":"https:\/\/www.modocu.com\/cs\/wp-json\/wp\/v2\/types\/product"}],"wp:attachment":[{"href":"https:\/\/www.modocu.com\/cs\/wp-json\/wp\/v2\/media?parent=1598"}],"curies":[{"name":"wp","href":"https:\/\/api.w.org\/{rel}","templated":true}]}}