{"id":1620,"date":"2024-01-07T13:40:26","date_gmt":"2024-01-07T13:40:26","guid":{"rendered":"https:\/\/www.modocu.com\/produkte\/modocu-cloud\/"},"modified":"2024-09-11T10:15:02","modified_gmt":"2024-09-11T10:15:02","slug":"modocu-cloud","status":"publish","type":"product","link":"https:\/\/www.modocu.com\/cs\/produkty\/modocu-cloud\/","title":{"rendered":"V\u017edy dostupn\u00e1 a automaticky aktualizovan\u00e1 data"},"content":{"rendered":"\n<div class=\"wp-block-media-text is-stacked-on-mobile\"><figure class=\"wp-block-media-text__media\"><img loading=\"lazy\" decoding=\"async\" width=\"1024\" height=\"552\" src=\"https:\/\/www.modocu.com\/app\/uploads\/2024\/01\/12_Greife-jederzeit-auf.-deine-Daten-zu-1024x552.jpg\" alt=\"\" class=\"wp-image-516 size-full\" srcset=\"https:\/\/www.modocu.com\/app\/uploads\/2024\/01\/12_Greife-jederzeit-auf.-deine-Daten-zu-1024x552.jpg 1024w, https:\/\/www.modocu.com\/app\/uploads\/2024\/01\/12_Greife-jederzeit-auf.-deine-Daten-zu-300x162.jpg 300w, https:\/\/www.modocu.com\/app\/uploads\/2024\/01\/12_Greife-jederzeit-auf.-deine-Daten-zu-768x414.jpg 768w, https:\/\/www.modocu.com\/app\/uploads\/2024\/01\/12_Greife-jederzeit-auf.-deine-Daten-zu-1536x828.jpg 1536w, https:\/\/www.modocu.com\/app\/uploads\/2024\/01\/12_Greife-jederzeit-auf.-deine-Daten-zu.jpg 1626w\" sizes=\"auto, (max-width: 1024px) 100vw, 1024px\" \/><\/figure><div class=\"wp-block-media-text__content\">\n<h2 class=\"wp-block-heading\"><strong>P\u0159\u00edstup k dat\u016fm kdykoli<\/strong><\/h2>\n\n\n\n<p>Modocu v\u00e1m zp\u0159\u00edstup\u0148uje sv\u00e9 cloudov\u00e9 slu\u017eby. Data z mobiln\u00ed aplikace a webov\u00e9 aplikace se automaticky ukl\u00e1daj\u00ed do cloudu. To znamen\u00e1, \u017ee ke sv\u00fdm dat\u016fm m\u00e1te p\u0159\u00edstup kdykoli a odkudkoli. Abychom zajistili bezpe\u010dnost va\u0161ich dat, garantujeme automatick\u00e9 bezpe\u010dnostn\u00ed aktualizace a pravideln\u00e9 z\u00e1lohov\u00e1n\u00ed v na\u0161em cloudu, a to v\u0161e v souladu s GDPR.<\/p>\n<\/div><\/div>\n\n\n\n<p><\/p>\n\n\n\n<p><\/p>\n\n\n\n<p><\/p>\n\n\n\n<div class=\"wp-block-media-text has-media-on-the-right is-stacked-on-mobile\" style=\"grid-template-columns:auto 55%\"><div class=\"wp-block-media-text__content\">\n<h2 class=\"wp-block-heading\"><strong>Synchroniza\u010dn\u00ed slu\u017eba Modocu<\/strong><\/h2>\n\n\n\n<p><strong>Va\u0161e data i na va\u0161em serveru<\/strong><\/p>\n\n\n\n<p>Replikovat m\u00e9dia na m\u00edstn\u00edm serveru<\/p>\n\n\n\n<p>S na\u0161\u00ed slu\u017ebou Modocu Sync Service m\u016f\u017eete replikovat v\u0161echna m\u00e9dia z cloudu na m\u00edstn\u00ed server. M\u00e9dia m\u00e1te k dispozici v souborov\u00e9m syst\u00e9mu a jsou ulo\u017eena podle projekt\u016f a dat. Strukturu soubor\u016f lze tak\u00e9 p\u0159izp\u016fsobit va\u0161im po\u017eadavk\u016fm.<\/p>\n\n\n\n<p>Na\u0161e slu\u017eba Sync Service je k dispozici pro v\u0161echny b\u011b\u017en\u00e9 opera\u010dn\u00ed syst\u00e9my.<\/p>\n<\/div><figure class=\"wp-block-media-text__media\"><img loading=\"lazy\" decoding=\"async\" width=\"1024\" height=\"750\" src=\"https:\/\/www.modocu.com\/app\/uploads\/2024\/04\/prod-sync-1-min-1024x750.png\" alt=\"\" class=\"wp-image-1054 size-full\" srcset=\"https:\/\/www.modocu.com\/app\/uploads\/2024\/04\/prod-sync-1-min-1024x750.png 1024w, https:\/\/www.modocu.com\/app\/uploads\/2024\/04\/prod-sync-1-min-300x220.png 300w, https:\/\/www.modocu.com\/app\/uploads\/2024\/04\/prod-sync-1-min-768x563.png 768w, https:\/\/www.modocu.com\/app\/uploads\/2024\/04\/prod-sync-1-min-1536x1125.png 1536w, https:\/\/www.modocu.com\/app\/uploads\/2024\/04\/prod-sync-1-min.png 1706w\" sizes=\"auto, (max-width: 1024px) 100vw, 1024px\" \/><\/figure><\/div>\n","protected":false},"template":"","class_list":["post-1620","product","type-product","status-publish","hentry"],"acf":[],"yoast_head":"<!-- This site is optimized with the Yoast SEO plugin v27.2 - https:\/\/yoast.com\/product\/yoast-seo-wordpress\/ -->\n<title>V\u017edy dostupn\u00e1 a automaticky aktualizovan\u00e1 data - Modocu - Fotodokumentation f\u00fcr die Baustelle und vor Ort<\/title>\n<meta name=\"robots\" content=\"index, follow, max-snippet:-1, max-image-preview:large, max-video-preview:-1\" \/>\n<link rel=\"canonical\" href=\"https:\/\/www.modocu.com\/cs\/produkte\/modocu-cloud\/\" \/>\n<meta property=\"og:locale\" content=\"cs_CZ\" \/>\n<meta property=\"og:type\" content=\"article\" \/>\n<meta property=\"og:title\" content=\"V\u017edy dostupn\u00e1 a automaticky aktualizovan\u00e1 data - Modocu - Fotodokumentation f\u00fcr die Baustelle und vor Ort\" \/>\n<meta property=\"og:description\" content=\"P\u0159\u00edstup k dat\u016fm kdykoli Modocu v\u00e1m zp\u0159\u00edstup\u0148uje sv\u00e9 cloudov\u00e9 slu\u017eby. Data z mobiln\u00ed aplikace a webov\u00e9 aplikace se automaticky ukl\u00e1daj\u00ed do cloudu. To znamen\u00e1, \u017ee ke sv\u00fdm dat\u016fm m\u00e1te p\u0159\u00edstup kdykoli a odkudkoli. Abychom zajistili bezpe\u010dnost va\u0161ich dat, garantujeme automatick\u00e9 bezpe\u010dnostn\u00ed aktualizace a pravideln\u00e9 z\u00e1lohov\u00e1n\u00ed v na\u0161em cloudu, a to v\u0161e v souladu s GDPR. &hellip; Continued\" \/>\n<meta property=\"og:url\" content=\"https:\/\/www.modocu.com\/cs\/produkte\/modocu-cloud\/\" \/>\n<meta property=\"og:site_name\" content=\"Modocu - Fotodokumentation f\u00fcr die Baustelle und vor Ort\" \/>\n<meta property=\"article:publisher\" content=\"https:\/\/www.facebook.com\/modocusoft\/\" \/>\n<meta property=\"article:modified_time\" content=\"2024-09-11T10:15:02+00:00\" \/>\n<meta property=\"og:image\" content=\"https:\/\/www.modocu.com\/app\/uploads\/2024\/01\/12_Greife-jederzeit-auf.-deine-Daten-zu-1024x552.jpg\" \/>\n<meta name=\"twitter:card\" content=\"summary_large_image\" \/>\n<meta name=\"twitter:label1\" content=\"Est. reading time\" \/>\n\t<meta name=\"twitter:data1\" content=\"2 minutes\" \/>\n<script type=\"application\/ld+json\" class=\"yoast-schema-graph\">{\"@context\":\"https:\/\/schema.org\",\"@graph\":[{\"@type\":\"WebPage\",\"@id\":\"https:\/\/www.modocu.com\/cs\/produkte\/modocu-cloud\/\",\"url\":\"https:\/\/www.modocu.com\/cs\/produkte\/modocu-cloud\/\",\"name\":\"V\u017edy dostupn\u00e1 a automaticky aktualizovan\u00e1 data - Modocu - Fotodokumentation f\u00fcr die Baustelle und vor Ort\",\"isPartOf\":{\"@id\":\"https:\/\/www.modocu.com\/#website\"},\"primaryImageOfPage\":{\"@id\":\"https:\/\/www.modocu.com\/cs\/produkte\/modocu-cloud\/#primaryimage\"},\"image\":{\"@id\":\"https:\/\/www.modocu.com\/cs\/produkte\/modocu-cloud\/#primaryimage\"},\"thumbnailUrl\":\"https:\/\/www.modocu.com\/app\/uploads\/2024\/01\/12_Greife-jederzeit-auf.-deine-Daten-zu-1024x552.jpg\",\"datePublished\":\"2024-01-07T13:40:26+00:00\",\"dateModified\":\"2024-09-11T10:15:02+00:00\",\"breadcrumb\":{\"@id\":\"https:\/\/www.modocu.com\/cs\/produkte\/modocu-cloud\/#breadcrumb\"},\"inLanguage\":\"cs-CZ\",\"potentialAction\":[{\"@type\":\"ReadAction\",\"target\":[\"https:\/\/www.modocu.com\/cs\/produkte\/modocu-cloud\/\"]}]},{\"@type\":\"ImageObject\",\"inLanguage\":\"cs-CZ\",\"@id\":\"https:\/\/www.modocu.com\/cs\/produkte\/modocu-cloud\/#primaryimage\",\"url\":\"https:\/\/www.modocu.com\/app\/uploads\/2024\/01\/12_Greife-jederzeit-auf.-deine-Daten-zu-1024x552.jpg\",\"contentUrl\":\"https:\/\/www.modocu.com\/app\/uploads\/2024\/01\/12_Greife-jederzeit-auf.-deine-Daten-zu-1024x552.jpg\"},{\"@type\":\"BreadcrumbList\",\"@id\":\"https:\/\/www.modocu.com\/cs\/produkte\/modocu-cloud\/#breadcrumb\",\"itemListElement\":[{\"@type\":\"ListItem\",\"position\":1,\"name\":\"Startseite\",\"item\":\"https:\/\/www.modocu.com\/cs\/\"},{\"@type\":\"ListItem\",\"position\":2,\"name\":\"Produkte\",\"item\":\"https:\/\/www.modocu.com\/en\/products\/\"},{\"@type\":\"ListItem\",\"position\":3,\"name\":\"V\u017edy dostupn\u00e1 a automaticky aktualizovan\u00e1 data\"}]},{\"@type\":\"WebSite\",\"@id\":\"https:\/\/www.modocu.com\/#website\",\"url\":\"https:\/\/www.modocu.com\/\",\"name\":\"Modocu - Fotodokumentation f\u00fcr die Baustelle und vor Ort\",\"description\":\"\",\"publisher\":{\"@id\":\"https:\/\/www.modocu.com\/#organization\"},\"potentialAction\":[{\"@type\":\"SearchAction\",\"target\":{\"@type\":\"EntryPoint\",\"urlTemplate\":\"https:\/\/www.modocu.com\/?s={search_term_string}\"},\"query-input\":{\"@type\":\"PropertyValueSpecification\",\"valueRequired\":true,\"valueName\":\"search_term_string\"}}],\"inLanguage\":\"cs-CZ\"},{\"@type\":\"Organization\",\"@id\":\"https:\/\/www.modocu.com\/#organization\",\"name\":\"Modocu - Fotodokumentation f\u00fcr die Baustelle und vor Ort\",\"url\":\"https:\/\/www.modocu.com\/\",\"logo\":{\"@type\":\"ImageObject\",\"inLanguage\":\"cs-CZ\",\"@id\":\"https:\/\/www.modocu.com\/#\/schema\/logo\/image\/\",\"url\":\"https:\/\/www.modocu.com\/app\/uploads\/2024\/08\/final-logo.svg\",\"contentUrl\":\"https:\/\/www.modocu.com\/app\/uploads\/2024\/08\/final-logo.svg\",\"width\":1,\"height\":1,\"caption\":\"Modocu - Fotodokumentation f\u00fcr die Baustelle und vor Ort\"},\"image\":{\"@id\":\"https:\/\/www.modocu.com\/#\/schema\/logo\/image\/\"},\"sameAs\":[\"https:\/\/www.facebook.com\/modocusoft\/\",\"https:\/\/www.linkedin.com\/company\/modocu\/\",\"https:\/\/www.instagram.com\/modocu_software\/\",\"https:\/\/www.youtube.com\/channel\/UCZ5Frx3PR0PoL4ep-M4ULSA\"]}]}<\/script>\n<!-- \/ Yoast SEO plugin. -->","yoast_head_json":{"title":"V\u017edy dostupn\u00e1 a automaticky aktualizovan\u00e1 data - Modocu - Fotodokumentation f\u00fcr die Baustelle und vor Ort","robots":{"index":"index","follow":"follow","max-snippet":"max-snippet:-1","max-image-preview":"max-image-preview:large","max-video-preview":"max-video-preview:-1"},"canonical":"https:\/\/www.modocu.com\/cs\/produkte\/modocu-cloud\/","og_locale":"cs_CZ","og_type":"article","og_title":"V\u017edy dostupn\u00e1 a automaticky aktualizovan\u00e1 data - Modocu - Fotodokumentation f\u00fcr die Baustelle und vor Ort","og_description":"P\u0159\u00edstup k dat\u016fm kdykoli Modocu v\u00e1m zp\u0159\u00edstup\u0148uje sv\u00e9 cloudov\u00e9 slu\u017eby. Data z mobiln\u00ed aplikace a webov\u00e9 aplikace se automaticky ukl\u00e1daj\u00ed do cloudu. To znamen\u00e1, \u017ee ke sv\u00fdm dat\u016fm m\u00e1te p\u0159\u00edstup kdykoli a odkudkoli. Abychom zajistili bezpe\u010dnost va\u0161ich dat, garantujeme automatick\u00e9 bezpe\u010dnostn\u00ed aktualizace a pravideln\u00e9 z\u00e1lohov\u00e1n\u00ed v na\u0161em cloudu, a to v\u0161e v souladu s GDPR. &hellip; Continued","og_url":"https:\/\/www.modocu.com\/cs\/produkte\/modocu-cloud\/","og_site_name":"Modocu - Fotodokumentation f\u00fcr die Baustelle und vor Ort","article_publisher":"https:\/\/www.facebook.com\/modocusoft\/","article_modified_time":"2024-09-11T10:15:02+00:00","og_image":[{"url":"https:\/\/www.modocu.com\/app\/uploads\/2024\/01\/12_Greife-jederzeit-auf.-deine-Daten-zu-1024x552.jpg","type":"","width":"","height":""}],"twitter_card":"summary_large_image","twitter_misc":{"Est. reading time":"2 minutes"},"schema":{"@context":"https:\/\/schema.org","@graph":[{"@type":"WebPage","@id":"https:\/\/www.modocu.com\/cs\/produkte\/modocu-cloud\/","url":"https:\/\/www.modocu.com\/cs\/produkte\/modocu-cloud\/","name":"V\u017edy dostupn\u00e1 a automaticky aktualizovan\u00e1 data - Modocu - Fotodokumentation f\u00fcr die Baustelle und vor Ort","isPartOf":{"@id":"https:\/\/www.modocu.com\/#website"},"primaryImageOfPage":{"@id":"https:\/\/www.modocu.com\/cs\/produkte\/modocu-cloud\/#primaryimage"},"image":{"@id":"https:\/\/www.modocu.com\/cs\/produkte\/modocu-cloud\/#primaryimage"},"thumbnailUrl":"https:\/\/www.modocu.com\/app\/uploads\/2024\/01\/12_Greife-jederzeit-auf.-deine-Daten-zu-1024x552.jpg","datePublished":"2024-01-07T13:40:26+00:00","dateModified":"2024-09-11T10:15:02+00:00","breadcrumb":{"@id":"https:\/\/www.modocu.com\/cs\/produkte\/modocu-cloud\/#breadcrumb"},"inLanguage":"cs-CZ","potentialAction":[{"@type":"ReadAction","target":["https:\/\/www.modocu.com\/cs\/produkte\/modocu-cloud\/"]}]},{"@type":"ImageObject","inLanguage":"cs-CZ","@id":"https:\/\/www.modocu.com\/cs\/produkte\/modocu-cloud\/#primaryimage","url":"https:\/\/www.modocu.com\/app\/uploads\/2024\/01\/12_Greife-jederzeit-auf.-deine-Daten-zu-1024x552.jpg","contentUrl":"https:\/\/www.modocu.com\/app\/uploads\/2024\/01\/12_Greife-jederzeit-auf.-deine-Daten-zu-1024x552.jpg"},{"@type":"BreadcrumbList","@id":"https:\/\/www.modocu.com\/cs\/produkte\/modocu-cloud\/#breadcrumb","itemListElement":[{"@type":"ListItem","position":1,"name":"Startseite","item":"https:\/\/www.modocu.com\/cs\/"},{"@type":"ListItem","position":2,"name":"Produkte","item":"https:\/\/www.modocu.com\/en\/products\/"},{"@type":"ListItem","position":3,"name":"V\u017edy dostupn\u00e1 a automaticky aktualizovan\u00e1 data"}]},{"@type":"WebSite","@id":"https:\/\/www.modocu.com\/#website","url":"https:\/\/www.modocu.com\/","name":"Modocu - Fotodokumentation f\u00fcr die Baustelle und vor Ort","description":"","publisher":{"@id":"https:\/\/www.modocu.com\/#organization"},"potentialAction":[{"@type":"SearchAction","target":{"@type":"EntryPoint","urlTemplate":"https:\/\/www.modocu.com\/?s={search_term_string}"},"query-input":{"@type":"PropertyValueSpecification","valueRequired":true,"valueName":"search_term_string"}}],"inLanguage":"cs-CZ"},{"@type":"Organization","@id":"https:\/\/www.modocu.com\/#organization","name":"Modocu - Fotodokumentation f\u00fcr die Baustelle und vor Ort","url":"https:\/\/www.modocu.com\/","logo":{"@type":"ImageObject","inLanguage":"cs-CZ","@id":"https:\/\/www.modocu.com\/#\/schema\/logo\/image\/","url":"https:\/\/www.modocu.com\/app\/uploads\/2024\/08\/final-logo.svg","contentUrl":"https:\/\/www.modocu.com\/app\/uploads\/2024\/08\/final-logo.svg","width":1,"height":1,"caption":"Modocu - Fotodokumentation f\u00fcr die Baustelle und vor Ort"},"image":{"@id":"https:\/\/www.modocu.com\/#\/schema\/logo\/image\/"},"sameAs":["https:\/\/www.facebook.com\/modocusoft\/","https:\/\/www.linkedin.com\/company\/modocu\/","https:\/\/www.instagram.com\/modocu_software\/","https:\/\/www.youtube.com\/channel\/UCZ5Frx3PR0PoL4ep-M4ULSA"]}]}},"_links":{"self":[{"href":"https:\/\/www.modocu.com\/cs\/wp-json\/wp\/v2\/product\/1620","targetHints":{"allow":["GET"]}}],"collection":[{"href":"https:\/\/www.modocu.com\/cs\/wp-json\/wp\/v2\/product"}],"about":[{"href":"https:\/\/www.modocu.com\/cs\/wp-json\/wp\/v2\/types\/product"}],"wp:attachment":[{"href":"https:\/\/www.modocu.com\/cs\/wp-json\/wp\/v2\/media?parent=1620"}],"curies":[{"name":"wp","href":"https:\/\/api.w.org\/{rel}","templated":true}]}}