{"id":1628,"date":"2024-01-07T13:41:17","date_gmt":"2024-01-07T13:41:17","guid":{"rendered":"https:\/\/www.modocu.com\/produkte\/schnittstellen\/"},"modified":"2024-11-01T13:34:29","modified_gmt":"2024-11-01T13:34:29","slug":"rozhrani","status":"publish","type":"product","link":"https:\/\/www.modocu.com\/cs\/produkty\/rozhrani\/","title":{"rendered":"Bezprobl\u00e9mov\u00e1 integrace pro zv\u00fd\u0161en\u00ed efektivity prost\u0159ednictv\u00edm na\u0161eho otev\u0159en\u00e9ho rozhran\u00ed (API)"},"content":{"rendered":"\n<div class=\"wp-block-group is-content-justification-center is-nowrap is-layout-flex wp-container-core-group-is-layout-94bc23d7 wp-block-group-is-layout-flex\">\n<figure class=\"wp-block-image size-large is-resized\"><img loading=\"lazy\" decoding=\"async\" width=\"1024\" height=\"543\" src=\"https:\/\/www.modocu.com\/app\/uploads\/2024\/01\/2013-Logo-Juprowa-2360x1252-1-1024x543.jpg\" alt=\"\" class=\"wp-image-1755\" style=\"width:178px;height:auto\" srcset=\"https:\/\/www.modocu.com\/app\/uploads\/2024\/01\/2013-Logo-Juprowa-2360x1252-1-1024x543.jpg 1024w, https:\/\/www.modocu.com\/app\/uploads\/2024\/01\/2013-Logo-Juprowa-2360x1252-1-300x159.jpg 300w, https:\/\/www.modocu.com\/app\/uploads\/2024\/01\/2013-Logo-Juprowa-2360x1252-1-768x407.jpg 768w, https:\/\/www.modocu.com\/app\/uploads\/2024\/01\/2013-Logo-Juprowa-2360x1252-1.jpg 1085w\" sizes=\"auto, (max-width: 1024px) 100vw, 1024px\" \/><\/figure>\n\n\n\n<figure class=\"wp-block-image size-full is-resized\"><img loading=\"lazy\" decoding=\"async\" width=\"3165\" height=\"1134\" src=\"https:\/\/www.modocu.com\/app\/uploads\/2024\/01\/adminIQ-Logo_cmyk_pos_rgb.png\" alt=\"\" class=\"wp-image-1218\" style=\"width:251px;height:auto\" srcset=\"https:\/\/www.modocu.com\/app\/uploads\/2024\/01\/adminIQ-Logo_cmyk_pos_rgb.png 3165w, https:\/\/www.modocu.com\/app\/uploads\/2024\/01\/adminIQ-Logo_cmyk_pos_rgb-300x107.png 300w, https:\/\/www.modocu.com\/app\/uploads\/2024\/01\/adminIQ-Logo_cmyk_pos_rgb-1024x367.png 1024w, https:\/\/www.modocu.com\/app\/uploads\/2024\/01\/adminIQ-Logo_cmyk_pos_rgb-768x275.png 768w, https:\/\/www.modocu.com\/app\/uploads\/2024\/01\/adminIQ-Logo_cmyk_pos_rgb-1536x550.png 1536w, https:\/\/www.modocu.com\/app\/uploads\/2024\/01\/adminIQ-Logo_cmyk_pos_rgb-2048x734.png 2048w\" sizes=\"auto, (max-width: 3165px) 100vw, 3165px\" \/><\/figure>\n\n\n\n<figure class=\"wp-block-image size-large is-resized\"><img loading=\"lazy\" decoding=\"async\" width=\"1024\" height=\"318\" src=\"https:\/\/www.modocu.com\/app\/uploads\/2024\/01\/Smartbricks-2-1024x318.png\" alt=\"\" class=\"wp-image-1743\" style=\"width:396px;height:auto\" srcset=\"https:\/\/www.modocu.com\/app\/uploads\/2024\/01\/Smartbricks-2-1024x318.png 1024w, https:\/\/www.modocu.com\/app\/uploads\/2024\/01\/Smartbricks-2-300x93.png 300w, https:\/\/www.modocu.com\/app\/uploads\/2024\/01\/Smartbricks-2-768x239.png 768w, https:\/\/www.modocu.com\/app\/uploads\/2024\/01\/Smartbricks-2.png 1332w\" sizes=\"auto, (max-width: 1024px) 100vw, 1024px\" \/><\/figure>\n<\/div>\n\n\n\n<p>Objevte je\u0161t\u011b efektivn\u011bj\u0161\u00ed zp\u016fsob pr\u00e1ce s na\u0161\u00edm softwarem prost\u0159ednictv\u00edm na\u0161eho st\u00e1vaj\u00edc\u00edho rozhran\u00ed (API). Mo\u017enostem propojen\u00ed Modocu s jin\u00fdmi softwarov\u00fdmi \u0159e\u0161en\u00edmi p\u0159ikl\u00e1d\u00e1me velk\u00fd v\u00fdznam a za t\u00edmto \u00fa\u010delem jsme ji\u017e nav\u00e1zali partnerstv\u00ed s renomovan\u00fdmi softwarov\u00fdmi spole\u010dnostmi. D\u00edky t\u011bmto integrac\u00edm je v\u00e1\u0161 zp\u016fsob pr\u00e1ce je\u0161t\u011b efektivn\u011bj\u0161\u00ed, proto\u017ee m\u016f\u017eete p\u0159\u00edmo vyu\u017e\u00edvat nejlep\u0161\u00ed funkce v\u0161ech \u0159e\u0161en\u00ed. Zjist\u011bte v\u00edce o na\u0161ich rozmanit\u00fdch mo\u017enostech rozhran\u00ed a usnadn\u011bte si cestu k hladk\u00e9mu a integrovan\u00e9mu vyu\u017e\u00edv\u00e1n\u00ed softwaru.<\/p>\n","protected":false},"template":"","class_list":["post-1628","product","type-product","status-publish","hentry"],"acf":[],"yoast_head":"<!-- This site is optimized with the Yoast SEO plugin v27.2 - https:\/\/yoast.com\/product\/yoast-seo-wordpress\/ -->\n<title>Bezprobl\u00e9mov\u00e1 integrace pro zv\u00fd\u0161en\u00ed efektivity prost\u0159ednictv\u00edm na\u0161eho otev\u0159en\u00e9ho rozhran\u00ed (API) - Modocu - Fotodokumentation f\u00fcr die Baustelle und vor Ort<\/title>\n<meta name=\"robots\" content=\"index, follow, max-snippet:-1, max-image-preview:large, max-video-preview:-1\" \/>\n<link rel=\"canonical\" href=\"https:\/\/www.modocu.com\/cs\/produkte\/rozhrani\/\" \/>\n<meta property=\"og:locale\" content=\"cs_CZ\" \/>\n<meta property=\"og:type\" content=\"article\" \/>\n<meta property=\"og:title\" content=\"Bezprobl\u00e9mov\u00e1 integrace pro zv\u00fd\u0161en\u00ed efektivity prost\u0159ednictv\u00edm na\u0161eho otev\u0159en\u00e9ho rozhran\u00ed (API) - Modocu - Fotodokumentation f\u00fcr die Baustelle und vor Ort\" \/>\n<meta property=\"og:description\" content=\"Objevte je\u0161t\u011b efektivn\u011bj\u0161\u00ed zp\u016fsob pr\u00e1ce s na\u0161\u00edm softwarem prost\u0159ednictv\u00edm na\u0161eho st\u00e1vaj\u00edc\u00edho rozhran\u00ed (API). Mo\u017enostem propojen\u00ed Modocu s jin\u00fdmi softwarov\u00fdmi \u0159e\u0161en\u00edmi p\u0159ikl\u00e1d\u00e1me velk\u00fd v\u00fdznam a za t\u00edmto \u00fa\u010delem jsme ji\u017e nav\u00e1zali partnerstv\u00ed s renomovan\u00fdmi softwarov\u00fdmi spole\u010dnostmi. D\u00edky t\u011bmto integrac\u00edm je v\u00e1\u0161 zp\u016fsob pr\u00e1ce je\u0161t\u011b efektivn\u011bj\u0161\u00ed, proto\u017ee m\u016f\u017eete p\u0159\u00edmo vyu\u017e\u00edvat nejlep\u0161\u00ed funkce v\u0161ech \u0159e\u0161en\u00ed. Zjist\u011bte v\u00edce o &hellip; Continued\" \/>\n<meta property=\"og:url\" content=\"https:\/\/www.modocu.com\/cs\/produkte\/rozhrani\/\" \/>\n<meta property=\"og:site_name\" content=\"Modocu - Fotodokumentation f\u00fcr die Baustelle und vor Ort\" \/>\n<meta property=\"article:publisher\" content=\"https:\/\/www.facebook.com\/modocusoft\/\" \/>\n<meta property=\"article:modified_time\" content=\"2024-11-01T13:34:29+00:00\" \/>\n<meta property=\"og:image\" content=\"https:\/\/www.modocu.com\/app\/uploads\/2024\/01\/2013-Logo-Juprowa-2360x1252-1-1024x543.jpg\" \/>\n<meta name=\"twitter:card\" content=\"summary_large_image\" \/>\n<meta name=\"twitter:label1\" content=\"Est. reading time\" \/>\n\t<meta name=\"twitter:data1\" content=\"1 minute\" \/>\n<script type=\"application\/ld+json\" class=\"yoast-schema-graph\">{\"@context\":\"https:\/\/schema.org\",\"@graph\":[{\"@type\":\"WebPage\",\"@id\":\"https:\/\/www.modocu.com\/cs\/produkte\/rozhrani\/\",\"url\":\"https:\/\/www.modocu.com\/cs\/produkte\/rozhrani\/\",\"name\":\"Bezprobl\u00e9mov\u00e1 integrace pro zv\u00fd\u0161en\u00ed efektivity prost\u0159ednictv\u00edm na\u0161eho otev\u0159en\u00e9ho rozhran\u00ed (API) - Modocu - Fotodokumentation f\u00fcr die Baustelle und vor Ort\",\"isPartOf\":{\"@id\":\"https:\/\/www.modocu.com\/#website\"},\"primaryImageOfPage\":{\"@id\":\"https:\/\/www.modocu.com\/cs\/produkte\/rozhrani\/#primaryimage\"},\"image\":{\"@id\":\"https:\/\/www.modocu.com\/cs\/produkte\/rozhrani\/#primaryimage\"},\"thumbnailUrl\":\"https:\/\/www.modocu.com\/app\/uploads\/2024\/01\/2013-Logo-Juprowa-2360x1252-1-1024x543.jpg\",\"datePublished\":\"2024-01-07T13:41:17+00:00\",\"dateModified\":\"2024-11-01T13:34:29+00:00\",\"breadcrumb\":{\"@id\":\"https:\/\/www.modocu.com\/cs\/produkte\/rozhrani\/#breadcrumb\"},\"inLanguage\":\"cs-CZ\",\"potentialAction\":[{\"@type\":\"ReadAction\",\"target\":[\"https:\/\/www.modocu.com\/cs\/produkte\/rozhrani\/\"]}]},{\"@type\":\"ImageObject\",\"inLanguage\":\"cs-CZ\",\"@id\":\"https:\/\/www.modocu.com\/cs\/produkte\/rozhrani\/#primaryimage\",\"url\":\"https:\/\/www.modocu.com\/app\/uploads\/2024\/01\/2013-Logo-Juprowa-2360x1252-1-1024x543.jpg\",\"contentUrl\":\"https:\/\/www.modocu.com\/app\/uploads\/2024\/01\/2013-Logo-Juprowa-2360x1252-1-1024x543.jpg\"},{\"@type\":\"BreadcrumbList\",\"@id\":\"https:\/\/www.modocu.com\/cs\/produkte\/rozhrani\/#breadcrumb\",\"itemListElement\":[{\"@type\":\"ListItem\",\"position\":1,\"name\":\"Startseite\",\"item\":\"https:\/\/www.modocu.com\/cs\/\"},{\"@type\":\"ListItem\",\"position\":2,\"name\":\"Produkte\",\"item\":\"https:\/\/www.modocu.com\/en\/products\/\"},{\"@type\":\"ListItem\",\"position\":3,\"name\":\"Bezprobl\u00e9mov\u00e1 integrace pro zv\u00fd\u0161en\u00ed efektivity prost\u0159ednictv\u00edm na\u0161eho otev\u0159en\u00e9ho rozhran\u00ed (API)\"}]},{\"@type\":\"WebSite\",\"@id\":\"https:\/\/www.modocu.com\/#website\",\"url\":\"https:\/\/www.modocu.com\/\",\"name\":\"Modocu - Fotodokumentation f\u00fcr die Baustelle und vor Ort\",\"description\":\"\",\"publisher\":{\"@id\":\"https:\/\/www.modocu.com\/#organization\"},\"potentialAction\":[{\"@type\":\"SearchAction\",\"target\":{\"@type\":\"EntryPoint\",\"urlTemplate\":\"https:\/\/www.modocu.com\/?s={search_term_string}\"},\"query-input\":{\"@type\":\"PropertyValueSpecification\",\"valueRequired\":true,\"valueName\":\"search_term_string\"}}],\"inLanguage\":\"cs-CZ\"},{\"@type\":\"Organization\",\"@id\":\"https:\/\/www.modocu.com\/#organization\",\"name\":\"Modocu - Fotodokumentation f\u00fcr die Baustelle und vor Ort\",\"url\":\"https:\/\/www.modocu.com\/\",\"logo\":{\"@type\":\"ImageObject\",\"inLanguage\":\"cs-CZ\",\"@id\":\"https:\/\/www.modocu.com\/#\/schema\/logo\/image\/\",\"url\":\"https:\/\/www.modocu.com\/app\/uploads\/2024\/08\/final-logo.svg\",\"contentUrl\":\"https:\/\/www.modocu.com\/app\/uploads\/2024\/08\/final-logo.svg\",\"width\":1,\"height\":1,\"caption\":\"Modocu - Fotodokumentation f\u00fcr die Baustelle und vor Ort\"},\"image\":{\"@id\":\"https:\/\/www.modocu.com\/#\/schema\/logo\/image\/\"},\"sameAs\":[\"https:\/\/www.facebook.com\/modocusoft\/\",\"https:\/\/www.linkedin.com\/company\/modocu\/\",\"https:\/\/www.instagram.com\/modocu_software\/\",\"https:\/\/www.youtube.com\/channel\/UCZ5Frx3PR0PoL4ep-M4ULSA\"]}]}<\/script>\n<!-- \/ Yoast SEO plugin. -->","yoast_head_json":{"title":"Bezprobl\u00e9mov\u00e1 integrace pro zv\u00fd\u0161en\u00ed efektivity prost\u0159ednictv\u00edm na\u0161eho otev\u0159en\u00e9ho rozhran\u00ed (API) - Modocu - Fotodokumentation f\u00fcr die Baustelle und vor Ort","robots":{"index":"index","follow":"follow","max-snippet":"max-snippet:-1","max-image-preview":"max-image-preview:large","max-video-preview":"max-video-preview:-1"},"canonical":"https:\/\/www.modocu.com\/cs\/produkte\/rozhrani\/","og_locale":"cs_CZ","og_type":"article","og_title":"Bezprobl\u00e9mov\u00e1 integrace pro zv\u00fd\u0161en\u00ed efektivity prost\u0159ednictv\u00edm na\u0161eho otev\u0159en\u00e9ho rozhran\u00ed (API) - Modocu - Fotodokumentation f\u00fcr die Baustelle und vor Ort","og_description":"Objevte je\u0161t\u011b efektivn\u011bj\u0161\u00ed zp\u016fsob pr\u00e1ce s na\u0161\u00edm softwarem prost\u0159ednictv\u00edm na\u0161eho st\u00e1vaj\u00edc\u00edho rozhran\u00ed (API). Mo\u017enostem propojen\u00ed Modocu s jin\u00fdmi softwarov\u00fdmi \u0159e\u0161en\u00edmi p\u0159ikl\u00e1d\u00e1me velk\u00fd v\u00fdznam a za t\u00edmto \u00fa\u010delem jsme ji\u017e nav\u00e1zali partnerstv\u00ed s renomovan\u00fdmi softwarov\u00fdmi spole\u010dnostmi. D\u00edky t\u011bmto integrac\u00edm je v\u00e1\u0161 zp\u016fsob pr\u00e1ce je\u0161t\u011b efektivn\u011bj\u0161\u00ed, proto\u017ee m\u016f\u017eete p\u0159\u00edmo vyu\u017e\u00edvat nejlep\u0161\u00ed funkce v\u0161ech \u0159e\u0161en\u00ed. Zjist\u011bte v\u00edce o &hellip; Continued","og_url":"https:\/\/www.modocu.com\/cs\/produkte\/rozhrani\/","og_site_name":"Modocu - Fotodokumentation f\u00fcr die Baustelle und vor Ort","article_publisher":"https:\/\/www.facebook.com\/modocusoft\/","article_modified_time":"2024-11-01T13:34:29+00:00","og_image":[{"url":"https:\/\/www.modocu.com\/app\/uploads\/2024\/01\/2013-Logo-Juprowa-2360x1252-1-1024x543.jpg","type":"","width":"","height":""}],"twitter_card":"summary_large_image","twitter_misc":{"Est. reading time":"1 minute"},"schema":{"@context":"https:\/\/schema.org","@graph":[{"@type":"WebPage","@id":"https:\/\/www.modocu.com\/cs\/produkte\/rozhrani\/","url":"https:\/\/www.modocu.com\/cs\/produkte\/rozhrani\/","name":"Bezprobl\u00e9mov\u00e1 integrace pro zv\u00fd\u0161en\u00ed efektivity prost\u0159ednictv\u00edm na\u0161eho otev\u0159en\u00e9ho rozhran\u00ed (API) - Modocu - Fotodokumentation f\u00fcr die Baustelle und vor Ort","isPartOf":{"@id":"https:\/\/www.modocu.com\/#website"},"primaryImageOfPage":{"@id":"https:\/\/www.modocu.com\/cs\/produkte\/rozhrani\/#primaryimage"},"image":{"@id":"https:\/\/www.modocu.com\/cs\/produkte\/rozhrani\/#primaryimage"},"thumbnailUrl":"https:\/\/www.modocu.com\/app\/uploads\/2024\/01\/2013-Logo-Juprowa-2360x1252-1-1024x543.jpg","datePublished":"2024-01-07T13:41:17+00:00","dateModified":"2024-11-01T13:34:29+00:00","breadcrumb":{"@id":"https:\/\/www.modocu.com\/cs\/produkte\/rozhrani\/#breadcrumb"},"inLanguage":"cs-CZ","potentialAction":[{"@type":"ReadAction","target":["https:\/\/www.modocu.com\/cs\/produkte\/rozhrani\/"]}]},{"@type":"ImageObject","inLanguage":"cs-CZ","@id":"https:\/\/www.modocu.com\/cs\/produkte\/rozhrani\/#primaryimage","url":"https:\/\/www.modocu.com\/app\/uploads\/2024\/01\/2013-Logo-Juprowa-2360x1252-1-1024x543.jpg","contentUrl":"https:\/\/www.modocu.com\/app\/uploads\/2024\/01\/2013-Logo-Juprowa-2360x1252-1-1024x543.jpg"},{"@type":"BreadcrumbList","@id":"https:\/\/www.modocu.com\/cs\/produkte\/rozhrani\/#breadcrumb","itemListElement":[{"@type":"ListItem","position":1,"name":"Startseite","item":"https:\/\/www.modocu.com\/cs\/"},{"@type":"ListItem","position":2,"name":"Produkte","item":"https:\/\/www.modocu.com\/en\/products\/"},{"@type":"ListItem","position":3,"name":"Bezprobl\u00e9mov\u00e1 integrace pro zv\u00fd\u0161en\u00ed efektivity prost\u0159ednictv\u00edm na\u0161eho otev\u0159en\u00e9ho rozhran\u00ed (API)"}]},{"@type":"WebSite","@id":"https:\/\/www.modocu.com\/#website","url":"https:\/\/www.modocu.com\/","name":"Modocu - Fotodokumentation f\u00fcr die Baustelle und vor Ort","description":"","publisher":{"@id":"https:\/\/www.modocu.com\/#organization"},"potentialAction":[{"@type":"SearchAction","target":{"@type":"EntryPoint","urlTemplate":"https:\/\/www.modocu.com\/?s={search_term_string}"},"query-input":{"@type":"PropertyValueSpecification","valueRequired":true,"valueName":"search_term_string"}}],"inLanguage":"cs-CZ"},{"@type":"Organization","@id":"https:\/\/www.modocu.com\/#organization","name":"Modocu - Fotodokumentation f\u00fcr die Baustelle und vor Ort","url":"https:\/\/www.modocu.com\/","logo":{"@type":"ImageObject","inLanguage":"cs-CZ","@id":"https:\/\/www.modocu.com\/#\/schema\/logo\/image\/","url":"https:\/\/www.modocu.com\/app\/uploads\/2024\/08\/final-logo.svg","contentUrl":"https:\/\/www.modocu.com\/app\/uploads\/2024\/08\/final-logo.svg","width":1,"height":1,"caption":"Modocu - Fotodokumentation f\u00fcr die Baustelle und vor Ort"},"image":{"@id":"https:\/\/www.modocu.com\/#\/schema\/logo\/image\/"},"sameAs":["https:\/\/www.facebook.com\/modocusoft\/","https:\/\/www.linkedin.com\/company\/modocu\/","https:\/\/www.instagram.com\/modocu_software\/","https:\/\/www.youtube.com\/channel\/UCZ5Frx3PR0PoL4ep-M4ULSA"]}]}},"_links":{"self":[{"href":"https:\/\/www.modocu.com\/cs\/wp-json\/wp\/v2\/product\/1628","targetHints":{"allow":["GET"]}}],"collection":[{"href":"https:\/\/www.modocu.com\/cs\/wp-json\/wp\/v2\/product"}],"about":[{"href":"https:\/\/www.modocu.com\/cs\/wp-json\/wp\/v2\/types\/product"}],"wp:attachment":[{"href":"https:\/\/www.modocu.com\/cs\/wp-json\/wp\/v2\/media?parent=1628"}],"curies":[{"name":"wp","href":"https:\/\/api.w.org\/{rel}","templated":true}]}}