{"id":1633,"date":"2024-01-07T13:42:46","date_gmt":"2024-01-07T13:42:46","guid":{"rendered":"https:\/\/www.modocu.com\/produkte\/partner\/"},"modified":"2024-09-11T10:22:08","modified_gmt":"2024-09-11T10:22:08","slug":"partnery","status":"publish","type":"product","link":"https:\/\/www.modocu.com\/cs\/produkty\/partnery\/","title":{"rendered":"Siln\u00ed spole\u010dn\u011b &#8211; exkluzivn\u00ed partnerstv\u00ed ve v\u00e1\u0161 prosp\u011bch"},"content":{"rendered":"\n<div class=\"wp-block-group is-content-justification-center is-nowrap is-layout-flex wp-container-core-group-is-layout-94bc23d7 wp-block-group-is-layout-flex\">\n<figure class=\"wp-block-image size-large is-resized\"><img loading=\"lazy\" decoding=\"async\" width=\"1024\" height=\"239\" src=\"https:\/\/www.modocu.com\/app\/uploads\/2024\/01\/Sonepar-logo-RGB_Tagline-min-1024x239.png\" alt=\"\" class=\"wp-image-955\" style=\"width:344px;height:auto\" srcset=\"https:\/\/www.modocu.com\/app\/uploads\/2024\/01\/Sonepar-logo-RGB_Tagline-min-1024x239.png 1024w, https:\/\/www.modocu.com\/app\/uploads\/2024\/01\/Sonepar-logo-RGB_Tagline-min-300x70.png 300w, https:\/\/www.modocu.com\/app\/uploads\/2024\/01\/Sonepar-logo-RGB_Tagline-min-768x179.png 768w, https:\/\/www.modocu.com\/app\/uploads\/2024\/01\/Sonepar-logo-RGB_Tagline-min-1536x359.png 1536w, https:\/\/www.modocu.com\/app\/uploads\/2024\/01\/Sonepar-logo-RGB_Tagline-min.png 1588w\" sizes=\"auto, (max-width: 1024px) 100vw, 1024px\" \/><\/figure>\n\n\n\n<div style=\"height:100px;width:40px\" aria-hidden=\"true\" class=\"wp-block-spacer wp-container-content-28f0cd9b\"><\/div>\n\n\n\n<figure class=\"wp-block-image size-large is-resized\"><img loading=\"lazy\" decoding=\"async\" width=\"1024\" height=\"205\" src=\"https:\/\/www.modocu.com\/app\/uploads\/2024\/01\/Holter_4c_grau-min-1024x205.png\" alt=\"\" class=\"wp-image-956\" style=\"width:345px;height:auto\" srcset=\"https:\/\/www.modocu.com\/app\/uploads\/2024\/01\/Holter_4c_grau-min-1024x205.png 1024w, https:\/\/www.modocu.com\/app\/uploads\/2024\/01\/Holter_4c_grau-min-300x60.png 300w, https:\/\/www.modocu.com\/app\/uploads\/2024\/01\/Holter_4c_grau-min-768x153.png 768w, https:\/\/www.modocu.com\/app\/uploads\/2024\/01\/Holter_4c_grau-min.png 1171w\" sizes=\"auto, (max-width: 1024px) 100vw, 1024px\" \/><\/figure>\n<\/div>\n\n\n\n<p>Objevte v\u00fdhody na\u0161ich obchodn\u00edch partnerstv\u00ed, v r\u00e1mci kter\u00fdch v\u00e1m n\u00e1\u0161 software nab\u00edzej\u00ed vybran\u00e9 spole\u010dnosti\/partne\u0159i v\u00fdhradn\u011b pro ur\u010dit\u00e1 odv\u011btv\u00ed. My se soust\u0159ed\u00edme na to, abychom v\u00e1m poskytovali prvot\u0159\u00eddn\u00ed \u0159e\u0161en\u00ed, zat\u00edmco na\u0161i partne\u0159i n\u00e1s podporuj\u00ed na stran\u011b prodeje. Zjist\u011bte v\u00edce o t\u00e9to jedine\u010dn\u00e9 spolupr\u00e1ci a o tom, jak ji m\u016f\u017eete vyu\u017e\u00edt ke zv\u00fd\u0161en\u00ed efektivity sv\u00fdch obchodn\u00edch proces\u016f.<\/p>\n","protected":false},"template":"","class_list":["post-1633","product","type-product","status-publish","hentry"],"acf":[],"yoast_head":"<!-- This site is optimized with the Yoast SEO plugin v27.2 - https:\/\/yoast.com\/product\/yoast-seo-wordpress\/ -->\n<title>Siln\u00ed spole\u010dn\u011b - exkluzivn\u00ed partnerstv\u00ed ve v\u00e1\u0161 prosp\u011bch - Modocu - Fotodokumentation f\u00fcr die Baustelle und vor Ort<\/title>\n<meta name=\"robots\" content=\"index, follow, max-snippet:-1, max-image-preview:large, max-video-preview:-1\" \/>\n<link rel=\"canonical\" href=\"https:\/\/www.modocu.com\/cs\/produkte\/partnery\/\" \/>\n<meta property=\"og:locale\" content=\"cs_CZ\" \/>\n<meta property=\"og:type\" content=\"article\" \/>\n<meta property=\"og:title\" content=\"Siln\u00ed spole\u010dn\u011b - exkluzivn\u00ed partnerstv\u00ed ve v\u00e1\u0161 prosp\u011bch - Modocu - Fotodokumentation f\u00fcr die Baustelle und vor Ort\" \/>\n<meta property=\"og:description\" content=\"Objevte v\u00fdhody na\u0161ich obchodn\u00edch partnerstv\u00ed, v r\u00e1mci kter\u00fdch v\u00e1m n\u00e1\u0161 software nab\u00edzej\u00ed vybran\u00e9 spole\u010dnosti\/partne\u0159i v\u00fdhradn\u011b pro ur\u010dit\u00e1 odv\u011btv\u00ed. My se soust\u0159ed\u00edme na to, abychom v\u00e1m poskytovali prvot\u0159\u00eddn\u00ed \u0159e\u0161en\u00ed, zat\u00edmco na\u0161i partne\u0159i n\u00e1s podporuj\u00ed na stran\u011b prodeje. Zjist\u011bte v\u00edce o t\u00e9to jedine\u010dn\u00e9 spolupr\u00e1ci a o tom, jak ji m\u016f\u017eete vyu\u017e\u00edt ke zv\u00fd\u0161en\u00ed efektivity sv\u00fdch obchodn\u00edch proces\u016f.\" \/>\n<meta property=\"og:url\" content=\"https:\/\/www.modocu.com\/cs\/produkte\/partnery\/\" \/>\n<meta property=\"og:site_name\" content=\"Modocu - Fotodokumentation f\u00fcr die Baustelle und vor Ort\" \/>\n<meta property=\"article:publisher\" content=\"https:\/\/www.facebook.com\/modocusoft\/\" \/>\n<meta property=\"article:modified_time\" content=\"2024-09-11T10:22:08+00:00\" \/>\n<meta property=\"og:image\" content=\"https:\/\/www.modocu.com\/app\/uploads\/2024\/01\/Sonepar-logo-RGB_Tagline-min-1024x239.png\" \/>\n<meta name=\"twitter:card\" content=\"summary_large_image\" \/>\n<meta name=\"twitter:label1\" content=\"Est. reading time\" \/>\n\t<meta name=\"twitter:data1\" content=\"1 minute\" \/>\n<script type=\"application\/ld+json\" class=\"yoast-schema-graph\">{\"@context\":\"https:\/\/schema.org\",\"@graph\":[{\"@type\":\"WebPage\",\"@id\":\"https:\/\/www.modocu.com\/cs\/produkte\/partnery\/\",\"url\":\"https:\/\/www.modocu.com\/cs\/produkte\/partnery\/\",\"name\":\"Siln\u00ed spole\u010dn\u011b - exkluzivn\u00ed partnerstv\u00ed ve v\u00e1\u0161 prosp\u011bch - Modocu - Fotodokumentation f\u00fcr die Baustelle und vor Ort\",\"isPartOf\":{\"@id\":\"https:\/\/www.modocu.com\/#website\"},\"primaryImageOfPage\":{\"@id\":\"https:\/\/www.modocu.com\/cs\/produkte\/partnery\/#primaryimage\"},\"image\":{\"@id\":\"https:\/\/www.modocu.com\/cs\/produkte\/partnery\/#primaryimage\"},\"thumbnailUrl\":\"https:\/\/www.modocu.com\/app\/uploads\/2024\/01\/Sonepar-logo-RGB_Tagline-min-1024x239.png\",\"datePublished\":\"2024-01-07T13:42:46+00:00\",\"dateModified\":\"2024-09-11T10:22:08+00:00\",\"breadcrumb\":{\"@id\":\"https:\/\/www.modocu.com\/cs\/produkte\/partnery\/#breadcrumb\"},\"inLanguage\":\"cs-CZ\",\"potentialAction\":[{\"@type\":\"ReadAction\",\"target\":[\"https:\/\/www.modocu.com\/cs\/produkte\/partnery\/\"]}]},{\"@type\":\"ImageObject\",\"inLanguage\":\"cs-CZ\",\"@id\":\"https:\/\/www.modocu.com\/cs\/produkte\/partnery\/#primaryimage\",\"url\":\"https:\/\/www.modocu.com\/app\/uploads\/2024\/01\/Sonepar-logo-RGB_Tagline-min-1024x239.png\",\"contentUrl\":\"https:\/\/www.modocu.com\/app\/uploads\/2024\/01\/Sonepar-logo-RGB_Tagline-min-1024x239.png\"},{\"@type\":\"BreadcrumbList\",\"@id\":\"https:\/\/www.modocu.com\/cs\/produkte\/partnery\/#breadcrumb\",\"itemListElement\":[{\"@type\":\"ListItem\",\"position\":1,\"name\":\"Startseite\",\"item\":\"https:\/\/www.modocu.com\/cs\/\"},{\"@type\":\"ListItem\",\"position\":2,\"name\":\"Produkte\",\"item\":\"https:\/\/www.modocu.com\/en\/products\/\"},{\"@type\":\"ListItem\",\"position\":3,\"name\":\"Siln\u00ed spole\u010dn\u011b &#8211; exkluzivn\u00ed partnerstv\u00ed ve v\u00e1\u0161 prosp\u011bch\"}]},{\"@type\":\"WebSite\",\"@id\":\"https:\/\/www.modocu.com\/#website\",\"url\":\"https:\/\/www.modocu.com\/\",\"name\":\"Modocu - Fotodokumentation f\u00fcr die Baustelle und vor Ort\",\"description\":\"\",\"publisher\":{\"@id\":\"https:\/\/www.modocu.com\/#organization\"},\"potentialAction\":[{\"@type\":\"SearchAction\",\"target\":{\"@type\":\"EntryPoint\",\"urlTemplate\":\"https:\/\/www.modocu.com\/?s={search_term_string}\"},\"query-input\":{\"@type\":\"PropertyValueSpecification\",\"valueRequired\":true,\"valueName\":\"search_term_string\"}}],\"inLanguage\":\"cs-CZ\"},{\"@type\":\"Organization\",\"@id\":\"https:\/\/www.modocu.com\/#organization\",\"name\":\"Modocu - Fotodokumentation f\u00fcr die Baustelle und vor Ort\",\"url\":\"https:\/\/www.modocu.com\/\",\"logo\":{\"@type\":\"ImageObject\",\"inLanguage\":\"cs-CZ\",\"@id\":\"https:\/\/www.modocu.com\/#\/schema\/logo\/image\/\",\"url\":\"https:\/\/www.modocu.com\/app\/uploads\/2024\/08\/final-logo.svg\",\"contentUrl\":\"https:\/\/www.modocu.com\/app\/uploads\/2024\/08\/final-logo.svg\",\"width\":1,\"height\":1,\"caption\":\"Modocu - Fotodokumentation f\u00fcr die Baustelle und vor Ort\"},\"image\":{\"@id\":\"https:\/\/www.modocu.com\/#\/schema\/logo\/image\/\"},\"sameAs\":[\"https:\/\/www.facebook.com\/modocusoft\/\",\"https:\/\/www.linkedin.com\/company\/modocu\/\",\"https:\/\/www.instagram.com\/modocu_software\/\",\"https:\/\/www.youtube.com\/channel\/UCZ5Frx3PR0PoL4ep-M4ULSA\"]}]}<\/script>\n<!-- \/ Yoast SEO plugin. -->","yoast_head_json":{"title":"Siln\u00ed spole\u010dn\u011b - exkluzivn\u00ed partnerstv\u00ed ve v\u00e1\u0161 prosp\u011bch - Modocu - Fotodokumentation f\u00fcr die Baustelle und vor Ort","robots":{"index":"index","follow":"follow","max-snippet":"max-snippet:-1","max-image-preview":"max-image-preview:large","max-video-preview":"max-video-preview:-1"},"canonical":"https:\/\/www.modocu.com\/cs\/produkte\/partnery\/","og_locale":"cs_CZ","og_type":"article","og_title":"Siln\u00ed spole\u010dn\u011b - exkluzivn\u00ed partnerstv\u00ed ve v\u00e1\u0161 prosp\u011bch - Modocu - Fotodokumentation f\u00fcr die Baustelle und vor Ort","og_description":"Objevte v\u00fdhody na\u0161ich obchodn\u00edch partnerstv\u00ed, v r\u00e1mci kter\u00fdch v\u00e1m n\u00e1\u0161 software nab\u00edzej\u00ed vybran\u00e9 spole\u010dnosti\/partne\u0159i v\u00fdhradn\u011b pro ur\u010dit\u00e1 odv\u011btv\u00ed. My se soust\u0159ed\u00edme na to, abychom v\u00e1m poskytovali prvot\u0159\u00eddn\u00ed \u0159e\u0161en\u00ed, zat\u00edmco na\u0161i partne\u0159i n\u00e1s podporuj\u00ed na stran\u011b prodeje. Zjist\u011bte v\u00edce o t\u00e9to jedine\u010dn\u00e9 spolupr\u00e1ci a o tom, jak ji m\u016f\u017eete vyu\u017e\u00edt ke zv\u00fd\u0161en\u00ed efektivity sv\u00fdch obchodn\u00edch proces\u016f.","og_url":"https:\/\/www.modocu.com\/cs\/produkte\/partnery\/","og_site_name":"Modocu - Fotodokumentation f\u00fcr die Baustelle und vor Ort","article_publisher":"https:\/\/www.facebook.com\/modocusoft\/","article_modified_time":"2024-09-11T10:22:08+00:00","og_image":[{"url":"https:\/\/www.modocu.com\/app\/uploads\/2024\/01\/Sonepar-logo-RGB_Tagline-min-1024x239.png","type":"","width":"","height":""}],"twitter_card":"summary_large_image","twitter_misc":{"Est. reading time":"1 minute"},"schema":{"@context":"https:\/\/schema.org","@graph":[{"@type":"WebPage","@id":"https:\/\/www.modocu.com\/cs\/produkte\/partnery\/","url":"https:\/\/www.modocu.com\/cs\/produkte\/partnery\/","name":"Siln\u00ed spole\u010dn\u011b - exkluzivn\u00ed partnerstv\u00ed ve v\u00e1\u0161 prosp\u011bch - Modocu - Fotodokumentation f\u00fcr die Baustelle und vor Ort","isPartOf":{"@id":"https:\/\/www.modocu.com\/#website"},"primaryImageOfPage":{"@id":"https:\/\/www.modocu.com\/cs\/produkte\/partnery\/#primaryimage"},"image":{"@id":"https:\/\/www.modocu.com\/cs\/produkte\/partnery\/#primaryimage"},"thumbnailUrl":"https:\/\/www.modocu.com\/app\/uploads\/2024\/01\/Sonepar-logo-RGB_Tagline-min-1024x239.png","datePublished":"2024-01-07T13:42:46+00:00","dateModified":"2024-09-11T10:22:08+00:00","breadcrumb":{"@id":"https:\/\/www.modocu.com\/cs\/produkte\/partnery\/#breadcrumb"},"inLanguage":"cs-CZ","potentialAction":[{"@type":"ReadAction","target":["https:\/\/www.modocu.com\/cs\/produkte\/partnery\/"]}]},{"@type":"ImageObject","inLanguage":"cs-CZ","@id":"https:\/\/www.modocu.com\/cs\/produkte\/partnery\/#primaryimage","url":"https:\/\/www.modocu.com\/app\/uploads\/2024\/01\/Sonepar-logo-RGB_Tagline-min-1024x239.png","contentUrl":"https:\/\/www.modocu.com\/app\/uploads\/2024\/01\/Sonepar-logo-RGB_Tagline-min-1024x239.png"},{"@type":"BreadcrumbList","@id":"https:\/\/www.modocu.com\/cs\/produkte\/partnery\/#breadcrumb","itemListElement":[{"@type":"ListItem","position":1,"name":"Startseite","item":"https:\/\/www.modocu.com\/cs\/"},{"@type":"ListItem","position":2,"name":"Produkte","item":"https:\/\/www.modocu.com\/en\/products\/"},{"@type":"ListItem","position":3,"name":"Siln\u00ed spole\u010dn\u011b &#8211; exkluzivn\u00ed partnerstv\u00ed ve v\u00e1\u0161 prosp\u011bch"}]},{"@type":"WebSite","@id":"https:\/\/www.modocu.com\/#website","url":"https:\/\/www.modocu.com\/","name":"Modocu - Fotodokumentation f\u00fcr die Baustelle und vor Ort","description":"","publisher":{"@id":"https:\/\/www.modocu.com\/#organization"},"potentialAction":[{"@type":"SearchAction","target":{"@type":"EntryPoint","urlTemplate":"https:\/\/www.modocu.com\/?s={search_term_string}"},"query-input":{"@type":"PropertyValueSpecification","valueRequired":true,"valueName":"search_term_string"}}],"inLanguage":"cs-CZ"},{"@type":"Organization","@id":"https:\/\/www.modocu.com\/#organization","name":"Modocu - Fotodokumentation f\u00fcr die Baustelle und vor Ort","url":"https:\/\/www.modocu.com\/","logo":{"@type":"ImageObject","inLanguage":"cs-CZ","@id":"https:\/\/www.modocu.com\/#\/schema\/logo\/image\/","url":"https:\/\/www.modocu.com\/app\/uploads\/2024\/08\/final-logo.svg","contentUrl":"https:\/\/www.modocu.com\/app\/uploads\/2024\/08\/final-logo.svg","width":1,"height":1,"caption":"Modocu - Fotodokumentation f\u00fcr die Baustelle und vor Ort"},"image":{"@id":"https:\/\/www.modocu.com\/#\/schema\/logo\/image\/"},"sameAs":["https:\/\/www.facebook.com\/modocusoft\/","https:\/\/www.linkedin.com\/company\/modocu\/","https:\/\/www.instagram.com\/modocu_software\/","https:\/\/www.youtube.com\/channel\/UCZ5Frx3PR0PoL4ep-M4ULSA"]}]}},"_links":{"self":[{"href":"https:\/\/www.modocu.com\/cs\/wp-json\/wp\/v2\/product\/1633","targetHints":{"allow":["GET"]}}],"collection":[{"href":"https:\/\/www.modocu.com\/cs\/wp-json\/wp\/v2\/product"}],"about":[{"href":"https:\/\/www.modocu.com\/cs\/wp-json\/wp\/v2\/types\/product"}],"wp:attachment":[{"href":"https:\/\/www.modocu.com\/cs\/wp-json\/wp\/v2\/media?parent=1633"}],"curies":[{"name":"wp","href":"https:\/\/api.w.org\/{rel}","templated":true}]}}